{"id":54,"date":"2021-03-08T11:51:14","date_gmt":"2021-03-08T14:51:14","guid":{"rendered":"https:\/\/admpg.com.br\/2024\/?page_id=54"},"modified":"2021-03-08T11:51:14","modified_gmt":"2021-03-08T14:51:14","slug":"sobre","status":"publish","type":"page","link":"https:\/\/admpg.com.br\/2024\/sobre\/","title":{"rendered":"Sobre"},"content":{"rendered":"<p>Congresso Internacional de Administra\u00e7\u00e3o \u00e9 um evento de natureza acad\u00eamico-empresarial que tem como objetivos tornar conhecidas as pesquisas em Administra\u00e7\u00e3o e \u00e1reas correlatas tais como Engenharia de Produ\u00e7\u00e3o, Contabilidade e Economia, incentivando acad\u00eamicos de Inicia\u00e7\u00e3o Cient\u00edfica e pesquisadores a continuarem sua caminhada no aprofundamento das pesquisas; colocar seus resultados \u00e0 disposi\u00e7\u00e3o dos empres\u00e1rios nacionais para a integra\u00e7\u00e3o ensino-pesquisa aplica\u00e7\u00e3o pr\u00e1tica dos resultados da investiga\u00e7\u00e3o na economia global.<\/p>\n<p>ADM &#8211; Congresso Internacional de Administra\u00e7\u00e3o<\/p>\n<p>Objetivo Geral<\/p>\n<p>Promover o enriquecimento do capital intelectual de professores, pesquisadores, acad\u00eamicos, empres\u00e1rios e profissionais ligados \u00e0s diversas \u00e1reas do campo da Administra\u00e7\u00e3o, como: Opera\u00e7\u00f5es (Produ\u00e7\u00e3o\/Log\u00edstica), Comercial (Marketing\/Vendas), Recursos Humanos, Finan\u00e7as, Administrativo, Inform\u00e1tica, e \u00e1reas correlatas tais como Engenharia de Produ\u00e7\u00e3o, Contabilidade e Economia, possibilitando e incentivando a troca de experi\u00eancias.<\/p>\n<p>Objetivos Espec\u00edficos<\/p>\n<p>&#8211; Facilitar o acesso aos temas mais atuais na \u00e1rea de gest\u00e3o nas diversas \u00e1reas organizacionais atrav\u00e9s de palestras t\u00e9cnicas com profissionais reconhecidos nacionalmente e internacionalmente;<\/p>\n<p>&#8211; Viabilizar a troca de experi\u00eancias e a aquisi\u00e7\u00e3o de informa\u00e7\u00f5es, troca de experi\u00eancias e a aquisi\u00e7\u00e3o de informa\u00e7\u00f5es;<\/p>\n<p>&#8211; Promover reflex\u00f5es de ordem cient\u00edfica e t\u00e9cnica, favor\u00e1veis \u00e0 constru\u00e7\u00e3o das pr\u00e1ticas pedag\u00f3gicas e de gest\u00e3o;<\/p>\n<p>&#8211; Estimular a produ\u00e7\u00e3o de trabalhos cient\u00edficos e processos inovadores que propulsionem a pesquisa e o desenvolvimento intelectual;<\/p>\n<p>&#8211; Propagar a informa\u00e7\u00e3o por meio de recursos que facilitem a divulga\u00e7\u00e3o dos trabalhos cient\u00edficos e processos inovadores nas seguintes \u00e1reas tem\u00e1ticas.<\/p>\n","protected":false},"excerpt":{"rendered":"<p>Congresso Internacional de Administra\u00e7\u00e3o \u00e9 um evento de natureza acad\u00eamico-empresarial que tem como objetivos tornar conhecidas as pesquisas em Administra\u00e7\u00e3o e \u00e1reas correlatas tais como Engenharia de Produ\u00e7\u00e3o, Contabilidade e Economia, incentivando acad\u00eamicos de Inicia\u00e7\u00e3o Cient\u00edfica e pesquisadores a continuarem sua caminhada no aprofundamento das pesquisas; colocar seus resultados \u00e0 disposi\u00e7\u00e3o dos empres\u00e1rios nacionais para [&hellip;]<\/p>\n","protected":false},"author":1,"featured_media":0,"parent":0,"menu_order":0,"comment_status":"closed","ping_status":"closed","template":"","meta":{"site-sidebar-layout":"default","site-content-layout":"default","ast-site-content-layout":"","site-content-style":"default","site-sidebar-style":"default","ast-global-header-display":"","ast-banner-title-visibility":"","ast-main-header-display":"","ast-hfb-above-header-display":"","ast-hfb-below-header-display":"","ast-hfb-mobile-header-display":"","site-post-title":"","ast-breadcrumbs-content":"","ast-featured-img":"","footer-sml-layout":"","theme-transparent-header-meta":"default","adv-header-id-meta":"","stick-header-meta":"","header-above-stick-meta":"","header-main-stick-meta":"","header-below-stick-meta":"","astra-migrate-meta-layouts":"default","ast-page-background-enabled":"default","ast-page-background-meta":{"desktop":{"background-color":"","background-image":"","background-repeat":"repeat","background-position":"center center","background-size":"auto","background-attachment":"scroll","background-type":"","background-media":"","overlay-type":"","overlay-color":"","overlay-gradient":""},"tablet":{"background-color":"","background-image":"","background-repeat":"repeat","background-position":"center center","background-size":"auto","background-attachment":"scroll","background-type":"","background-media":"","overlay-type":"","overlay-color":"","overlay-gradient":""},"mobile":{"background-color":"","background-image":"","background-repeat":"repeat","background-position":"center center","background-size":"auto","background-attachment":"scroll","background-type":"","background-media":"","overlay-type":"","overlay-color":"","overlay-gradient":""}},"ast-content-background-meta":{"desktop":{"background-color":"var(--ast-global-color-5)","background-image":"","background-repeat":"repeat","background-position":"center center","background-size":"auto","background-attachment":"scroll","background-type":"","background-media":"","overlay-type":"","overlay-color":"","overlay-gradient":""},"tablet":{"background-color":"var(--ast-global-color-5)","background-image":"","background-repeat":"repeat","background-position":"center center","background-size":"auto","background-attachment":"scroll","background-type":"","background-media":"","overlay-type":"","overlay-color":"","overlay-gradient":""},"mobile":{"background-color":"var(--ast-global-color-5)","background-image":"","background-repeat":"repeat","background-position":"center center","background-size":"auto","background-attachment":"scroll","background-type":"","background-media":"","overlay-type":"","overlay-color":"","overlay-gradient":""}},"footnotes":""},"class_list":["post-54","page","type-page","status-publish","hentry"],"yoast_head":"<!-- This site is optimized with the Yoast SEO plugin v18.9 - https:\/\/yoast.com\/wordpress\/plugins\/seo\/ -->\n<title>Sobre - Congresso Internacional de Administra\u00e7\u00e3o - ADM 2024<\/title>\n<meta name=\"robots\" content=\"index, follow, max-snippet:-1, max-image-preview:large, max-video-preview:-1\" \/>\n<link rel=\"canonical\" href=\"https:\/\/admpg.com.br\/2024\/sobre\/\" \/>\n<meta property=\"og:locale\" content=\"pt_BR\" \/>\n<meta property=\"og:type\" content=\"article\" \/>\n<meta property=\"og:title\" content=\"Sobre - Congresso Internacional de Administra\u00e7\u00e3o - ADM 2024\" \/>\n<meta property=\"og:description\" content=\"Congresso Internacional de Administra\u00e7\u00e3o \u00e9 um evento de natureza acad\u00eamico-empresarial que tem como objetivos tornar conhecidas as pesquisas em Administra\u00e7\u00e3o e \u00e1reas correlatas tais como Engenharia de Produ\u00e7\u00e3o, Contabilidade e Economia, incentivando acad\u00eamicos de Inicia\u00e7\u00e3o Cient\u00edfica e pesquisadores a continuarem sua caminhada no aprofundamento das pesquisas; colocar seus resultados \u00e0 disposi\u00e7\u00e3o dos empres\u00e1rios nacionais para [&hellip;]\" \/>\n<meta property=\"og:url\" content=\"https:\/\/admpg.com.br\/2024\/sobre\/\" \/>\n<meta property=\"og:site_name\" content=\"Congresso Internacional de Administra\u00e7\u00e3o - ADM 2024\" \/>\n<meta name=\"twitter:card\" content=\"summary_large_image\" \/>\n<meta name=\"twitter:label1\" content=\"Est. tempo de leitura\" \/>\n\t<meta name=\"twitter:data1\" content=\"1 minuto\" \/>\n<script type=\"application\/ld+json\" class=\"yoast-schema-graph\">{\"@context\":\"https:\/\/schema.org\",\"@graph\":[{\"@type\":\"WebSite\",\"@id\":\"https:\/\/admpg.com.br\/2024\/#website\",\"url\":\"https:\/\/admpg.com.br\/2024\/\",\"name\":\"Congresso Internacional de Administra\u00e7\u00e3o - ADM 2024\",\"description\":\"ADM 2024\",\"potentialAction\":[{\"@type\":\"SearchAction\",\"target\":{\"@type\":\"EntryPoint\",\"urlTemplate\":\"https:\/\/admpg.com.br\/2024\/?s={search_term_string}\"},\"query-input\":\"required name=search_term_string\"}],\"inLanguage\":\"pt-BR\"},{\"@type\":\"WebPage\",\"@id\":\"https:\/\/admpg.com.br\/2024\/sobre\/#webpage\",\"url\":\"https:\/\/admpg.com.br\/2024\/sobre\/\",\"name\":\"Sobre - Congresso Internacional de Administra\u00e7\u00e3o - ADM 2024\",\"isPartOf\":{\"@id\":\"https:\/\/admpg.com.br\/2024\/#website\"},\"datePublished\":\"2021-03-08T14:51:14+00:00\",\"dateModified\":\"2021-03-08T14:51:14+00:00\",\"breadcrumb\":{\"@id\":\"https:\/\/admpg.com.br\/2024\/sobre\/#breadcrumb\"},\"inLanguage\":\"pt-BR\",\"potentialAction\":[{\"@type\":\"ReadAction\",\"target\":[\"https:\/\/admpg.com.br\/2024\/sobre\/\"]}]},{\"@type\":\"BreadcrumbList\",\"@id\":\"https:\/\/admpg.com.br\/2024\/sobre\/#breadcrumb\",\"itemListElement\":[{\"@type\":\"ListItem\",\"position\":1,\"name\":\"In\u00edcio\",\"item\":\"https:\/\/admpg.com.br\/2024\/\"},{\"@type\":\"ListItem\",\"position\":2,\"name\":\"Sobre\"}]}]}<\/script>\n<!-- \/ Yoast SEO plugin. -->","yoast_head_json":{"title":"Sobre - Congresso Internacional de Administra\u00e7\u00e3o - ADM 2024","robots":{"index":"index","follow":"follow","max-snippet":"max-snippet:-1","max-image-preview":"max-image-preview:large","max-video-preview":"max-video-preview:-1"},"canonical":"https:\/\/admpg.com.br\/2024\/sobre\/","og_locale":"pt_BR","og_type":"article","og_title":"Sobre - Congresso Internacional de Administra\u00e7\u00e3o - ADM 2024","og_description":"Congresso Internacional de Administra\u00e7\u00e3o \u00e9 um evento de natureza acad\u00eamico-empresarial que tem como objetivos tornar conhecidas as pesquisas em Administra\u00e7\u00e3o e \u00e1reas correlatas tais como Engenharia de Produ\u00e7\u00e3o, Contabilidade e Economia, incentivando acad\u00eamicos de Inicia\u00e7\u00e3o Cient\u00edfica e pesquisadores a continuarem sua caminhada no aprofundamento das pesquisas; colocar seus resultados \u00e0 disposi\u00e7\u00e3o dos empres\u00e1rios nacionais para [&hellip;]","og_url":"https:\/\/admpg.com.br\/2024\/sobre\/","og_site_name":"Congresso Internacional de Administra\u00e7\u00e3o - ADM 2024","twitter_card":"summary_large_image","twitter_misc":{"Est. tempo de leitura":"1 minuto"},"schema":{"@context":"https:\/\/schema.org","@graph":[{"@type":"WebSite","@id":"https:\/\/admpg.com.br\/2024\/#website","url":"https:\/\/admpg.com.br\/2024\/","name":"Congresso Internacional de Administra\u00e7\u00e3o - ADM 2024","description":"ADM 2024","potentialAction":[{"@type":"SearchAction","target":{"@type":"EntryPoint","urlTemplate":"https:\/\/admpg.com.br\/2024\/?s={search_term_string}"},"query-input":"required name=search_term_string"}],"inLanguage":"pt-BR"},{"@type":"WebPage","@id":"https:\/\/admpg.com.br\/2024\/sobre\/#webpage","url":"https:\/\/admpg.com.br\/2024\/sobre\/","name":"Sobre - Congresso Internacional de Administra\u00e7\u00e3o - ADM 2024","isPartOf":{"@id":"https:\/\/admpg.com.br\/2024\/#website"},"datePublished":"2021-03-08T14:51:14+00:00","dateModified":"2021-03-08T14:51:14+00:00","breadcrumb":{"@id":"https:\/\/admpg.com.br\/2024\/sobre\/#breadcrumb"},"inLanguage":"pt-BR","potentialAction":[{"@type":"ReadAction","target":["https:\/\/admpg.com.br\/2024\/sobre\/"]}]},{"@type":"BreadcrumbList","@id":"https:\/\/admpg.com.br\/2024\/sobre\/#breadcrumb","itemListElement":[{"@type":"ListItem","position":1,"name":"In\u00edcio","item":"https:\/\/admpg.com.br\/2024\/"},{"@type":"ListItem","position":2,"name":"Sobre"}]}]}},"_links":{"self":[{"href":"https:\/\/admpg.com.br\/2024\/wp-json\/wp\/v2\/pages\/54","targetHints":{"allow":["GET"]}}],"collection":[{"href":"https:\/\/admpg.com.br\/2024\/wp-json\/wp\/v2\/pages"}],"about":[{"href":"https:\/\/admpg.com.br\/2024\/wp-json\/wp\/v2\/types\/page"}],"author":[{"embeddable":true,"href":"https:\/\/admpg.com.br\/2024\/wp-json\/wp\/v2\/users\/1"}],"replies":[{"embeddable":true,"href":"https:\/\/admpg.com.br\/2024\/wp-json\/wp\/v2\/comments?post=54"}],"version-history":[{"count":1,"href":"https:\/\/admpg.com.br\/2024\/wp-json\/wp\/v2\/pages\/54\/revisions"}],"predecessor-version":[{"id":55,"href":"https:\/\/admpg.com.br\/2024\/wp-json\/wp\/v2\/pages\/54\/revisions\/55"}],"wp:attachment":[{"href":"https:\/\/admpg.com.br\/2024\/wp-json\/wp\/v2\/media?parent=54"}],"curies":[{"name":"wp","href":"https:\/\/api.w.org\/{rel}","templated":true}]}}