{"id":40,"date":"2021-03-08T11:48:30","date_gmt":"2021-03-08T14:48:30","guid":{"rendered":"https:\/\/admpg.com.br\/2024\/?page_id=40"},"modified":"2024-05-07T21:31:59","modified_gmt":"2024-05-08T00:31:59","slug":"comite-gestor","status":"publish","type":"page","link":"https:\/\/admpg.com.br\/2024\/comite-gestor\/","title":{"rendered":"Comit\u00ea Gestor"},"content":{"rendered":"\r\n<p><strong>Comit\u00ea Gestor do ADM2024 \u2013 Congresso Internacional de Administra\u00e7\u00e3o<\/strong><\/p>\r\n<p><strong>Coordena\u00e7\u00e3o Geral<\/strong><br \/>Profa. Dra. Marilisa do Rocio Oliveira<\/p>\r\n<p><strong>Coordena\u00e7\u00e3o da Comiss\u00e3o Cient\u00edfica<\/strong><br \/>Prof. Dr. Luis Felippe Serpe<br \/>Profa. Dra. Rubia Carla Maier Biscaia<br \/>Profa. Dra. Leozenir Mendes Betim<\/p>\r\n<p><strong>Assessores de Coordena\u00e7\u00e3o<\/strong><br \/>Alessandro Louren\u00e7o Bueno<br \/>Andr\u00e9 Paraiso M\u00fcller<br \/>Barbara Costa Curta<br \/>Emilly Shibuta<br \/>Erick Bruno Lurman Teixeira<br \/>Everton Vieira<br \/>Giovanni Ara\u00fajo de Oliveira<br \/>Jhonathan Willian Nunes<br \/>Ketlyn Cristina Guimar\u00e3es de Almeida<br \/>Kleverson Braian Obladen Galv\u00e3o<br \/>Laura Veronez de Castro<br \/>Maria Eduarda Tabor<br \/>Maria Gabriela Ripka<br \/>Mariah Chamma Vaz<br \/>Nataly Veiga Ara\u00fajo<br \/>Nicoly Webber<br \/>Rayane Rio Branco<br \/>Saulo Carvalho do Prado<br \/>Sth\u00e9fany Daiane Woytecken<br \/>Thiago Felipe Santos<br \/>Equipe Administrativa<br \/>Lucia Helena de Oliveira<br \/>Maur\u00edcio Jos\u00e9 Kaczmarech<\/p>\r\n<p><strong>Equipe de Tradu\u00e7\u00e3o<\/strong><br \/>Cleonice Martins (espanhol)<br \/>Patricia Abud Limas (ingl\u00eas)<\/p>\r\n<p><strong>Assessorias de Marketing e Divulga\u00e7\u00e3o<\/strong><br \/>AGeventos<br \/>LZO<\/p>\r\n<p>&nbsp;<\/p>\r\n","protected":false},"excerpt":{"rendered":"<p>Comit\u00ea Gestor do ADM2024 \u2013 Congresso Internacional de Administra\u00e7\u00e3o Coordena\u00e7\u00e3o GeralProfa. Dra. Marilisa do Rocio Oliveira Coordena\u00e7\u00e3o da Comiss\u00e3o Cient\u00edficaProf. Dr. Luis Felippe SerpeProfa. Dra. Rubia Carla Maier BiscaiaProfa. Dra. Leozenir Mendes Betim Assessores de Coordena\u00e7\u00e3oAlessandro Louren\u00e7o BuenoAndr\u00e9 Paraiso M\u00fcllerBarbara Costa CurtaEmilly ShibutaErick Bruno Lurman TeixeiraEverton VieiraGiovanni Ara\u00fajo de OliveiraJhonathan Willian NunesKetlyn Cristina Guimar\u00e3es de [&hellip;]<\/p>\n","protected":false},"author":1,"featured_media":0,"parent":0,"menu_order":0,"comment_status":"closed","ping_status":"closed","template":"","meta":{"site-sidebar-layout":"default","site-content-layout":"default","ast-site-content-layout":"default","site-content-style":"default","site-sidebar-style":"default","ast-global-header-display":"","ast-banner-title-visibility":"","ast-main-header-display":"","ast-hfb-above-header-display":"","ast-hfb-below-header-display":"","ast-hfb-mobile-header-display":"","site-post-title":"","ast-breadcrumbs-content":"","ast-featured-img":"","footer-sml-layout":"","theme-transparent-header-meta":"default","adv-header-id-meta":"","stick-header-meta":"","header-above-stick-meta":"","header-main-stick-meta":"","header-below-stick-meta":"","astra-migrate-meta-layouts":"set","ast-page-background-enabled":"default","ast-page-background-meta":{"desktop":{"background-color":"","background-image":"","background-repeat":"repeat","background-position":"center center","background-size":"auto","background-attachment":"scroll","background-type":"","background-media":"","overlay-type":"","overlay-color":"","overlay-gradient":""},"tablet":{"background-color":"","background-image":"","background-repeat":"repeat","background-position":"center center","background-size":"auto","background-attachment":"scroll","background-type":"","background-media":"","overlay-type":"","overlay-color":"","overlay-gradient":""},"mobile":{"background-color":"","background-image":"","background-repeat":"repeat","background-position":"center center","background-size":"auto","background-attachment":"scroll","background-type":"","background-media":"","overlay-type":"","overlay-color":"","overlay-gradient":""}},"ast-content-background-meta":{"desktop":{"background-color":"var(--ast-global-color-5)","background-image":"","background-repeat":"repeat","background-position":"center center","background-size":"auto","background-attachment":"scroll","background-type":"","background-media":"","overlay-type":"","overlay-color":"","overlay-gradient":""},"tablet":{"background-color":"var(--ast-global-color-5)","background-image":"","background-repeat":"repeat","background-position":"center center","background-size":"auto","background-attachment":"scroll","background-type":"","background-media":"","overlay-type":"","overlay-color":"","overlay-gradient":""},"mobile":{"background-color":"var(--ast-global-color-5)","background-image":"","background-repeat":"repeat","background-position":"center center","background-size":"auto","background-attachment":"scroll","background-type":"","background-media":"","overlay-type":"","overlay-color":"","overlay-gradient":""}},"footnotes":""},"class_list":["post-40","page","type-page","status-publish","hentry"],"yoast_head":"<!-- This site is optimized with the Yoast SEO plugin v18.9 - https:\/\/yoast.com\/wordpress\/plugins\/seo\/ -->\n<title>Comit\u00ea Gestor - Congresso Internacional de Administra\u00e7\u00e3o - ADM 2024<\/title>\n<meta name=\"robots\" content=\"index, follow, max-snippet:-1, max-image-preview:large, max-video-preview:-1\" \/>\n<link rel=\"canonical\" href=\"https:\/\/admpg.com.br\/2024\/comite-gestor\/\" \/>\n<meta property=\"og:locale\" content=\"pt_BR\" \/>\n<meta property=\"og:type\" content=\"article\" \/>\n<meta property=\"og:title\" content=\"Comit\u00ea Gestor - Congresso Internacional de Administra\u00e7\u00e3o - ADM 2024\" \/>\n<meta property=\"og:description\" content=\"Comit\u00ea Gestor do ADM2024 \u2013 Congresso Internacional de Administra\u00e7\u00e3o Coordena\u00e7\u00e3o GeralProfa. Dra. Marilisa do Rocio Oliveira Coordena\u00e7\u00e3o da Comiss\u00e3o Cient\u00edficaProf. Dr. Luis Felippe SerpeProfa. Dra. Rubia Carla Maier BiscaiaProfa. Dra. Leozenir Mendes Betim Assessores de Coordena\u00e7\u00e3oAlessandro Louren\u00e7o BuenoAndr\u00e9 Paraiso M\u00fcllerBarbara Costa CurtaEmilly ShibutaErick Bruno Lurman TeixeiraEverton VieiraGiovanni Ara\u00fajo de OliveiraJhonathan Willian NunesKetlyn Cristina Guimar\u00e3es de [&hellip;]\" \/>\n<meta property=\"og:url\" content=\"https:\/\/admpg.com.br\/2024\/comite-gestor\/\" \/>\n<meta property=\"og:site_name\" content=\"Congresso Internacional de Administra\u00e7\u00e3o - ADM 2024\" \/>\n<meta property=\"article:modified_time\" content=\"2024-05-08T00:31:59+00:00\" \/>\n<meta name=\"twitter:card\" content=\"summary_large_image\" \/>\n<meta name=\"twitter:label1\" content=\"Est. tempo de leitura\" \/>\n\t<meta name=\"twitter:data1\" content=\"1 minuto\" \/>\n<script type=\"application\/ld+json\" class=\"yoast-schema-graph\">{\"@context\":\"https:\/\/schema.org\",\"@graph\":[{\"@type\":\"WebSite\",\"@id\":\"https:\/\/admpg.com.br\/2024\/#website\",\"url\":\"https:\/\/admpg.com.br\/2024\/\",\"name\":\"Congresso Internacional de Administra\u00e7\u00e3o - ADM 2024\",\"description\":\"ADM 2024\",\"potentialAction\":[{\"@type\":\"SearchAction\",\"target\":{\"@type\":\"EntryPoint\",\"urlTemplate\":\"https:\/\/admpg.com.br\/2024\/?s={search_term_string}\"},\"query-input\":\"required name=search_term_string\"}],\"inLanguage\":\"pt-BR\"},{\"@type\":\"WebPage\",\"@id\":\"https:\/\/admpg.com.br\/2024\/comite-gestor\/#webpage\",\"url\":\"https:\/\/admpg.com.br\/2024\/comite-gestor\/\",\"name\":\"Comit\u00ea Gestor - Congresso Internacional de Administra\u00e7\u00e3o - ADM 2024\",\"isPartOf\":{\"@id\":\"https:\/\/admpg.com.br\/2024\/#website\"},\"datePublished\":\"2021-03-08T14:48:30+00:00\",\"dateModified\":\"2024-05-08T00:31:59+00:00\",\"breadcrumb\":{\"@id\":\"https:\/\/admpg.com.br\/2024\/comite-gestor\/#breadcrumb\"},\"inLanguage\":\"pt-BR\",\"potentialAction\":[{\"@type\":\"ReadAction\",\"target\":[\"https:\/\/admpg.com.br\/2024\/comite-gestor\/\"]}]},{\"@type\":\"BreadcrumbList\",\"@id\":\"https:\/\/admpg.com.br\/2024\/comite-gestor\/#breadcrumb\",\"itemListElement\":[{\"@type\":\"ListItem\",\"position\":1,\"name\":\"In\u00edcio\",\"item\":\"https:\/\/admpg.com.br\/2024\/\"},{\"@type\":\"ListItem\",\"position\":2,\"name\":\"Comit\u00ea Gestor\"}]}]}<\/script>\n<!-- \/ Yoast SEO plugin. -->","yoast_head_json":{"title":"Comit\u00ea Gestor - Congresso Internacional de Administra\u00e7\u00e3o - ADM 2024","robots":{"index":"index","follow":"follow","max-snippet":"max-snippet:-1","max-image-preview":"max-image-preview:large","max-video-preview":"max-video-preview:-1"},"canonical":"https:\/\/admpg.com.br\/2024\/comite-gestor\/","og_locale":"pt_BR","og_type":"article","og_title":"Comit\u00ea Gestor - Congresso Internacional de Administra\u00e7\u00e3o - ADM 2024","og_description":"Comit\u00ea Gestor do ADM2024 \u2013 Congresso Internacional de Administra\u00e7\u00e3o Coordena\u00e7\u00e3o GeralProfa. Dra. Marilisa do Rocio Oliveira Coordena\u00e7\u00e3o da Comiss\u00e3o Cient\u00edficaProf. Dr. Luis Felippe SerpeProfa. Dra. Rubia Carla Maier BiscaiaProfa. Dra. Leozenir Mendes Betim Assessores de Coordena\u00e7\u00e3oAlessandro Louren\u00e7o BuenoAndr\u00e9 Paraiso M\u00fcllerBarbara Costa CurtaEmilly ShibutaErick Bruno Lurman TeixeiraEverton VieiraGiovanni Ara\u00fajo de OliveiraJhonathan Willian NunesKetlyn Cristina Guimar\u00e3es de [&hellip;]","og_url":"https:\/\/admpg.com.br\/2024\/comite-gestor\/","og_site_name":"Congresso Internacional de Administra\u00e7\u00e3o - ADM 2024","article_modified_time":"2024-05-08T00:31:59+00:00","twitter_card":"summary_large_image","twitter_misc":{"Est. tempo de leitura":"1 minuto"},"schema":{"@context":"https:\/\/schema.org","@graph":[{"@type":"WebSite","@id":"https:\/\/admpg.com.br\/2024\/#website","url":"https:\/\/admpg.com.br\/2024\/","name":"Congresso Internacional de Administra\u00e7\u00e3o - ADM 2024","description":"ADM 2024","potentialAction":[{"@type":"SearchAction","target":{"@type":"EntryPoint","urlTemplate":"https:\/\/admpg.com.br\/2024\/?s={search_term_string}"},"query-input":"required name=search_term_string"}],"inLanguage":"pt-BR"},{"@type":"WebPage","@id":"https:\/\/admpg.com.br\/2024\/comite-gestor\/#webpage","url":"https:\/\/admpg.com.br\/2024\/comite-gestor\/","name":"Comit\u00ea Gestor - Congresso Internacional de Administra\u00e7\u00e3o - ADM 2024","isPartOf":{"@id":"https:\/\/admpg.com.br\/2024\/#website"},"datePublished":"2021-03-08T14:48:30+00:00","dateModified":"2024-05-08T00:31:59+00:00","breadcrumb":{"@id":"https:\/\/admpg.com.br\/2024\/comite-gestor\/#breadcrumb"},"inLanguage":"pt-BR","potentialAction":[{"@type":"ReadAction","target":["https:\/\/admpg.com.br\/2024\/comite-gestor\/"]}]},{"@type":"BreadcrumbList","@id":"https:\/\/admpg.com.br\/2024\/comite-gestor\/#breadcrumb","itemListElement":[{"@type":"ListItem","position":1,"name":"In\u00edcio","item":"https:\/\/admpg.com.br\/2024\/"},{"@type":"ListItem","position":2,"name":"Comit\u00ea Gestor"}]}]}},"_links":{"self":[{"href":"https:\/\/admpg.com.br\/2024\/wp-json\/wp\/v2\/pages\/40","targetHints":{"allow":["GET"]}}],"collection":[{"href":"https:\/\/admpg.com.br\/2024\/wp-json\/wp\/v2\/pages"}],"about":[{"href":"https:\/\/admpg.com.br\/2024\/wp-json\/wp\/v2\/types\/page"}],"author":[{"embeddable":true,"href":"https:\/\/admpg.com.br\/2024\/wp-json\/wp\/v2\/users\/1"}],"replies":[{"embeddable":true,"href":"https:\/\/admpg.com.br\/2024\/wp-json\/wp\/v2\/comments?post=40"}],"version-history":[{"count":7,"href":"https:\/\/admpg.com.br\/2024\/wp-json\/wp\/v2\/pages\/40\/revisions"}],"predecessor-version":[{"id":1310,"href":"https:\/\/admpg.com.br\/2024\/wp-json\/wp\/v2\/pages\/40\/revisions\/1310"}],"wp:attachment":[{"href":"https:\/\/admpg.com.br\/2024\/wp-json\/wp\/v2\/media?parent=40"}],"curies":[{"name":"wp","href":"https:\/\/api.w.org\/{rel}","templated":true}]}}