{"id":357,"date":"2021-10-07T21:29:02","date_gmt":"2021-10-08T00:29:02","guid":{"rendered":"https:\/\/admpg.com.br\/2024\/?page_id=357"},"modified":"2024-08-26T21:00:40","modified_gmt":"2024-08-27T00:00:40","slug":"apresentacao-dos-trabalhos-online","status":"publish","type":"page","link":"https:\/\/admpg.com.br\/2024\/apresentacao-dos-trabalhos-online\/","title":{"rendered":"Apresenta\u00e7\u00e3o dos Trabalhos (ONLINE)"},"content":{"rendered":"<p>Caros Autores,\u00a0 agradecemos por considerarem o ADM 2024 para enviar seus trabalhos.<\/p>\n<p>Este ano o Congresso ser\u00e1 realizado presencialmente em Ponta Grossa-PR, entre os dias 25 e 28 de setembro, por\u00e9m a apresenta\u00e7\u00e3o dos trabalhos cient\u00edficos permanecer\u00e3o online atrav\u00e9s da nossa plataforma de eventos.<\/p>\n<h1>Orienta\u00e7\u00f5es de Apresenta\u00e7\u00e3o<\/h1>\n<p>Nesta edi\u00e7\u00e3o, ser\u00e3o mantidas as apresenta\u00e7\u00f5es dos artigos selecionados de forma online pela plataforma disponibilizada pelo evento.<\/p>\n<p>As apresenta\u00e7\u00f5es n\u00e3o ser\u00e3o obrigat\u00f3rias, por\u00e9m os autores que a apresentarem online, far\u00e3o jus ao certificado de apresenta\u00e7\u00e3o, constando o nome de todos os autores.<\/p>\n<p>A apresenta\u00e7\u00e3o online ter\u00e1 uma dura\u00e7\u00e3o de at\u00e9 15 minutos e dever\u00e1 ser <strong>GRAVADA.<\/strong><\/p>\n<p>Voc\u00ea dever\u00e1 seguir os seguintes passos:<\/p>\n<ol>\n<li>Trabalho est\u00e1 aprovado? Pague sua inscri\u00e7\u00e3o at\u00e9 <strong>05\/09<\/strong> e ent\u00e3o ser\u00e1 liberada a op\u00e7\u00e3o APRESENTA\u00c7\u00c3O dentro do sistema do evento.\n<ul>\n<li style=\"list-style-type: none;\">\n<ul>\n<li>Para PAGAMENTO VIA PIX, siga as seguintes orienta\u00e7\u00f5es:\n<ul>\n<li>Abra o aplicativo do seu banco no celular.<\/li>\n<li>Selecione a op\u00e7\u00e3o de pagamento via PIX.<\/li>\n<li>Escolha a op\u00e7\u00e3o de pagamento por telefone.]<\/li>\n<li>Insira o n\u00famero do telefone para o PIX: 51 99978-9621.<\/li>\n<li>Insira o valor a ser pago.<\/li>\n<li>Confirme a transa\u00e7\u00e3o.<\/li>\n<li>Envie o Comprovante:<\/li>\n<li>Ap\u00f3s realizar o pagamento, salve o comprovante da transa\u00e7\u00e3o.<\/li>\n<li>Envie o comprovante para o email: ageventos@ageventos.com.br.<\/li>\n<\/ul>\n<\/li>\n<li>Confirma\u00e7\u00e3o da Baixa no Sistema:\n<ul>\n<li>A equipe da AG Eventos realizar\u00e1 a baixa manual do seu pagamento no sistema ap\u00f3s a confirma\u00e7\u00e3o do recebimento do comprovante.<\/li>\n<li>Se tiver qualquer d\u00favida ou precisar de assist\u00eancia, entre em contato com nosso suporte atrav\u00e9s do email ageventos@ageventos.com.br ou pelo telefone 51 9 8081-1732.<\/li>\n<\/ul>\n<\/li>\n<\/ul>\n<\/li>\n<\/ul>\n<\/li>\n<li>Selecione at\u00e9 dia <strong>15\/09\/2024<\/strong>\u00a0se voc\u00ea deseja apresentar seu trabalho. Voc\u00ea deve realizar a op\u00e7\u00e3o para cada trabalho aprovado<br \/>\nAqueles que n\u00e3o selecionar a op\u00e7\u00e3o at\u00e9 <strong>15\/09\/2024, <\/strong>ser\u00e1 considerado que n\u00e3o ir\u00e1 apresentar no evento.<\/li>\n<li>Realize a grava\u00e7\u00e3o do seu trabalho, seguindo o modelo de slides do evento e n\u00e3o ultrapassando 15 minutos.<\/li>\n<li>Realize o upload da sua apresenta\u00e7\u00e3o no Youtube, na sua pr\u00f3pria conta e canal.<\/li>\n<li>Copie o link do v\u00eddeo no Youtube e envie pelo sistema do Evento at\u00e9 o dia <strong>22\/09\/2024.<\/strong><\/li>\n<li>Durante os dias do evento haver\u00e1 uma \u00e1rea espec\u00edfica com seu trabalho, bem como um chat para que voc\u00ea possa interagir com as pessoas que assistirem seu trabalho, esse chat ficar\u00e1 gravado e voc\u00ea poder\u00e1 acessar em qualquer momento durante o evento e interagir, respondendo poss\u00edveis d\u00favidas.<\/li>\n<\/ol>\n<h2><strong>MODELO DE APRESENTA\u00c7\u00c3O:<\/strong><\/h2>\n<p>O autor deve elaborar apresenta\u00e7\u00e3o do artigo no Power Point, conforme modelo disponibilizado no site.<\/p>\n<p><a href=\"https:\/\/admpg.com.br\/2024\/wp-content\/uploads\/2024\/08\/ADM-2024-Modelo-para-Slides-1.pptx\"><strong>DOWNLOAD DO MODELO DE SLIDE PARA APRESENTA\u00c7\u00c3O<\/strong><\/a><\/p>\n<p>A apresenta\u00e7\u00e3o do artigo dever\u00e1 ser feita por qualquer um dos autores.<\/p>\n<h2><strong>GRAVA\u00c7\u00c3O DA APRESENTA\u00c7\u00c3O:<\/strong><\/h2>\n<p>Disponibilizamos aqui algumas informa\u00e7\u00f5es para explicar e alinhar o formato de apresenta\u00e7\u00e3o do seu trabalho.<\/p>\n<p>Ser\u00e1 poss\u00edvel realizar sua apresenta\u00e7\u00e3o atrav\u00e9s de V\u00cdDEO GRAVADO.<\/p>\n<p>Voc\u00ea dever\u00e1 gravar a apresenta\u00e7\u00e3o do seu trabalho em at\u00e9 15 minutos e nos enviar essa grava\u00e7\u00e3o via sistema at\u00e9 o dia <strong>22\/09\/2024.<\/strong><\/p>\n<p>Sugerimos que utilize os slides de apresenta\u00e7\u00e3o e grave sua webcam em conjunto, veja a imagem abaixo:<\/p>\n<p><img fetchpriority=\"high\" decoding=\"async\" class=\"size-medium wp-image-359 aligncenter\" src=\"https:\/\/admpg.com.br\/2024\/wp-content\/uploads\/2021\/10\/1-300x169.jpg\" alt=\"\" width=\"300\" height=\"169\" srcset=\"https:\/\/admpg.com.br\/2024\/wp-content\/uploads\/2021\/10\/1-300x169.jpg 300w, https:\/\/admpg.com.br\/2024\/wp-content\/uploads\/2021\/10\/1-1024x576.jpg 1024w, https:\/\/admpg.com.br\/2024\/wp-content\/uploads\/2021\/10\/1-768x432.jpg 768w, https:\/\/admpg.com.br\/2024\/wp-content\/uploads\/2021\/10\/1.jpg 1297w\" sizes=\"(max-width: 300px) 100vw, 300px\" \/><\/p>\n<p>Voc\u00ea pode utilizar a ferramenta de sua prefer\u00eancia, por\u00e9m recomendamos que utilize ferramentas como o PowerPoint ou ScreenCast O Matic.<\/p>\n<p>Veja os v\u00eddeos tutoriais do Professor Albino de como realizar isso:<\/p>\n<p>Produ\u00e7\u00e3o de videoaulas &#8211; Gravando uma videoaula com o PowerPoint <a href=\"https:\/\/youtu.be\/z6k9HYOgewc\">https:\/\/youtu.be\/z6k9HYOgewc<\/a><\/p>\n<p>Produ\u00e7\u00e3o de videoaulas &#8211; Gravando a tela do computador com o Screencast-O-Matic <a href=\"https:\/\/youtu.be\/ICJGeV1Fadk\">https:\/\/youtu.be\/ICJGeV1Fadk<\/a><\/p>\n<p>Produ\u00e7\u00e3o de videoaulas &#8211; Gravando v\u00eddeo, slide, \u00e1udio, tela do computador com o ActivePresenter &#8211; <a href=\"https:\/\/youtu.be\/oOwE-WlRS-M\">https:\/\/youtu.be\/oOwE-WlRS-M<\/a><\/p>\n<h2><strong>DISPONIBILIZA\u00c7\u00c3O DA GRAVA\u00c7\u00c3O DA APRESENTA\u00c7\u00c3O NA PLATAFORMA DO EVENTO:<\/strong><\/h2>\n<p>Ap\u00f3s realizar a grava\u00e7\u00e3o, voc\u00ea dever\u00e1 REALIZAR O UPLOAD da sua apresenta\u00e7\u00e3o no YouTube e ent\u00e3o enviar via PLATAFORMA DO EVENTO o link do v\u00eddeo, sugerimos que deixe como LINK OCULTO.<\/p>\n<p>Esses v\u00eddeos pr\u00e9 gravados ser\u00e3o disponibilizados durante o evento, atrav\u00e9s do ambiente do EVENTO, possibilitando que os participantes assistam e interajam atrav\u00e9s de chats durante todo o dia. Voc\u00ea dever\u00e1 acessar durante os dias do evento, respondendo as d\u00favidas que forem postadas no chat do seu v\u00eddeo.<\/p>\n<p><strong>Os v\u00eddeos dever\u00e3o ser adicionados no Sistema do ADM 2024 at\u00e9 o dia 22\/09.<\/strong><\/p>\n","protected":false},"excerpt":{"rendered":"<p>Caros Autores,\u00a0 agradecemos por considerarem o ADM 2024 para enviar seus trabalhos. Este ano o Congresso ser\u00e1 realizado presencialmente em Ponta Grossa-PR, entre os dias 25 e 28 de setembro, por\u00e9m a apresenta\u00e7\u00e3o dos trabalhos cient\u00edficos permanecer\u00e3o online atrav\u00e9s da nossa plataforma de eventos. Orienta\u00e7\u00f5es de Apresenta\u00e7\u00e3o Nesta edi\u00e7\u00e3o, ser\u00e3o mantidas as apresenta\u00e7\u00f5es dos artigos [&hellip;]<\/p>\n","protected":false},"author":1,"featured_media":0,"parent":0,"menu_order":0,"comment_status":"closed","ping_status":"closed","template":"","meta":{"site-sidebar-layout":"no-sidebar","site-content-layout":"default","ast-site-content-layout":"default","site-content-style":"default","site-sidebar-style":"default","ast-global-header-display":"","ast-banner-title-visibility":"","ast-main-header-display":"","ast-hfb-above-header-display":"","ast-hfb-below-header-display":"","ast-hfb-mobile-header-display":"","site-post-title":"","ast-breadcrumbs-content":"","ast-featured-img":"","footer-sml-layout":"","theme-transparent-header-meta":"default","adv-header-id-meta":"","stick-header-meta":"","header-above-stick-meta":"","header-main-stick-meta":"","header-below-stick-meta":"","astra-migrate-meta-layouts":"set","ast-page-background-enabled":"default","ast-page-background-meta":{"desktop":{"background-color":"","background-image":"","background-repeat":"repeat","background-position":"center center","background-size":"auto","background-attachment":"scroll","background-type":"","background-media":"","overlay-type":"","overlay-color":"","overlay-gradient":""},"tablet":{"background-color":"","background-image":"","background-repeat":"repeat","background-position":"center center","background-size":"auto","background-attachment":"scroll","background-type":"","background-media":"","overlay-type":"","overlay-color":"","overlay-gradient":""},"mobile":{"background-color":"","background-image":"","background-repeat":"repeat","background-position":"center center","background-size":"auto","background-attachment":"scroll","background-type":"","background-media":"","overlay-type":"","overlay-color":"","overlay-gradient":""}},"ast-content-background-meta":{"desktop":{"background-color":"var(--ast-global-color-5)","background-image":"","background-repeat":"repeat","background-position":"center center","background-size":"auto","background-attachment":"scroll","background-type":"","background-media":"","overlay-type":"","overlay-color":"","overlay-gradient":""},"tablet":{"background-color":"var(--ast-global-color-5)","background-image":"","background-repeat":"repeat","background-position":"center center","background-size":"auto","background-attachment":"scroll","background-type":"","background-media":"","overlay-type":"","overlay-color":"","overlay-gradient":""},"mobile":{"background-color":"var(--ast-global-color-5)","background-image":"","background-repeat":"repeat","background-position":"center center","background-size":"auto","background-attachment":"scroll","background-type":"","background-media":"","overlay-type":"","overlay-color":"","overlay-gradient":""}},"footnotes":""},"class_list":["post-357","page","type-page","status-publish","hentry"],"yoast_head":"<!-- This site is optimized with the Yoast SEO plugin v18.9 - https:\/\/yoast.com\/wordpress\/plugins\/seo\/ -->\n<title>Apresenta\u00e7\u00e3o dos Trabalhos (ONLINE) - Congresso Internacional de Administra\u00e7\u00e3o - ADM 2024<\/title>\n<meta name=\"robots\" content=\"index, follow, max-snippet:-1, max-image-preview:large, max-video-preview:-1\" \/>\n<link rel=\"canonical\" href=\"https:\/\/admpg.com.br\/2024\/apresentacao-dos-trabalhos-online\/\" \/>\n<meta property=\"og:locale\" content=\"pt_BR\" \/>\n<meta property=\"og:type\" content=\"article\" \/>\n<meta property=\"og:title\" content=\"Apresenta\u00e7\u00e3o dos Trabalhos (ONLINE) - Congresso Internacional de Administra\u00e7\u00e3o - ADM 2024\" \/>\n<meta property=\"og:description\" content=\"Caros Autores,\u00a0 agradecemos por considerarem o ADM 2024 para enviar seus trabalhos. Este ano o Congresso ser\u00e1 realizado presencialmente em Ponta Grossa-PR, entre os dias 25 e 28 de setembro, por\u00e9m a apresenta\u00e7\u00e3o dos trabalhos cient\u00edficos permanecer\u00e3o online atrav\u00e9s da nossa plataforma de eventos. Orienta\u00e7\u00f5es de Apresenta\u00e7\u00e3o Nesta edi\u00e7\u00e3o, ser\u00e3o mantidas as apresenta\u00e7\u00f5es dos artigos [&hellip;]\" \/>\n<meta property=\"og:url\" content=\"https:\/\/admpg.com.br\/2024\/apresentacao-dos-trabalhos-online\/\" \/>\n<meta property=\"og:site_name\" content=\"Congresso Internacional de Administra\u00e7\u00e3o - ADM 2024\" \/>\n<meta property=\"article:modified_time\" content=\"2024-08-27T00:00:40+00:00\" \/>\n<meta property=\"og:image\" content=\"https:\/\/admpg.com.br\/2024\/wp-content\/uploads\/2021\/10\/1-300x169.jpg\" \/>\n<meta name=\"twitter:card\" content=\"summary_large_image\" \/>\n<meta name=\"twitter:label1\" content=\"Est. tempo de leitura\" \/>\n\t<meta name=\"twitter:data1\" content=\"3 minutos\" \/>\n<script type=\"application\/ld+json\" class=\"yoast-schema-graph\">{\"@context\":\"https:\/\/schema.org\",\"@graph\":[{\"@type\":\"WebSite\",\"@id\":\"https:\/\/admpg.com.br\/2024\/#website\",\"url\":\"https:\/\/admpg.com.br\/2024\/\",\"name\":\"Congresso Internacional de Administra\u00e7\u00e3o - ADM 2024\",\"description\":\"ADM 2024\",\"potentialAction\":[{\"@type\":\"SearchAction\",\"target\":{\"@type\":\"EntryPoint\",\"urlTemplate\":\"https:\/\/admpg.com.br\/2024\/?s={search_term_string}\"},\"query-input\":\"required name=search_term_string\"}],\"inLanguage\":\"pt-BR\"},{\"@type\":\"ImageObject\",\"inLanguage\":\"pt-BR\",\"@id\":\"https:\/\/admpg.com.br\/2024\/apresentacao-dos-trabalhos-online\/#primaryimage\",\"url\":\"https:\/\/admpg.com.br\/2024\/wp-content\/uploads\/2021\/10\/1.jpg\",\"contentUrl\":\"https:\/\/admpg.com.br\/2024\/wp-content\/uploads\/2021\/10\/1.jpg\",\"width\":1297,\"height\":730},{\"@type\":\"WebPage\",\"@id\":\"https:\/\/admpg.com.br\/2024\/apresentacao-dos-trabalhos-online\/#webpage\",\"url\":\"https:\/\/admpg.com.br\/2024\/apresentacao-dos-trabalhos-online\/\",\"name\":\"Apresenta\u00e7\u00e3o dos Trabalhos (ONLINE) - Congresso Internacional de Administra\u00e7\u00e3o - ADM 2024\",\"isPartOf\":{\"@id\":\"https:\/\/admpg.com.br\/2024\/#website\"},\"primaryImageOfPage\":{\"@id\":\"https:\/\/admpg.com.br\/2024\/apresentacao-dos-trabalhos-online\/#primaryimage\"},\"datePublished\":\"2021-10-08T00:29:02+00:00\",\"dateModified\":\"2024-08-27T00:00:40+00:00\",\"breadcrumb\":{\"@id\":\"https:\/\/admpg.com.br\/2024\/apresentacao-dos-trabalhos-online\/#breadcrumb\"},\"inLanguage\":\"pt-BR\",\"potentialAction\":[{\"@type\":\"ReadAction\",\"target\":[\"https:\/\/admpg.com.br\/2024\/apresentacao-dos-trabalhos-online\/\"]}]},{\"@type\":\"BreadcrumbList\",\"@id\":\"https:\/\/admpg.com.br\/2024\/apresentacao-dos-trabalhos-online\/#breadcrumb\",\"itemListElement\":[{\"@type\":\"ListItem\",\"position\":1,\"name\":\"In\u00edcio\",\"item\":\"https:\/\/admpg.com.br\/2024\/\"},{\"@type\":\"ListItem\",\"position\":2,\"name\":\"Apresenta\u00e7\u00e3o dos Trabalhos (ONLINE)\"}]}]}<\/script>\n<!-- \/ Yoast SEO plugin. -->","yoast_head_json":{"title":"Apresenta\u00e7\u00e3o dos Trabalhos (ONLINE) - Congresso Internacional de Administra\u00e7\u00e3o - ADM 2024","robots":{"index":"index","follow":"follow","max-snippet":"max-snippet:-1","max-image-preview":"max-image-preview:large","max-video-preview":"max-video-preview:-1"},"canonical":"https:\/\/admpg.com.br\/2024\/apresentacao-dos-trabalhos-online\/","og_locale":"pt_BR","og_type":"article","og_title":"Apresenta\u00e7\u00e3o dos Trabalhos (ONLINE) - Congresso Internacional de Administra\u00e7\u00e3o - ADM 2024","og_description":"Caros Autores,\u00a0 agradecemos por considerarem o ADM 2024 para enviar seus trabalhos. Este ano o Congresso ser\u00e1 realizado presencialmente em Ponta Grossa-PR, entre os dias 25 e 28 de setembro, por\u00e9m a apresenta\u00e7\u00e3o dos trabalhos cient\u00edficos permanecer\u00e3o online atrav\u00e9s da nossa plataforma de eventos. Orienta\u00e7\u00f5es de Apresenta\u00e7\u00e3o Nesta edi\u00e7\u00e3o, ser\u00e3o mantidas as apresenta\u00e7\u00f5es dos artigos [&hellip;]","og_url":"https:\/\/admpg.com.br\/2024\/apresentacao-dos-trabalhos-online\/","og_site_name":"Congresso Internacional de Administra\u00e7\u00e3o - ADM 2024","article_modified_time":"2024-08-27T00:00:40+00:00","og_image":[{"url":"https:\/\/admpg.com.br\/2024\/wp-content\/uploads\/2021\/10\/1-300x169.jpg"}],"twitter_card":"summary_large_image","twitter_misc":{"Est. tempo de leitura":"3 minutos"},"schema":{"@context":"https:\/\/schema.org","@graph":[{"@type":"WebSite","@id":"https:\/\/admpg.com.br\/2024\/#website","url":"https:\/\/admpg.com.br\/2024\/","name":"Congresso Internacional de Administra\u00e7\u00e3o - ADM 2024","description":"ADM 2024","potentialAction":[{"@type":"SearchAction","target":{"@type":"EntryPoint","urlTemplate":"https:\/\/admpg.com.br\/2024\/?s={search_term_string}"},"query-input":"required name=search_term_string"}],"inLanguage":"pt-BR"},{"@type":"ImageObject","inLanguage":"pt-BR","@id":"https:\/\/admpg.com.br\/2024\/apresentacao-dos-trabalhos-online\/#primaryimage","url":"https:\/\/admpg.com.br\/2024\/wp-content\/uploads\/2021\/10\/1.jpg","contentUrl":"https:\/\/admpg.com.br\/2024\/wp-content\/uploads\/2021\/10\/1.jpg","width":1297,"height":730},{"@type":"WebPage","@id":"https:\/\/admpg.com.br\/2024\/apresentacao-dos-trabalhos-online\/#webpage","url":"https:\/\/admpg.com.br\/2024\/apresentacao-dos-trabalhos-online\/","name":"Apresenta\u00e7\u00e3o dos Trabalhos (ONLINE) - Congresso Internacional de Administra\u00e7\u00e3o - ADM 2024","isPartOf":{"@id":"https:\/\/admpg.com.br\/2024\/#website"},"primaryImageOfPage":{"@id":"https:\/\/admpg.com.br\/2024\/apresentacao-dos-trabalhos-online\/#primaryimage"},"datePublished":"2021-10-08T00:29:02+00:00","dateModified":"2024-08-27T00:00:40+00:00","breadcrumb":{"@id":"https:\/\/admpg.com.br\/2024\/apresentacao-dos-trabalhos-online\/#breadcrumb"},"inLanguage":"pt-BR","potentialAction":[{"@type":"ReadAction","target":["https:\/\/admpg.com.br\/2024\/apresentacao-dos-trabalhos-online\/"]}]},{"@type":"BreadcrumbList","@id":"https:\/\/admpg.com.br\/2024\/apresentacao-dos-trabalhos-online\/#breadcrumb","itemListElement":[{"@type":"ListItem","position":1,"name":"In\u00edcio","item":"https:\/\/admpg.com.br\/2024\/"},{"@type":"ListItem","position":2,"name":"Apresenta\u00e7\u00e3o dos Trabalhos (ONLINE)"}]}]}},"_links":{"self":[{"href":"https:\/\/admpg.com.br\/2024\/wp-json\/wp\/v2\/pages\/357","targetHints":{"allow":["GET"]}}],"collection":[{"href":"https:\/\/admpg.com.br\/2024\/wp-json\/wp\/v2\/pages"}],"about":[{"href":"https:\/\/admpg.com.br\/2024\/wp-json\/wp\/v2\/types\/page"}],"author":[{"embeddable":true,"href":"https:\/\/admpg.com.br\/2024\/wp-json\/wp\/v2\/users\/1"}],"replies":[{"embeddable":true,"href":"https:\/\/admpg.com.br\/2024\/wp-json\/wp\/v2\/comments?post=357"}],"version-history":[{"count":9,"href":"https:\/\/admpg.com.br\/2024\/wp-json\/wp\/v2\/pages\/357\/revisions"}],"predecessor-version":[{"id":1384,"href":"https:\/\/admpg.com.br\/2024\/wp-json\/wp\/v2\/pages\/357\/revisions\/1384"}],"wp:attachment":[{"href":"https:\/\/admpg.com.br\/2024\/wp-json\/wp\/v2\/media?parent=357"}],"curies":[{"name":"wp","href":"https:\/\/api.w.org\/{rel}","templated":true}]}}