{"id":1443,"date":"2024-09-29T10:14:44","date_gmt":"2024-09-29T13:14:44","guid":{"rendered":"https:\/\/admpg.com.br\/2024\/?page_id=1443"},"modified":"2024-10-02T12:51:11","modified_gmt":"2024-10-02T15:51:11","slug":"artigos-premiados-premio-professor-sergio-escorsim-2024","status":"publish","type":"page","link":"https:\/\/admpg.com.br\/2024\/artigos-premiados-premio-professor-sergio-escorsim-2024\/","title":{"rendered":"Artigos Premiados &#8211; Pr\u00eamio Professor S\u00e9rgio Escorsim 2024"},"content":{"rendered":"<h1>Rela\u00e7\u00e3o dos Premiados do Pr\u00eamio Professor S\u00e9rgio Escorsim 2024<\/h1>\n<h2>\u00c1rea Tem\u00e1tica: Administra\u00e7\u00e3o da Informa\u00e7\u00e3o<\/h2>\n<table>\n<thead>\n<tr>\n<th>Nome do Artigo<\/th>\n<th>Autores<\/th>\n<th>Institui\u00e7\u00e3o<\/th>\n<\/tr>\n<\/thead>\n<tbody>\n<tr>\n<td data-label=\"Nome do Artigo\">1\u00ba lugar: Caracter\u00edsticas Essenciais da Governan\u00e7a de TI: Uma Revis\u00e3o Sistem\u00e1tica de Literatura<\/td>\n<td data-label=\"Autores\">Vitor Muniz dos Santos, Louisi Francis Moura<\/td>\n<td data-label=\"Institui\u00e7\u00e3o\">UTFPR \u2013 Curitiba<\/td>\n<\/tr>\n<tr>\n<td data-label=\"Nome do Artigo\">2\u00ba lugar: Algoritmos de Machine Learning para Prever o PIB das Cidades Brasileiras<\/td>\n<td data-label=\"Autores\">Aline Pacheco Prim\u00e3o, Alexandre Marino Costa<\/td>\n<td data-label=\"Institui\u00e7\u00e3o\">Universidade Federal de Santa Catarina<\/td>\n<\/tr>\n<tr>\n<td data-label=\"Nome do Artigo\">3\u00ba lugar: A Chave para Decis\u00f5es Inteligentes: Gest\u00e3o de Dados Mestres nas Organiza\u00e7\u00f5es<\/td>\n<td data-label=\"Autores\">Ulisses Douglas Morais de Oliveira<\/td>\n<td data-label=\"Institui\u00e7\u00e3o\">Universidade Federal Rural do Rio de Janeiro<\/td>\n<\/tr>\n<\/tbody>\n<\/table>\n<h2>\u00c1rea Tem\u00e1tica: Administra\u00e7\u00e3o P\u00fablica<\/h2>\n<table>\n<thead>\n<tr>\n<th>Nome do Artigo<\/th>\n<th>Autores<\/th>\n<th>Institui\u00e7\u00e3o<\/th>\n<\/tr>\n<\/thead>\n<tbody>\n<tr>\n<td data-label=\"Nome do Artigo\">1\u00ba lugar: Transpar\u00eancia P\u00fablica: An\u00e1lise dos Munic\u00edpios da Grande Vit\u00f3ria \u2013 Esp\u00edrito Santo em 2019 e 2024<\/td>\n<td data-label=\"Autores\">Etania Gave, Taciana de Lemos Dias, Janylce Rezende Gama, Rossana Mattos<\/td>\n<td data-label=\"Institui\u00e7\u00e3o\">Universidade Federal do Esp\u00edrito Santo<\/td>\n<\/tr>\n<tr>\n<td data-label=\"Nome do Artigo\">2\u00ba lugar: Os Efeitos Or\u00e7ament\u00e1rios Decorrentes da Implementa\u00e7\u00e3o do Decreto n\u00ba 9.428\/2018 nas Universidades Federais Brasileiras<\/td>\n<td data-label=\"Autores\">Luciano Deretti, Jos\u00e9 Roberto Frega<\/td>\n<td data-label=\"Institui\u00e7\u00e3o\">Universidade Federal do Paran\u00e1<\/td>\n<\/tr>\n<tr>\n<td data-label=\"Nome do Artigo\">3\u00ba lugar: Perdas N\u00e3o T\u00e9cnicas como Componente Tarif\u00e1rio &#8211; Um Estudo de Maximiza\u00e7\u00e3o<\/td>\n<td data-label=\"Autores\">Felipe Christ Volkmer, Jonatan Lautenschlager, Lucas Eduardo Vieira Martins<\/td>\n<td data-label=\"Institui\u00e7\u00e3o\">CELESC Distribui\u00e7\u00e3o AS &#8211; Florian\u00f3polis<\/td>\n<\/tr>\n<\/tbody>\n<\/table>\n<h2>\u00c1rea Tem\u00e1tica: Estudos Organizacionais<\/h2>\n<table>\n<thead>\n<tr>\n<th>Nome do Artigo<\/th>\n<th>Autores<\/th>\n<th>Institui\u00e7\u00e3o<\/th>\n<\/tr>\n<\/thead>\n<tbody>\n<tr>\n<td data-label=\"Nome do Artigo\">1\u00ba lugar: Processo Decis\u00f3rio de Policiais em Ocorr\u00eancias de Viol\u00eancia Dom\u00e9stica: Recomenda\u00e7\u00f5es a partir de um Estudo da Naturalistic Decision Making<\/td>\n<td data-label=\"Autores\">Rafael Bittencourt Riscarolli, Alisson Fernando dos Santos Mokdse, Monica C. Budni, Simone Cristina Ramos<\/td>\n<td data-label=\"Institui\u00e7\u00e3o\">UFPR &#8211; Universidade Federal do Paran\u00e1<\/td>\n<\/tr>\n<tr>\n<td data-label=\"Nome do Artigo\">2\u00ba lugar: Lideran\u00e7a, Inova\u00e7\u00e3o em Rede e Laborat\u00f3rios de Inova\u00e7\u00e3o: Uma An\u00e1lise Epistemol\u00f3gica<\/td>\n<td data-label=\"Autores\">Vicente Moreira, Solange Maria da Silva<\/td>\n<td data-label=\"Institui\u00e7\u00e3o\">CESUSC &#8211; Complexo de Ensino Superior de Santa Catarina<\/td>\n<\/tr>\n<tr>\n<td data-label=\"Nome do Artigo\">3\u00ba lugar: Empreendedorismo: Ciclo de Vida e Causas de Insucesso Organizacional<\/td>\n<td data-label=\"Autores\">Claudelir Clein, Gilson Mussi dos Reis, Arlei de Moraes, Mariane Renata Pagnan Cendron, Willian Carlos Silva Vial<\/td>\n<td data-label=\"Institui\u00e7\u00e3o\">UNISEP &#8211; Uni\u00e3o de Ensino do Sudoeste do Paran\u00e1<\/td>\n<\/tr>\n<\/tbody>\n<\/table>\n<h2>\u00c1rea Tem\u00e1tica: Ensino e Pesquisa em Administra\u00e7\u00e3o<\/h2>\n<table>\n<thead>\n<tr>\n<th>Nome do Artigo<\/th>\n<th>Autores<\/th>\n<th>Institui\u00e7\u00e3o<\/th>\n<\/tr>\n<\/thead>\n<tbody>\n<tr>\n<td data-label=\"Nome do Artigo\">1\u00ba lugar: A Utiliza\u00e7\u00e3o da Literatura de Monteiro Lobato como Estrat\u00e9gia para a Inser\u00e7\u00e3o da Tem\u00e1tica Educa\u00e7\u00e3o Ambiental nos Anos Iniciais do Ensino Fundamental<\/td>\n<td data-label=\"Autores\">Leonardo Avila Novaes, Daniel Arruda Coronel<\/td>\n<td data-label=\"Institui\u00e7\u00e3o\">UFSM &#8211; Universidade Federal de Santa Maria<\/td>\n<\/tr>\n<tr>\n<td data-label=\"Nome do Artigo\">2\u00ba lugar: Procrastina\u00e7\u00e3o e Desempenho Acad\u00eamico em Estudantes da \u00c1rea de Administra\u00e7\u00e3o P\u00fablica e Ci\u00eancias Cont\u00e1beis: Uma Revis\u00e3o Integrativa<\/td>\n<td data-label=\"Autores\">Luiz Henrique Lima Faria, Ang\u00e9lica Brand\u00e3o Rossow, Guilherme Guilhermino Neto, Rodrigo Loureiro Medeiros<\/td>\n<td data-label=\"Institui\u00e7\u00e3o\">IFES &#8211; Instituto Federal do Esp\u00edrito Santo<\/td>\n<\/tr>\n<tr>\n<td data-label=\"Nome do Artigo\">3\u00ba lugar: Pr\u00e1ticas Interdisciplinares no Ensino Superior: Um Estudo em uma Universidade Federal<\/td>\n<td data-label=\"Autores\">Ant\u00f4nio Alberto Freitas, Ana Carla Eugenio da Silva, Augusto C\u00e9zar de Aquino, Sandra Maria dos Santos<\/td>\n<td data-label=\"Institui\u00e7\u00e3o\">UFC &#8211; Universidade Federal do Cear\u00e1<\/td>\n<\/tr>\n<\/tbody>\n<\/table>\n<h2>\u00c1rea Tem\u00e1tica: Estrat\u00e9gia em Organiza\u00e7\u00f5es<\/h2>\n<table>\n<thead>\n<tr>\n<th>Nome do Artigo<\/th>\n<th>Autores<\/th>\n<th>Institui\u00e7\u00e3o<\/th>\n<\/tr>\n<\/thead>\n<tbody>\n<tr>\n<td data-label=\"Nome do Artigo\">1\u00ba lugar: Modelo de Consultoria em Environmental, Social and Governance (ESG)<\/td>\n<td data-label=\"Autores\">Luciano Trentin, Moacir Marques<\/td>\n<td data-label=\"Institui\u00e7\u00e3o\">UNIVALI &#8211; Universidade do Vale do Itaja\u00ed<\/td>\n<\/tr>\n<tr>\n<td data-label=\"Nome do Artigo\">2\u00ba lugar: Pol\u00edticas P\u00fablicas Inspiradas em Parcerias P\u00fablico-Privadas para Obten\u00e7\u00e3o de Saltos Tecnol\u00f3gicos<\/td>\n<td data-label=\"Autores\">Thaisa Pase Machado, Adriano Marcos Rodrigues Figueiredo, M\u00e1rcia Maria dos Santos Bortolocci Espejo<\/td>\n<td data-label=\"Institui\u00e7\u00e3o\">UFMS &#8211; Universidade Federal de Mato Grosso do Sul<\/td>\n<\/tr>\n<tr>\n<td data-label=\"Nome do Artigo\">3\u00ba lugar: N\u00edvel de Evidencia\u00e7\u00e3o e Legibilidade Socioambiental das Cooperativas Agropecu\u00e1rias Paranaenses<\/td>\n<td data-label=\"Autores\">Franciele Machado de Souza, F\u00e1bia Gouv\u00eaa Tomaz da Silva, Ualace Jader Gomes, Paulo C\u00e9sar Machado Lemos<\/td>\n<td data-label=\"Institui\u00e7\u00e3o\">UEPG \u2013 Universidade Estadual de Ponta Grossa<\/td>\n<\/tr>\n<\/tbody>\n<\/table>\n<h2>\u00c1rea Tem\u00e1tica: Finan\u00e7as<\/h2>\n<table>\n<thead>\n<tr>\n<th>Nome do Artigo<\/th>\n<th>Autores<\/th>\n<th>Institui\u00e7\u00e3o<\/th>\n<\/tr>\n<\/thead>\n<tbody>\n<tr>\n<td data-label=\"Nome do Artigo\">1\u00ba lugar: Finan\u00e7as Pessoais: Como a Crise da COVID-19 Transformou a Vida de Universit\u00e1rios<\/td>\n<td data-label=\"Autores\">Christine Duarte do Valle Pereira, Fillipe Pereira Alves, Ani Caroline Grigion Potrich, Ana Luiza Paraboni, K\u00e1ssia Schneider Maranh\u00e3o<\/td>\n<td data-label=\"Institui\u00e7\u00e3o\">UFSC &#8211; Universidade Federal de Santa Catarina<\/td>\n<\/tr>\n<tr>\n<td data-label=\"Nome do Artigo\">2\u00ba lugar: Uso de Algoritmo de T\u00eampera Simulada para Otimizar Portf\u00f3lio de A\u00e7\u00f5es<\/td>\n<td data-label=\"Autores\">Wagner Igarashi, Beatriz Avanzi Ecli, Deisy Cristina Corr\u00eaa Igarashi<\/td>\n<td data-label=\"Institui\u00e7\u00e3o\">UEM \u2013 Universidade Estadual de Maring\u00e1<\/td>\n<\/tr>\n<tr>\n<td data-label=\"Nome do Artigo\">3\u00ba lugar: An\u00e1lise do Custo Operacional de M\u00e1quinas Agr\u00edcolas na Regi\u00e3o dos Campos Gerais<\/td>\n<td data-label=\"Autores\">Eduardo Antonio Jaworski Flor\u00e3o, Gabriel Borsato Groff, Rudy de Barros Ahrens<\/td>\n<td data-label=\"Institui\u00e7\u00e3o\">UEPG \u2013 Universidade Estadual de Ponta Grossa<\/td>\n<\/tr>\n<\/tbody>\n<\/table>\n<h2>\u00c1rea Tem\u00e1tica: Inova\u00e7\u00e3o, Tecnologia e Empreendedorismo<\/h2>\n<table>\n<thead>\n<tr>\n<th>Nome do Artigo<\/th>\n<th>Autores<\/th>\n<th>Institui\u00e7\u00e3o<\/th>\n<\/tr>\n<\/thead>\n<tbody>\n<tr>\n<td data-label=\"Nome do Artigo\">1\u00ba lugar: Benef\u00edcios e Barreiras \u00e0 Ado\u00e7\u00e3o de Tecnologias da Casa Inteligente: Uma An\u00e1lise da Literatura<\/td>\n<td data-label=\"Autores\">Marina Battistella Luna, Paulo de Tarso Mendes Luna, Diego de Castro Fetterman, Caroline Rodrigues Vaz<\/td>\n<td data-label=\"Institui\u00e7\u00e3o\">UFSC &#8211; Universidade Federal de Santa Catarina<\/td>\n<\/tr>\n<tr>\n<td data-label=\"Nome do Artigo\">2\u00ba lugar: Um Novo Campo: O Impacto da Difus\u00e3o Tecnol\u00f3gica em uma Cooperativa Agr\u00edcola<\/td>\n<td data-label=\"Autores\">Aldo Siatkowski, Alexandre Longuim Lechinski, Myller Augusto Santos Gomes<\/td>\n<td data-label=\"Institui\u00e7\u00e3o\">UNICENTRO \u2013 Universidade Estadual do Centro Oeste<\/td>\n<\/tr>\n<tr>\n<td data-label=\"Nome do Artigo\">3\u00ba lugar: Perfil Empreendedor das Empresas do Ramo Cafeeiro do Munic\u00edpio de Divino\/MG<\/td>\n<td data-label=\"Autores\">Agatha Brugger Alves, Rawana Ketley de Souza Eliodoro, Edlaine Silva Souza, Diego J\u00falio Pacheco<\/td>\n<td data-label=\"Institui\u00e7\u00e3o\">UEMG \u2013 Universidade do Estado de Minas Gerais, UENF &#8211; Universidade Estadual do Norte Fluminense Darcy Ribeiro<\/td>\n<\/tr>\n<\/tbody>\n<\/table>\n<h2>\u00c1rea Tem\u00e1tica: Gest\u00e3o de Opera\u00e7\u00f5es e Log\u00edstica<\/h2>\n<table>\n<thead>\n<tr>\n<th>Nome do Artigo<\/th>\n<th>Autores<\/th>\n<th>Institui\u00e7\u00e3o<\/th>\n<\/tr>\n<\/thead>\n<tbody>\n<tr>\n<td data-label=\"Nome do Artigo\">1\u00ba lugar: Instrumentos de Controle de Estoque em Empresas de Caraguatatuba-SP: Um Estudo Multicaso<\/td>\n<td data-label=\"Autores\">Bruna Moreira Caselati, Roberto Costa Moraes<\/td>\n<td data-label=\"Institui\u00e7\u00e3o\">IFES &#8211; Instituto Federal Campus Caraguatatuba<\/td>\n<\/tr>\n<tr>\n<td data-label=\"Nome do Artigo\">2\u00ba lugar: Avalia\u00e7\u00e3o das Barreiras na Gest\u00e3o de Estoques do Restaurante Iguarias Cozinha do Mar utilizando o M\u00e9todo DEMATEL<\/td>\n<td data-label=\"Autores\">Daiane Branco de Jesus, Vit\u00f3ria Cavagnoli, Vicente Moreira, Juliana Cristina Gallas<\/td>\n<td data-label=\"Institui\u00e7\u00e3o\">CESUSC &#8211; Complexo de Ensino Superior de Santa Catarina<\/td>\n<\/tr>\n<tr>\n<td data-label=\"Nome do Artigo\">3\u00ba lugar: Aplica\u00e7\u00e3o do Variable Sized Bin Packing Problem para Otimiza\u00e7\u00e3o de Embalagens Log\u00edsticas: Um Caso Pr\u00e1tico em uma Empresa Fabricante de Produtos Odontol\u00f3gicos<\/td>\n<td data-label=\"Autores\">Jos\u00e9 Eduardo Pec\u00f3ra J\u00fanior, Juliano Anderson de Souza<\/td>\n<td data-label=\"Institui\u00e7\u00e3o\">UFPR \u2013 Universidade Federal do Paran\u00e1<\/td>\n<\/tr>\n<\/tbody>\n<\/table>\n<h2>\u00c1rea Tem\u00e1tica: Gest\u00e3o de Pessoas<\/h2>\n<table>\n<thead>\n<tr>\n<th>Nome do Artigo<\/th>\n<th>Autores<\/th>\n<th>Institui\u00e7\u00e3o<\/th>\n<\/tr>\n<\/thead>\n<tbody>\n<tr>\n<td data-label=\"Nome do Artigo\">1\u00ba lugar: Flexibilidade Cognitiva e Bem-Estar no Trabalho no Ambiente Universit\u00e1rio<\/td>\n<td data-label=\"Autores\">Patr\u00edcia Tais Callegari, Suzete Antonieta Lizote, Sayonara de F\u00e1tima Teston, Patrick Zawadzki<\/td>\n<td data-label=\"Institui\u00e7\u00e3o\">UNIVALI \u2013 Universidade do Vale do Itaja\u00ed, UNOESC \u2013 Universidade do Oeste de Santa Catarina<\/td>\n<\/tr>\n<tr>\n<td data-label=\"Nome do Artigo\">2\u00ba lugar: An\u00e1lise da Distin\u00e7\u00e3o da Comunica\u00e7\u00e3o e Cultura Organizacional de uma Empresa de Software de Maring\u00e1\/PR atrav\u00e9s dos Modelos de Trabalho Presencial e Teletrabalho<\/td>\n<td data-label=\"Autores\">Murilo Martinez Faccin, Augusto Cesare de Campos Soares<\/td>\n<td data-label=\"Institui\u00e7\u00e3o\">UEM \u2013 Universidade Estadual de Maring\u00e1<\/td>\n<\/tr>\n<tr>\n<td data-label=\"Nome do Artigo\">3\u00ba lugar: Relaciones Interculturales en las Empresas: Un Estudio Exploratorio desde la Perspectiva de los Empleados<\/td>\n<td data-label=\"Autores\">Jo\u00e3o Pinheiro de Barros Neto, Giselle Angelo Tanabe<\/td>\n<td data-label=\"Institui\u00e7\u00e3o\">PUC\/SP &#8211; Pontif\u00edcia Universidade Cat\u00f3lica de S\u00e3o Paulo<\/td>\n<\/tr>\n<\/tbody>\n<\/table>\n<h2>\u00c1rea Tem\u00e1tica: Marketing<\/h2>\n<table>\n<thead>\n<tr>\n<th>Nome do Artigo<\/th>\n<th>Autores<\/th>\n<th>Institui\u00e7\u00e3o<\/th>\n<\/tr>\n<\/thead>\n<tbody>\n<tr>\n<td data-label=\"Nome do Artigo\">1\u00ba lugar: O Consumo em Atividades de Aventura de Natureza a partir de uma An\u00e1lise de Correla\u00e7\u00e3o: O Caso de um Pitch por IA Perfeito<\/td>\n<td data-label=\"Autores\">Ana Elisabeth de Brito Alves, Luana Cavalcanti de Melo Ata\u00edde, Ana Cl\u00e1udia de Lima Aleixo, Shyrleide L. M. Maciel<\/td>\n<td data-label=\"Institui\u00e7\u00e3o\">UFPE &#8211; Universidade Federal de Pernambuco<\/td>\n<\/tr>\n<tr>\n<td data-label=\"Nome do Artigo\">2\u00ba lugar: Reclama\u00e7\u00f5es Online no Brasil: Uma An\u00e1lise Abrangente da Plataforma Consumidor.gov.br<\/td>\n<td data-label=\"Autores\">Leandro Divino Miranda de Oliveira, Marcos In\u00e1cio Severo de Almeida, Jussara Goulart da Silva<\/td>\n<td data-label=\"Institui\u00e7\u00e3o\">UFG &#8211; Universidade Federal de Goi\u00e1s<\/td>\n<\/tr>\n<tr>\n<td data-label=\"Nome do Artigo\">3\u00ba lugar: O Poder de Influ\u00eancia do Marketing nas Redes Sociais sobre o Consumidor Jovem<\/td>\n<td data-label=\"Autores\">Bianca Cavalcanti Netto Bastos, Clesiane de Oliveira Carvalho<\/td>\n<td data-label=\"Institui\u00e7\u00e3o\">IVJ &#8211; Instituto Vianna J\u00fanior, UFSJ &#8211; Universidade Federal de S\u00e3o Jo\u00e3o del-Rei<\/td>\n<\/tr>\n<\/tbody>\n<\/table>\n<p>&nbsp;<\/p>\n","protected":false},"excerpt":{"rendered":"<p>Rela\u00e7\u00e3o dos Premiados do Pr\u00eamio Professor S\u00e9rgio Escorsim 2024 \u00c1rea Tem\u00e1tica: Administra\u00e7\u00e3o da Informa\u00e7\u00e3o Nome do Artigo Autores Institui\u00e7\u00e3o 1\u00ba lugar: Caracter\u00edsticas Essenciais da Governan\u00e7a de TI: Uma Revis\u00e3o Sistem\u00e1tica de Literatura Vitor Muniz dos Santos, Louisi Francis Moura UTFPR \u2013 Curitiba 2\u00ba lugar: Algoritmos de Machine Learning para Prever o PIB das Cidades Brasileiras [&hellip;]<\/p>\n","protected":false},"author":1,"featured_media":0,"parent":0,"menu_order":0,"comment_status":"closed","ping_status":"closed","template":"","meta":{"site-sidebar-layout":"no-sidebar","site-content-layout":"default","ast-site-content-layout":"default","site-content-style":"default","site-sidebar-style":"default","ast-global-header-display":"","ast-banner-title-visibility":"","ast-main-header-display":"","ast-hfb-above-header-display":"","ast-hfb-below-header-display":"","ast-hfb-mobile-header-display":"","site-post-title":"","ast-breadcrumbs-content":"","ast-featured-img":"","footer-sml-layout":"","theme-transparent-header-meta":"default","adv-header-id-meta":"","stick-header-meta":"","header-above-stick-meta":"","header-main-stick-meta":"","header-below-stick-meta":"","astra-migrate-meta-layouts":"set","ast-page-background-enabled":"default","ast-page-background-meta":{"desktop":{"background-color":"","background-image":"","background-repeat":"repeat","background-position":"center center","background-size":"auto","background-attachment":"scroll","background-type":"","background-media":"","overlay-type":"","overlay-color":"","overlay-gradient":""},"tablet":{"background-color":"","background-image":"","background-repeat":"repeat","background-position":"center center","background-size":"auto","background-attachment":"scroll","background-type":"","background-media":"","overlay-type":"","overlay-color":"","overlay-gradient":""},"mobile":{"background-color":"","background-image":"","background-repeat":"repeat","background-position":"center center","background-size":"auto","background-attachment":"scroll","background-type":"","background-media":"","overlay-type":"","overlay-color":"","overlay-gradient":""}},"ast-content-background-meta":{"desktop":{"background-color":"var(--ast-global-color-5)","background-image":"","background-repeat":"repeat","background-position":"center center","background-size":"auto","background-attachment":"scroll","background-type":"","background-media":"","overlay-type":"","overlay-color":"","overlay-gradient":""},"tablet":{"background-color":"var(--ast-global-color-5)","background-image":"","background-repeat":"repeat","background-position":"center center","background-size":"auto","background-attachment":"scroll","background-type":"","background-media":"","overlay-type":"","overlay-color":"","overlay-gradient":""},"mobile":{"background-color":"var(--ast-global-color-5)","background-image":"","background-repeat":"repeat","background-position":"center center","background-size":"auto","background-attachment":"scroll","background-type":"","background-media":"","overlay-type":"","overlay-color":"","overlay-gradient":""}},"footnotes":""},"class_list":["post-1443","page","type-page","status-publish","hentry"],"yoast_head":"<!-- This site is optimized with the Yoast SEO plugin v18.9 - https:\/\/yoast.com\/wordpress\/plugins\/seo\/ -->\n<title>Artigos Premiados - Pr\u00eamio Professor S\u00e9rgio Escorsim 2024 - Congresso Internacional de Administra\u00e7\u00e3o - ADM 2024<\/title>\n<meta name=\"robots\" content=\"index, follow, max-snippet:-1, max-image-preview:large, max-video-preview:-1\" \/>\n<link rel=\"canonical\" href=\"https:\/\/admpg.com.br\/2024\/artigos-premiados-premio-professor-sergio-escorsim-2024\/\" \/>\n<meta property=\"og:locale\" content=\"pt_BR\" \/>\n<meta property=\"og:type\" content=\"article\" \/>\n<meta property=\"og:title\" content=\"Artigos Premiados - Pr\u00eamio Professor S\u00e9rgio Escorsim 2024 - Congresso Internacional de Administra\u00e7\u00e3o - ADM 2024\" \/>\n<meta property=\"og:description\" content=\"Rela\u00e7\u00e3o dos Premiados do Pr\u00eamio Professor S\u00e9rgio Escorsim 2024 \u00c1rea Tem\u00e1tica: Administra\u00e7\u00e3o da Informa\u00e7\u00e3o Nome do Artigo Autores Institui\u00e7\u00e3o 1\u00ba lugar: Caracter\u00edsticas Essenciais da Governan\u00e7a de TI: Uma Revis\u00e3o Sistem\u00e1tica de Literatura Vitor Muniz dos Santos, Louisi Francis Moura UTFPR \u2013 Curitiba 2\u00ba lugar: Algoritmos de Machine Learning para Prever o PIB das Cidades Brasileiras [&hellip;]\" \/>\n<meta property=\"og:url\" content=\"https:\/\/admpg.com.br\/2024\/artigos-premiados-premio-professor-sergio-escorsim-2024\/\" \/>\n<meta property=\"og:site_name\" content=\"Congresso Internacional de Administra\u00e7\u00e3o - ADM 2024\" \/>\n<meta property=\"article:modified_time\" content=\"2024-10-02T15:51:11+00:00\" \/>\n<meta name=\"twitter:card\" content=\"summary_large_image\" \/>\n<meta name=\"twitter:label1\" content=\"Est. tempo de leitura\" \/>\n\t<meta name=\"twitter:data1\" content=\"6 minutos\" \/>\n<script type=\"application\/ld+json\" class=\"yoast-schema-graph\">{\"@context\":\"https:\/\/schema.org\",\"@graph\":[{\"@type\":\"WebSite\",\"@id\":\"https:\/\/admpg.com.br\/2024\/#website\",\"url\":\"https:\/\/admpg.com.br\/2024\/\",\"name\":\"Congresso Internacional de Administra\u00e7\u00e3o - ADM 2024\",\"description\":\"ADM 2024\",\"potentialAction\":[{\"@type\":\"SearchAction\",\"target\":{\"@type\":\"EntryPoint\",\"urlTemplate\":\"https:\/\/admpg.com.br\/2024\/?s={search_term_string}\"},\"query-input\":\"required name=search_term_string\"}],\"inLanguage\":\"pt-BR\"},{\"@type\":\"WebPage\",\"@id\":\"https:\/\/admpg.com.br\/2024\/artigos-premiados-premio-professor-sergio-escorsim-2024\/#webpage\",\"url\":\"https:\/\/admpg.com.br\/2024\/artigos-premiados-premio-professor-sergio-escorsim-2024\/\",\"name\":\"Artigos Premiados - Pr\u00eamio Professor S\u00e9rgio Escorsim 2024 - Congresso Internacional de Administra\u00e7\u00e3o - ADM 2024\",\"isPartOf\":{\"@id\":\"https:\/\/admpg.com.br\/2024\/#website\"},\"datePublished\":\"2024-09-29T13:14:44+00:00\",\"dateModified\":\"2024-10-02T15:51:11+00:00\",\"breadcrumb\":{\"@id\":\"https:\/\/admpg.com.br\/2024\/artigos-premiados-premio-professor-sergio-escorsim-2024\/#breadcrumb\"},\"inLanguage\":\"pt-BR\",\"potentialAction\":[{\"@type\":\"ReadAction\",\"target\":[\"https:\/\/admpg.com.br\/2024\/artigos-premiados-premio-professor-sergio-escorsim-2024\/\"]}]},{\"@type\":\"BreadcrumbList\",\"@id\":\"https:\/\/admpg.com.br\/2024\/artigos-premiados-premio-professor-sergio-escorsim-2024\/#breadcrumb\",\"itemListElement\":[{\"@type\":\"ListItem\",\"position\":1,\"name\":\"In\u00edcio\",\"item\":\"https:\/\/admpg.com.br\/2024\/\"},{\"@type\":\"ListItem\",\"position\":2,\"name\":\"Artigos Premiados &#8211; Pr\u00eamio Professor S\u00e9rgio Escorsim 2024\"}]}]}<\/script>\n<!-- \/ Yoast SEO plugin. -->","yoast_head_json":{"title":"Artigos Premiados - Pr\u00eamio Professor S\u00e9rgio Escorsim 2024 - Congresso Internacional de Administra\u00e7\u00e3o - ADM 2024","robots":{"index":"index","follow":"follow","max-snippet":"max-snippet:-1","max-image-preview":"max-image-preview:large","max-video-preview":"max-video-preview:-1"},"canonical":"https:\/\/admpg.com.br\/2024\/artigos-premiados-premio-professor-sergio-escorsim-2024\/","og_locale":"pt_BR","og_type":"article","og_title":"Artigos Premiados - Pr\u00eamio Professor S\u00e9rgio Escorsim 2024 - Congresso Internacional de Administra\u00e7\u00e3o - ADM 2024","og_description":"Rela\u00e7\u00e3o dos Premiados do Pr\u00eamio Professor S\u00e9rgio Escorsim 2024 \u00c1rea Tem\u00e1tica: Administra\u00e7\u00e3o da Informa\u00e7\u00e3o Nome do Artigo Autores Institui\u00e7\u00e3o 1\u00ba lugar: Caracter\u00edsticas Essenciais da Governan\u00e7a de TI: Uma Revis\u00e3o Sistem\u00e1tica de Literatura Vitor Muniz dos Santos, Louisi Francis Moura UTFPR \u2013 Curitiba 2\u00ba lugar: Algoritmos de Machine Learning para Prever o PIB das Cidades Brasileiras [&hellip;]","og_url":"https:\/\/admpg.com.br\/2024\/artigos-premiados-premio-professor-sergio-escorsim-2024\/","og_site_name":"Congresso Internacional de Administra\u00e7\u00e3o - ADM 2024","article_modified_time":"2024-10-02T15:51:11+00:00","twitter_card":"summary_large_image","twitter_misc":{"Est. tempo de leitura":"6 minutos"},"schema":{"@context":"https:\/\/schema.org","@graph":[{"@type":"WebSite","@id":"https:\/\/admpg.com.br\/2024\/#website","url":"https:\/\/admpg.com.br\/2024\/","name":"Congresso Internacional de Administra\u00e7\u00e3o - ADM 2024","description":"ADM 2024","potentialAction":[{"@type":"SearchAction","target":{"@type":"EntryPoint","urlTemplate":"https:\/\/admpg.com.br\/2024\/?s={search_term_string}"},"query-input":"required name=search_term_string"}],"inLanguage":"pt-BR"},{"@type":"WebPage","@id":"https:\/\/admpg.com.br\/2024\/artigos-premiados-premio-professor-sergio-escorsim-2024\/#webpage","url":"https:\/\/admpg.com.br\/2024\/artigos-premiados-premio-professor-sergio-escorsim-2024\/","name":"Artigos Premiados - Pr\u00eamio Professor S\u00e9rgio Escorsim 2024 - Congresso Internacional de Administra\u00e7\u00e3o - ADM 2024","isPartOf":{"@id":"https:\/\/admpg.com.br\/2024\/#website"},"datePublished":"2024-09-29T13:14:44+00:00","dateModified":"2024-10-02T15:51:11+00:00","breadcrumb":{"@id":"https:\/\/admpg.com.br\/2024\/artigos-premiados-premio-professor-sergio-escorsim-2024\/#breadcrumb"},"inLanguage":"pt-BR","potentialAction":[{"@type":"ReadAction","target":["https:\/\/admpg.com.br\/2024\/artigos-premiados-premio-professor-sergio-escorsim-2024\/"]}]},{"@type":"BreadcrumbList","@id":"https:\/\/admpg.com.br\/2024\/artigos-premiados-premio-professor-sergio-escorsim-2024\/#breadcrumb","itemListElement":[{"@type":"ListItem","position":1,"name":"In\u00edcio","item":"https:\/\/admpg.com.br\/2024\/"},{"@type":"ListItem","position":2,"name":"Artigos Premiados &#8211; Pr\u00eamio Professor S\u00e9rgio Escorsim 2024"}]}]}},"_links":{"self":[{"href":"https:\/\/admpg.com.br\/2024\/wp-json\/wp\/v2\/pages\/1443","targetHints":{"allow":["GET"]}}],"collection":[{"href":"https:\/\/admpg.com.br\/2024\/wp-json\/wp\/v2\/pages"}],"about":[{"href":"https:\/\/admpg.com.br\/2024\/wp-json\/wp\/v2\/types\/page"}],"author":[{"embeddable":true,"href":"https:\/\/admpg.com.br\/2024\/wp-json\/wp\/v2\/users\/1"}],"replies":[{"embeddable":true,"href":"https:\/\/admpg.com.br\/2024\/wp-json\/wp\/v2\/comments?post=1443"}],"version-history":[{"count":3,"href":"https:\/\/admpg.com.br\/2024\/wp-json\/wp\/v2\/pages\/1443\/revisions"}],"predecessor-version":[{"id":1464,"href":"https:\/\/admpg.com.br\/2024\/wp-json\/wp\/v2\/pages\/1443\/revisions\/1464"}],"wp:attachment":[{"href":"https:\/\/admpg.com.br\/2024\/wp-json\/wp\/v2\/media?parent=1443"}],"curies":[{"name":"wp","href":"https:\/\/api.w.org\/{rel}","templated":true}]}}