{"id":1273,"date":"2024-04-18T16:53:48","date_gmt":"2024-04-18T19:53:48","guid":{"rendered":"https:\/\/admpg.com.br\/2024\/?page_id=1273"},"modified":"2024-04-18T16:53:48","modified_gmt":"2024-04-18T19:53:48","slug":"contato","status":"publish","type":"page","link":"https:\/\/admpg.com.br\/2024\/contato\/","title":{"rendered":"Contato"},"content":{"rendered":"<p><strong>Contate-nos<\/strong><\/p>\n<p>Tem alguma d\u00favida ou precisa de mais informa\u00e7\u00f5es sobre o ADM 2024 &#8211; Congresso Internacional de Administra\u00e7\u00e3o? N\u00e3o hesite em entrar em contato conosco. Estamos aqui para ajudar!<\/p>\n<p><strong>E-mail:<\/strong><br \/>\nPara quest\u00f5es gerais ou informa\u00e7\u00f5es detalhadas, sinta-se \u00e0 vontade para nos enviar um e-mail para <a href=\"mailto:contato@admpg.com.br\">contato@admpg.com.br<\/a>. Nossa equipe estar\u00e1 pronta para responder \u00e0s suas perguntas e fornecer o suporte necess\u00e1rio.<\/p>\n<p><strong>WhatsApp:<\/strong><br \/>\nVoc\u00ea tamb\u00e9m pode nos contatar pelo WhatsApp nos n\u00fameros:<\/p>\n<p><a href=\"https:\/\/api.whatsapp.com\/send?1=pt_BR&amp;phone=5551999789621\" target=\"_blank\" rel=\"noopener\">(51) 99978-9621<\/a><\/p>\n<p><a href=\"https:\/\/api.whatsapp.com\/send?1=pt_BR&amp;phone=5551980811732\" target=\"_blank\" rel=\"noopener\">(51) 98081-1732<\/a><\/p>\n<p>Estamos dispon\u00edveis para conversar e ajudar com qualquer d\u00favida que voc\u00ea possa ter. N\u00e3o hesite em nos contatar &#8211; estamos ansiosos para ouvir de voc\u00ea e tornar sua experi\u00eancia no ADM 2024 o mais suave e informativa poss\u00edvel.<\/p>\n","protected":false},"excerpt":{"rendered":"<p>Contate-nos Tem alguma d\u00favida ou precisa de mais informa\u00e7\u00f5es sobre o ADM 2024 &#8211; Congresso Internacional de Administra\u00e7\u00e3o? N\u00e3o hesite em entrar em contato conosco. Estamos aqui para ajudar! E-mail: Para quest\u00f5es gerais ou informa\u00e7\u00f5es detalhadas, sinta-se \u00e0 vontade para nos enviar um e-mail para contato@admpg.com.br. Nossa equipe estar\u00e1 pronta para responder \u00e0s suas perguntas [&hellip;]<\/p>\n","protected":false},"author":1,"featured_media":0,"parent":0,"menu_order":0,"comment_status":"closed","ping_status":"closed","template":"","meta":{"site-sidebar-layout":"default","site-content-layout":"","ast-site-content-layout":"default","site-content-style":"default","site-sidebar-style":"default","ast-global-header-display":"","ast-banner-title-visibility":"","ast-main-header-display":"","ast-hfb-above-header-display":"","ast-hfb-below-header-display":"","ast-hfb-mobile-header-display":"","site-post-title":"","ast-breadcrumbs-content":"","ast-featured-img":"","footer-sml-layout":"","theme-transparent-header-meta":"default","adv-header-id-meta":"","stick-header-meta":"","header-above-stick-meta":"","header-main-stick-meta":"","header-below-stick-meta":"","astra-migrate-meta-layouts":"set","ast-page-background-enabled":"default","ast-page-background-meta":{"desktop":{"background-color":"","background-image":"","background-repeat":"repeat","background-position":"center center","background-size":"auto","background-attachment":"scroll","background-type":"","background-media":"","overlay-type":"","overlay-color":"","overlay-gradient":""},"tablet":{"background-color":"","background-image":"","background-repeat":"repeat","background-position":"center center","background-size":"auto","background-attachment":"scroll","background-type":"","background-media":"","overlay-type":"","overlay-color":"","overlay-gradient":""},"mobile":{"background-color":"","background-image":"","background-repeat":"repeat","background-position":"center center","background-size":"auto","background-attachment":"scroll","background-type":"","background-media":"","overlay-type":"","overlay-color":"","overlay-gradient":""}},"ast-content-background-meta":{"desktop":{"background-color":"var(--ast-global-color-5)","background-image":"","background-repeat":"repeat","background-position":"center center","background-size":"auto","background-attachment":"scroll","background-type":"","background-media":"","overlay-type":"","overlay-color":"","overlay-gradient":""},"tablet":{"background-color":"var(--ast-global-color-5)","background-image":"","background-repeat":"repeat","background-position":"center center","background-size":"auto","background-attachment":"scroll","background-type":"","background-media":"","overlay-type":"","overlay-color":"","overlay-gradient":""},"mobile":{"background-color":"var(--ast-global-color-5)","background-image":"","background-repeat":"repeat","background-position":"center center","background-size":"auto","background-attachment":"scroll","background-type":"","background-media":"","overlay-type":"","overlay-color":"","overlay-gradient":""}},"footnotes":""},"class_list":["post-1273","page","type-page","status-publish","hentry"],"yoast_head":"<!-- This site is optimized with the Yoast SEO plugin v18.9 - https:\/\/yoast.com\/wordpress\/plugins\/seo\/ -->\n<title>Contato - Congresso Internacional de Administra\u00e7\u00e3o - ADM 2024<\/title>\n<meta name=\"robots\" content=\"index, follow, max-snippet:-1, max-image-preview:large, max-video-preview:-1\" \/>\n<link rel=\"canonical\" href=\"https:\/\/admpg.com.br\/2024\/contato\/\" \/>\n<meta property=\"og:locale\" content=\"pt_BR\" \/>\n<meta property=\"og:type\" content=\"article\" \/>\n<meta property=\"og:title\" content=\"Contato - Congresso Internacional de Administra\u00e7\u00e3o - ADM 2024\" \/>\n<meta property=\"og:description\" content=\"Contate-nos Tem alguma d\u00favida ou precisa de mais informa\u00e7\u00f5es sobre o ADM 2024 &#8211; Congresso Internacional de Administra\u00e7\u00e3o? N\u00e3o hesite em entrar em contato conosco. Estamos aqui para ajudar! E-mail: Para quest\u00f5es gerais ou informa\u00e7\u00f5es detalhadas, sinta-se \u00e0 vontade para nos enviar um e-mail para contato@admpg.com.br. Nossa equipe estar\u00e1 pronta para responder \u00e0s suas perguntas [&hellip;]\" \/>\n<meta property=\"og:url\" content=\"https:\/\/admpg.com.br\/2024\/contato\/\" \/>\n<meta property=\"og:site_name\" content=\"Congresso Internacional de Administra\u00e7\u00e3o - ADM 2024\" \/>\n<meta name=\"twitter:card\" content=\"summary_large_image\" \/>\n<meta name=\"twitter:label1\" content=\"Est. tempo de leitura\" \/>\n\t<meta name=\"twitter:data1\" content=\"1 minuto\" \/>\n<script type=\"application\/ld+json\" class=\"yoast-schema-graph\">{\"@context\":\"https:\/\/schema.org\",\"@graph\":[{\"@type\":\"WebSite\",\"@id\":\"https:\/\/admpg.com.br\/2024\/#website\",\"url\":\"https:\/\/admpg.com.br\/2024\/\",\"name\":\"Congresso Internacional de Administra\u00e7\u00e3o - ADM 2024\",\"description\":\"ADM 2024\",\"potentialAction\":[{\"@type\":\"SearchAction\",\"target\":{\"@type\":\"EntryPoint\",\"urlTemplate\":\"https:\/\/admpg.com.br\/2024\/?s={search_term_string}\"},\"query-input\":\"required name=search_term_string\"}],\"inLanguage\":\"pt-BR\"},{\"@type\":\"WebPage\",\"@id\":\"https:\/\/admpg.com.br\/2024\/contato\/#webpage\",\"url\":\"https:\/\/admpg.com.br\/2024\/contato\/\",\"name\":\"Contato - Congresso Internacional de Administra\u00e7\u00e3o - ADM 2024\",\"isPartOf\":{\"@id\":\"https:\/\/admpg.com.br\/2024\/#website\"},\"datePublished\":\"2024-04-18T19:53:48+00:00\",\"dateModified\":\"2024-04-18T19:53:48+00:00\",\"breadcrumb\":{\"@id\":\"https:\/\/admpg.com.br\/2024\/contato\/#breadcrumb\"},\"inLanguage\":\"pt-BR\",\"potentialAction\":[{\"@type\":\"ReadAction\",\"target\":[\"https:\/\/admpg.com.br\/2024\/contato\/\"]}]},{\"@type\":\"BreadcrumbList\",\"@id\":\"https:\/\/admpg.com.br\/2024\/contato\/#breadcrumb\",\"itemListElement\":[{\"@type\":\"ListItem\",\"position\":1,\"name\":\"In\u00edcio\",\"item\":\"https:\/\/admpg.com.br\/2024\/\"},{\"@type\":\"ListItem\",\"position\":2,\"name\":\"Contato\"}]}]}<\/script>\n<!-- \/ Yoast SEO plugin. -->","yoast_head_json":{"title":"Contato - Congresso Internacional de Administra\u00e7\u00e3o - ADM 2024","robots":{"index":"index","follow":"follow","max-snippet":"max-snippet:-1","max-image-preview":"max-image-preview:large","max-video-preview":"max-video-preview:-1"},"canonical":"https:\/\/admpg.com.br\/2024\/contato\/","og_locale":"pt_BR","og_type":"article","og_title":"Contato - Congresso Internacional de Administra\u00e7\u00e3o - ADM 2024","og_description":"Contate-nos Tem alguma d\u00favida ou precisa de mais informa\u00e7\u00f5es sobre o ADM 2024 &#8211; Congresso Internacional de Administra\u00e7\u00e3o? N\u00e3o hesite em entrar em contato conosco. Estamos aqui para ajudar! E-mail: Para quest\u00f5es gerais ou informa\u00e7\u00f5es detalhadas, sinta-se \u00e0 vontade para nos enviar um e-mail para contato@admpg.com.br. Nossa equipe estar\u00e1 pronta para responder \u00e0s suas perguntas [&hellip;]","og_url":"https:\/\/admpg.com.br\/2024\/contato\/","og_site_name":"Congresso Internacional de Administra\u00e7\u00e3o - ADM 2024","twitter_card":"summary_large_image","twitter_misc":{"Est. tempo de leitura":"1 minuto"},"schema":{"@context":"https:\/\/schema.org","@graph":[{"@type":"WebSite","@id":"https:\/\/admpg.com.br\/2024\/#website","url":"https:\/\/admpg.com.br\/2024\/","name":"Congresso Internacional de Administra\u00e7\u00e3o - ADM 2024","description":"ADM 2024","potentialAction":[{"@type":"SearchAction","target":{"@type":"EntryPoint","urlTemplate":"https:\/\/admpg.com.br\/2024\/?s={search_term_string}"},"query-input":"required name=search_term_string"}],"inLanguage":"pt-BR"},{"@type":"WebPage","@id":"https:\/\/admpg.com.br\/2024\/contato\/#webpage","url":"https:\/\/admpg.com.br\/2024\/contato\/","name":"Contato - Congresso Internacional de Administra\u00e7\u00e3o - ADM 2024","isPartOf":{"@id":"https:\/\/admpg.com.br\/2024\/#website"},"datePublished":"2024-04-18T19:53:48+00:00","dateModified":"2024-04-18T19:53:48+00:00","breadcrumb":{"@id":"https:\/\/admpg.com.br\/2024\/contato\/#breadcrumb"},"inLanguage":"pt-BR","potentialAction":[{"@type":"ReadAction","target":["https:\/\/admpg.com.br\/2024\/contato\/"]}]},{"@type":"BreadcrumbList","@id":"https:\/\/admpg.com.br\/2024\/contato\/#breadcrumb","itemListElement":[{"@type":"ListItem","position":1,"name":"In\u00edcio","item":"https:\/\/admpg.com.br\/2024\/"},{"@type":"ListItem","position":2,"name":"Contato"}]}]}},"_links":{"self":[{"href":"https:\/\/admpg.com.br\/2024\/wp-json\/wp\/v2\/pages\/1273","targetHints":{"allow":["GET"]}}],"collection":[{"href":"https:\/\/admpg.com.br\/2024\/wp-json\/wp\/v2\/pages"}],"about":[{"href":"https:\/\/admpg.com.br\/2024\/wp-json\/wp\/v2\/types\/page"}],"author":[{"embeddable":true,"href":"https:\/\/admpg.com.br\/2024\/wp-json\/wp\/v2\/users\/1"}],"replies":[{"embeddable":true,"href":"https:\/\/admpg.com.br\/2024\/wp-json\/wp\/v2\/comments?post=1273"}],"version-history":[{"count":1,"href":"https:\/\/admpg.com.br\/2024\/wp-json\/wp\/v2\/pages\/1273\/revisions"}],"predecessor-version":[{"id":1274,"href":"https:\/\/admpg.com.br\/2024\/wp-json\/wp\/v2\/pages\/1273\/revisions\/1274"}],"wp:attachment":[{"href":"https:\/\/admpg.com.br\/2024\/wp-json\/wp\/v2\/media?parent=1273"}],"curies":[{"name":"wp","href":"https:\/\/api.w.org\/{rel}","templated":true}]}}