{"id":893,"date":"2023-06-08T09:22:26","date_gmt":"2023-06-08T12:22:26","guid":{"rendered":"https:\/\/admpg.com.br\/2023\/?page_id=893"},"modified":"2023-09-29T08:57:31","modified_gmt":"2023-09-29T11:57:31","slug":"programacao","status":"publish","type":"page","link":"https:\/\/admpg.com.br\/2023\/programacao\/","title":{"rendered":"Programa\u00e7\u00e3o"},"content":{"rendered":"<p><strong>Programa\u00e7\u00e3o pr\u00e9via do ADM2023 \u2013 Congresso Internacional de Administra\u00e7\u00e3o<\/strong><\/p>\n<p><em>*Atualizado em 29\/09\/2023<\/em><\/p>\n<h3 style=\"text-align: left;\"><strong>27.09.2023 (QUARTA-FEIRA)<\/strong><\/h3>\n<table width=\"100%\">\n<tbody>\n<tr>\n<td width=\"57\"><strong>Data <\/strong><\/td>\n<td width=\"145\"><strong>Atividade<\/strong><\/td>\n<td width=\"226\"><strong>Tema\/T\u00edtulo<\/strong><\/td>\n<td width=\"158\"><strong>Facilitador <\/strong><\/td>\n<td width=\"95\"><strong>Hor\u00e1rio <\/strong><\/td>\n<\/tr>\n<tr>\n<td width=\"57\">27.09<\/td>\n<td width=\"145\">WORKSHOP<\/td>\n<td width=\"226\">Cidades Inteligentes: mais do que tecnologia &#8211; indicadores e elementos que moldam o futuro<\/td>\n<td width=\"158\">Verlaine Lia Costa (Ag\u00eancia de Inova\u00e7\u00e3o e Desenvolvimento de Ponta Grossa)<\/td>\n<td width=\"95\">8h15<\/td>\n<\/tr>\n<tr>\n<td width=\"57\">27.09<\/td>\n<td width=\"145\">WORKSHOP<\/td>\n<td width=\"226\">Ponta Grossa: Cidade inteligente com ess\u00eancia criativa e inovadora<\/td>\n<td width=\"158\">T\u00f4nia Mansani (Ag\u00eancia de Inova\u00e7\u00e3o e Desenvolvimento de Ponta Grossa)<\/td>\n<td width=\"95\">10h<\/td>\n<\/tr>\n<tr>\n<td width=\"57\">27.09<\/td>\n<td width=\"145\">APRESENTA\u00c7\u00c3O DE ARTIGOS<\/p>\n<p>&nbsp;<\/td>\n<td width=\"226\">Autores diversos<\/td>\n<td width=\"158\">Comiss\u00e3o Cient\u00edfica<\/td>\n<td width=\"95\">14h<\/td>\n<\/tr>\n<tr>\n<td width=\"57\">27.09<\/td>\n<td width=\"145\">TURISMO CULTURAL<\/td>\n<td width=\"226\">Footing<\/p>\n<p>&nbsp;<\/td>\n<td width=\"158\">Projeto de Extens\u00e3o<\/td>\n<td width=\"95\">16h<\/td>\n<\/tr>\n<tr>\n<td width=\"57\">27.09<\/td>\n<td width=\"145\">PALESTRA<\/td>\n<td width=\"226\">Cidades Inteligentes: Cities Inspired by people (cidades inspiradas pelas pessoas)<\/td>\n<td width=\"158\">Claudio Nascimento \u2013 Head de Inova\u00e7\u00e3o Lab Gri\u00f4<\/td>\n<td width=\"95\">19h<\/td>\n<\/tr>\n<\/tbody>\n<\/table>\n<h3><\/h3>\n<h3><strong>28.09.2023 (QUINTA-FEIRA)<\/strong><\/h3>\n<table width=\"100%\">\n<tbody>\n<tr>\n<td width=\"57\"><strong>Data <\/strong><\/td>\n<td width=\"145\"><strong>Atividade<\/strong><\/td>\n<td width=\"226\"><strong>Tema\/T\u00edtulo<\/strong><\/td>\n<td width=\"158\"><strong>Facilitador <\/strong><\/td>\n<td width=\"95\"><strong>Hor\u00e1rio <\/strong><\/td>\n<\/tr>\n<tr>\n<td width=\"57\">28.09<\/td>\n<td width=\"145\">MESA DE DISCUSS\u00c3O<\/td>\n<td width=\"226\">A tecnologia\u00a0 como arma contra a viol\u00eancia: Smart cities s\u00e3o realmente seguras?<\/td>\n<td width=\"158\">&#8211; T\u00e2nia Maria Sviercoski Pinto (Prefeitura de Ponta Grossa)<\/p>\n<p>&#8211; Rog\u00e9rio Luiz B\u00fcchner (Prefeitura de Ponta Grossa)<\/p>\n<p>&#8211; Carlos Alexandre da Silva (Metropolys)<\/td>\n<td width=\"95\">8h15<\/td>\n<\/tr>\n<tr>\n<td width=\"57\">28.09<\/td>\n<td width=\"145\">MESA DE DISCUSS\u00c3O<\/td>\n<td width=\"226\">Eita! Recife e eita! Labs ressignificando a cidade &#8211; experimente a intelig\u00eancia no ritmo do frevo<\/td>\n<td width=\"158\">&#8211; Breno Alencar (EMPREL)<\/p>\n<p>&#8211; Evisson Fernandes de Lucena (Prefeitura de Recife)<\/td>\n<td width=\"95\">10h<\/td>\n<\/tr>\n<tr>\n<td width=\"57\">28.09<\/td>\n<td width=\"145\">WORKSHOP<\/td>\n<td width=\"226\">INPI &#8211; Patentes Verdes &#8211;\u00a0 um caminho para o desenvolvimento das cidades<\/td>\n<td width=\"158\">Douglas Alves Santos<\/td>\n<td width=\"95\">14h<\/td>\n<\/tr>\n<tr>\n<td width=\"57\">28.09<\/td>\n<td width=\"145\">WORKSHOP<\/p>\n<p>&nbsp;<\/td>\n<td width=\"226\">&#8220;Adopci\u00f3n de sitios de redes sociales entre los adultos mayores: El papel de la preparaci\u00f3n tecnol\u00f3gica y la generaci\u00f3n para identificar segmentos&#8221;<\/td>\n<td width=\"158\">Patricio Ramirez<\/p>\n<p>(Universidade Cat\u00f3lica do Chile)<\/td>\n<td width=\"95\">16h<\/td>\n<\/tr>\n<tr>\n<td width=\"57\">28.09<\/td>\n<td width=\"145\">PAINEL<\/td>\n<td width=\"226\">Da pesquisa para a realidade: construindo cidades inteligentes e transformando ideias em a\u00e7\u00e3o<\/td>\n<td width=\"158\">&#8211; Ari Melo Mariano (Universidade de Bras\u00edlia)<\/p>\n<p>&#8211; Regina Negri Pagani (UTFPR)<\/p>\n<p>&#8211; Juliana Pal\u00e1cios (iCities)<\/p>\n<p>Mediador: Silvestre Labiak Jr (UTFPR)<\/td>\n<td width=\"95\">19h<\/td>\n<\/tr>\n<\/tbody>\n<\/table>\n<h3><\/h3>\n<h3><strong>29.09.2023 (SEXTA-FEIRA)<\/strong><\/h3>\n<table width=\"100%\">\n<tbody>\n<tr>\n<td width=\"57\"><strong>Data <\/strong><\/td>\n<td width=\"145\"><strong>Atividade<\/strong><\/td>\n<td width=\"226\"><strong>Tema\/T\u00edtulo<\/strong><\/td>\n<td width=\"158\"><strong>Facilitador <\/strong><\/td>\n<td width=\"95\"><strong>Hor\u00e1rio <\/strong><\/td>\n<\/tr>\n<tr>\n<td width=\"57\">29.09<\/td>\n<td width=\"145\">WORKSHOP<\/td>\n<td width=\"226\">Conex\u00f5es inteligentes, pol\u00edticas mais espertas: desvendando a governan\u00e7a nas cidades<\/td>\n<td width=\"158\">&#8211; Luiz Marcelo Padilha (Sebrae\/PR)<\/td>\n<td width=\"95\">8h15<\/td>\n<\/tr>\n<tr>\n<td width=\"57\">29.09<\/td>\n<td width=\"145\">WORKSHOP<\/td>\n<td width=\"226\">Living Lab: o playground da inova\u00e7\u00e3o nas cidades inteligentes do amanh\u00e3!<\/td>\n<td width=\"158\">&#8211; Marcus Rocha (Sebrae\/SC)<\/td>\n<td width=\"95\">10h<\/td>\n<\/tr>\n<tr>\n<td width=\"57\"><\/td>\n<td width=\"145\"><\/td>\n<td width=\"226\"><\/td>\n<td width=\"158\"><\/td>\n<td width=\"95\"><\/td>\n<\/tr>\n<tr>\n<td width=\"57\"><\/td>\n<td width=\"145\"><\/td>\n<td width=\"226\"><\/td>\n<td width=\"158\"><\/td>\n<td width=\"95\"><\/td>\n<\/tr>\n<tr>\n<td width=\"57\">29.09<\/p>\n<p>&nbsp;<\/td>\n<td width=\"145\">SOLENIDADE<\/p>\n<p>PAINEL \/ CASES<\/td>\n<td width=\"226\">Pr\u00eamio Professor S\u00e9rgio Escorsim<\/p>\n<p>Aprendendo com os melhores: cases que elevem o padr\u00e3o da inova\u00e7\u00e3o.<\/td>\n<td width=\"158\">Entrega do Pr\u00eamio<\/p>\n<p>&#8211; Leonel Rodrigues (Parque Tecnol\u00f3gico Itaipu)<\/p>\n<p>&#8211; Wander Wilson Chaves (Prefeito de Santa Rita do Sapuca\u00ed)<\/td>\n<td width=\"95\">19h<\/td>\n<\/tr>\n<\/tbody>\n<\/table>\n<h3><strong>30.09.2023 (S\u00c1BADO)<\/strong><\/h3>\n<table width=\"100%\">\n<tbody>\n<tr>\n<td width=\"57\"><strong>Data <\/strong><\/td>\n<td width=\"145\"><strong>Atividade<\/strong><\/td>\n<td width=\"226\"><strong>Tema\/T\u00edtulo<\/strong><\/td>\n<td width=\"158\"><strong>Facilitador <\/strong><\/td>\n<td width=\"95\"><strong>Hor\u00e1rio <\/strong><\/td>\n<\/tr>\n<tr>\n<td width=\"57\">30.09<\/td>\n<td width=\"145\">PR\u00caMIO PROFESSOR S\u00c9RGIO ESCORSIM<\/td>\n<td width=\"226\">Os premiados com o Trof\u00e9u Professor S\u00e9rgio Escorsim, que confirmarem presen\u00e7a no evento, tamb\u00e9m receber\u00e3o como parte do Pr\u00eamio o pacote tur\u00edstico conforme segue:<\/p>\n<p>&#8211; Almo\u00e7o no restaurante Santa Caf\u00e9 &#8211; Visita a capela Santa B\u00e1rbara<\/p>\n<p>&#8211; Visita \u00e0 furna do Buraco do Padre &#8211; Visita a microcervejaria\u00a0 Koch com degusta\u00e7\u00e3o<\/td>\n<td width=\"158\">Comiss\u00e3o Cient\u00edfica e Coordena\u00e7\u00e3o do evento<\/td>\n<td width=\"95\">Manh\u00e3<\/td>\n<\/tr>\n<\/tbody>\n<\/table>\n<p><strong>Atividades:<\/strong><\/p>\n<p>&#8211; Todas as atividades est\u00e3o inclu\u00eddas na inscri\u00e7\u00e3o do evento e geram certificado individual mediante confirma\u00e7\u00e3o de presen\u00e7a no local do evento.<\/p>\n<p>&#8211; Os artigos indicados ao Pr\u00eamio Professor S\u00e9rgio Escorsim ter\u00e3o sua premia\u00e7\u00e3o em coquetel solene no dia 29 de setembro \u00e0s 16hs.<\/p>\n<p>&#8211; O roteiro tur\u00edstico como parte da premia\u00e7\u00e3o Professor S\u00e9rgio Escorsim, permite a participa\u00e7\u00e3o de outras pessoas interessadas, desde que a inscri\u00e7\u00e3o seja feita antecipadamente atrav\u00e9s do email <a href=\"mailto:contato@admpg.com.br\">contato@admpg.com.br<\/a>, pagamento do valor de R$ 150,00 e retirada do cart\u00e3o de embarque junto a Secretaria do Evento at\u00e9 dia 28 de setembro.<\/p>\n<p>&#8211; Outras informa\u00e7\u00f5es atrav\u00e9s do email ou fone\/whats (42) 9 9146-5054<\/p>\n","protected":false},"excerpt":{"rendered":"<p>Programa\u00e7\u00e3o pr\u00e9via do ADM2023 \u2013 Congresso Internacional de Administra\u00e7\u00e3o *Atualizado em 29\/09\/2023 27.09.2023 (QUARTA-FEIRA) Data Atividade Tema\/T\u00edtulo Facilitador Hor\u00e1rio 27.09 WORKSHOP Cidades Inteligentes: mais do que tecnologia &#8211; indicadores e elementos que moldam o futuro Verlaine Lia Costa (Ag\u00eancia de Inova\u00e7\u00e3o e Desenvolvimento de Ponta Grossa) 8h15 27.09 WORKSHOP Ponta Grossa: Cidade inteligente com ess\u00eancia [&hellip;]<\/p>\n","protected":false},"author":1,"featured_media":0,"parent":0,"menu_order":0,"comment_status":"closed","ping_status":"closed","template":"","meta":{"site-sidebar-layout":"no-sidebar","site-content-layout":"default","ast-site-content-layout":"","site-content-style":"default","site-sidebar-style":"default","ast-global-header-display":"","ast-banner-title-visibility":"","ast-main-header-display":"","ast-hfb-above-header-display":"","ast-hfb-below-header-display":"","ast-hfb-mobile-header-display":"","site-post-title":"","ast-breadcrumbs-content":"","ast-featured-img":"","footer-sml-layout":"","theme-transparent-header-meta":"default","adv-header-id-meta":"","stick-header-meta":"","header-above-stick-meta":"","header-main-stick-meta":"","header-below-stick-meta":"","astra-migrate-meta-layouts":"default","ast-page-background-enabled":"default","ast-page-background-meta":{"desktop":{"background-color":"","background-image":"","background-repeat":"repeat","background-position":"center center","background-size":"auto","background-attachment":"scroll","background-type":"","background-media":"","overlay-type":"","overlay-color":"","overlay-gradient":""},"tablet":{"background-color":"","background-image":"","background-repeat":"repeat","background-position":"center center","background-size":"auto","background-attachment":"scroll","background-type":"","background-media":"","overlay-type":"","overlay-color":"","overlay-gradient":""},"mobile":{"background-color":"","background-image":"","background-repeat":"repeat","background-position":"center center","background-size":"auto","background-attachment":"scroll","background-type":"","background-media":"","overlay-type":"","overlay-color":"","overlay-gradient":""}},"ast-content-background-meta":{"desktop":{"background-color":"var(--ast-global-color-5)","background-image":"","background-repeat":"repeat","background-position":"center center","background-size":"auto","background-attachment":"scroll","background-type":"","background-media":"","overlay-type":"","overlay-color":"","overlay-gradient":""},"tablet":{"background-color":"var(--ast-global-color-5)","background-image":"","background-repeat":"repeat","background-position":"center center","background-size":"auto","background-attachment":"scroll","background-type":"","background-media":"","overlay-type":"","overlay-color":"","overlay-gradient":""},"mobile":{"background-color":"var(--ast-global-color-5)","background-image":"","background-repeat":"repeat","background-position":"center center","background-size":"auto","background-attachment":"scroll","background-type":"","background-media":"","overlay-type":"","overlay-color":"","overlay-gradient":""}},"footnotes":""},"class_list":["post-893","page","type-page","status-publish","hentry"],"yoast_head":"<!-- This site is optimized with the Yoast SEO plugin v18.9 - https:\/\/yoast.com\/wordpress\/plugins\/seo\/ -->\n<title>Programa\u00e7\u00e3o - Congresso Internacional de Administra\u00e7\u00e3o - ADM 2023<\/title>\n<meta name=\"robots\" content=\"index, follow, max-snippet:-1, max-image-preview:large, max-video-preview:-1\" \/>\n<link rel=\"canonical\" href=\"https:\/\/admpg.com.br\/2023\/programacao\/\" \/>\n<meta property=\"og:locale\" content=\"pt_BR\" \/>\n<meta property=\"og:type\" content=\"article\" \/>\n<meta property=\"og:title\" content=\"Programa\u00e7\u00e3o - Congresso Internacional de Administra\u00e7\u00e3o - ADM 2023\" \/>\n<meta property=\"og:description\" content=\"Programa\u00e7\u00e3o pr\u00e9via do ADM2023 \u2013 Congresso Internacional de Administra\u00e7\u00e3o *Atualizado em 29\/09\/2023 27.09.2023 (QUARTA-FEIRA) Data Atividade Tema\/T\u00edtulo Facilitador Hor\u00e1rio 27.09 WORKSHOP Cidades Inteligentes: mais do que tecnologia &#8211; indicadores e elementos que moldam o futuro Verlaine Lia Costa (Ag\u00eancia de Inova\u00e7\u00e3o e Desenvolvimento de Ponta Grossa) 8h15 27.09 WORKSHOP Ponta Grossa: Cidade inteligente com ess\u00eancia [&hellip;]\" \/>\n<meta property=\"og:url\" content=\"https:\/\/admpg.com.br\/2023\/programacao\/\" \/>\n<meta property=\"og:site_name\" content=\"Congresso Internacional de Administra\u00e7\u00e3o - ADM 2023\" \/>\n<meta property=\"article:modified_time\" content=\"2023-09-29T11:57:31+00:00\" \/>\n<meta name=\"twitter:card\" content=\"summary_large_image\" \/>\n<meta name=\"twitter:label1\" content=\"Est. tempo de leitura\" \/>\n\t<meta name=\"twitter:data1\" content=\"3 minutos\" \/>\n<script type=\"application\/ld+json\" class=\"yoast-schema-graph\">{\"@context\":\"https:\/\/schema.org\",\"@graph\":[{\"@type\":\"WebSite\",\"@id\":\"https:\/\/admpg.com.br\/2023\/#website\",\"url\":\"https:\/\/admpg.com.br\/2023\/\",\"name\":\"Congresso Internacional de Administra\u00e7\u00e3o - ADM 2023\",\"description\":\"ADM 2023\",\"potentialAction\":[{\"@type\":\"SearchAction\",\"target\":{\"@type\":\"EntryPoint\",\"urlTemplate\":\"https:\/\/admpg.com.br\/2023\/?s={search_term_string}\"},\"query-input\":\"required name=search_term_string\"}],\"inLanguage\":\"pt-BR\"},{\"@type\":\"WebPage\",\"@id\":\"https:\/\/admpg.com.br\/2023\/programacao\/#webpage\",\"url\":\"https:\/\/admpg.com.br\/2023\/programacao\/\",\"name\":\"Programa\u00e7\u00e3o - Congresso Internacional de Administra\u00e7\u00e3o - ADM 2023\",\"isPartOf\":{\"@id\":\"https:\/\/admpg.com.br\/2023\/#website\"},\"datePublished\":\"2023-06-08T12:22:26+00:00\",\"dateModified\":\"2023-09-29T11:57:31+00:00\",\"breadcrumb\":{\"@id\":\"https:\/\/admpg.com.br\/2023\/programacao\/#breadcrumb\"},\"inLanguage\":\"pt-BR\",\"potentialAction\":[{\"@type\":\"ReadAction\",\"target\":[\"https:\/\/admpg.com.br\/2023\/programacao\/\"]}]},{\"@type\":\"BreadcrumbList\",\"@id\":\"https:\/\/admpg.com.br\/2023\/programacao\/#breadcrumb\",\"itemListElement\":[{\"@type\":\"ListItem\",\"position\":1,\"name\":\"In\u00edcio\",\"item\":\"https:\/\/admpg.com.br\/2023\/\"},{\"@type\":\"ListItem\",\"position\":2,\"name\":\"Programa\u00e7\u00e3o\"}]}]}<\/script>\n<!-- \/ Yoast SEO plugin. -->","yoast_head_json":{"title":"Programa\u00e7\u00e3o - Congresso Internacional de Administra\u00e7\u00e3o - ADM 2023","robots":{"index":"index","follow":"follow","max-snippet":"max-snippet:-1","max-image-preview":"max-image-preview:large","max-video-preview":"max-video-preview:-1"},"canonical":"https:\/\/admpg.com.br\/2023\/programacao\/","og_locale":"pt_BR","og_type":"article","og_title":"Programa\u00e7\u00e3o - Congresso Internacional de Administra\u00e7\u00e3o - ADM 2023","og_description":"Programa\u00e7\u00e3o pr\u00e9via do ADM2023 \u2013 Congresso Internacional de Administra\u00e7\u00e3o *Atualizado em 29\/09\/2023 27.09.2023 (QUARTA-FEIRA) Data Atividade Tema\/T\u00edtulo Facilitador Hor\u00e1rio 27.09 WORKSHOP Cidades Inteligentes: mais do que tecnologia &#8211; indicadores e elementos que moldam o futuro Verlaine Lia Costa (Ag\u00eancia de Inova\u00e7\u00e3o e Desenvolvimento de Ponta Grossa) 8h15 27.09 WORKSHOP Ponta Grossa: Cidade inteligente com ess\u00eancia [&hellip;]","og_url":"https:\/\/admpg.com.br\/2023\/programacao\/","og_site_name":"Congresso Internacional de Administra\u00e7\u00e3o - ADM 2023","article_modified_time":"2023-09-29T11:57:31+00:00","twitter_card":"summary_large_image","twitter_misc":{"Est. tempo de leitura":"3 minutos"},"schema":{"@context":"https:\/\/schema.org","@graph":[{"@type":"WebSite","@id":"https:\/\/admpg.com.br\/2023\/#website","url":"https:\/\/admpg.com.br\/2023\/","name":"Congresso Internacional de Administra\u00e7\u00e3o - ADM 2023","description":"ADM 2023","potentialAction":[{"@type":"SearchAction","target":{"@type":"EntryPoint","urlTemplate":"https:\/\/admpg.com.br\/2023\/?s={search_term_string}"},"query-input":"required name=search_term_string"}],"inLanguage":"pt-BR"},{"@type":"WebPage","@id":"https:\/\/admpg.com.br\/2023\/programacao\/#webpage","url":"https:\/\/admpg.com.br\/2023\/programacao\/","name":"Programa\u00e7\u00e3o - Congresso Internacional de Administra\u00e7\u00e3o - ADM 2023","isPartOf":{"@id":"https:\/\/admpg.com.br\/2023\/#website"},"datePublished":"2023-06-08T12:22:26+00:00","dateModified":"2023-09-29T11:57:31+00:00","breadcrumb":{"@id":"https:\/\/admpg.com.br\/2023\/programacao\/#breadcrumb"},"inLanguage":"pt-BR","potentialAction":[{"@type":"ReadAction","target":["https:\/\/admpg.com.br\/2023\/programacao\/"]}]},{"@type":"BreadcrumbList","@id":"https:\/\/admpg.com.br\/2023\/programacao\/#breadcrumb","itemListElement":[{"@type":"ListItem","position":1,"name":"In\u00edcio","item":"https:\/\/admpg.com.br\/2023\/"},{"@type":"ListItem","position":2,"name":"Programa\u00e7\u00e3o"}]}]}},"_links":{"self":[{"href":"https:\/\/admpg.com.br\/2023\/wp-json\/wp\/v2\/pages\/893","targetHints":{"allow":["GET"]}}],"collection":[{"href":"https:\/\/admpg.com.br\/2023\/wp-json\/wp\/v2\/pages"}],"about":[{"href":"https:\/\/admpg.com.br\/2023\/wp-json\/wp\/v2\/types\/page"}],"author":[{"embeddable":true,"href":"https:\/\/admpg.com.br\/2023\/wp-json\/wp\/v2\/users\/1"}],"replies":[{"embeddable":true,"href":"https:\/\/admpg.com.br\/2023\/wp-json\/wp\/v2\/comments?post=893"}],"version-history":[{"count":11,"href":"https:\/\/admpg.com.br\/2023\/wp-json\/wp\/v2\/pages\/893\/revisions"}],"predecessor-version":[{"id":1185,"href":"https:\/\/admpg.com.br\/2023\/wp-json\/wp\/v2\/pages\/893\/revisions\/1185"}],"wp:attachment":[{"href":"https:\/\/admpg.com.br\/2023\/wp-json\/wp\/v2\/media?parent=893"}],"curies":[{"name":"wp","href":"https:\/\/api.w.org\/{rel}","templated":true}]}}