{"id":406,"date":"2021-10-24T19:09:23","date_gmt":"2021-10-24T22:09:23","guid":{"rendered":"https:\/\/admpg.com.br\/2022\/?page_id=406"},"modified":"2022-10-09T12:36:11","modified_gmt":"2022-10-09T15:36:11","slug":"indicados-premio-professor-sergio-escorsim-2022","status":"publish","type":"page","link":"https:\/\/admpg.com.br\/2022\/indicados-premio-professor-sergio-escorsim-2022\/","title":{"rendered":"Indicados \u2013 Pr\u00eamio Professor S\u00e9rgio Escorsim 2022"},"content":{"rendered":"<p>O Pr\u00eamio Professor S\u00e9rgio Escorsim \u00e9 assim denominado, para homenagear o professor da Universidade Estadual de Ponta Grossa que, com vasta experi\u00eancia em gest\u00e3o empresarial, foi um dos idealizadores do que hoje \u00e9 o Congresso Internacional de Administra\u00e7\u00e3o e grande incentivador da instala\u00e7\u00e3o do Parque Eco Tecnol\u00f3gico.<\/p>\n<p>Segue a lista dos artigos selecionados <strong>EM ORDEM ALFAB\u00c9TICA<\/strong> de t\u00edtulo do trabalho.<br \/>\n<em>*A divulga\u00e7\u00e3o da classifica\u00e7\u00e3o ser\u00e1 realizada somente na cerim\u00f4nia de encerramento no dia 27\/10 19h.<\/em><\/p>\n<p><strong>1. Administra\u00e7\u00e3o da Informa\u00e7\u00e3o \/ Administraci\u00f3n de la Informaci\u00f3n<\/strong><\/p>\n<p><em>MODELO TAXION\u00d4MICO DE VITALIDADE SETORIAL NAS ORGANIZA\u00c7\u00d5ES POR MEIO DE E-SCIENCE E BIG DATA ANALYTICS<\/em><br \/>\nLuiz Omar Set\u00fabal Gabardo, Universidade Estadual de Ponta Grossa (UEPG)<br \/>\nAlexandre Santos Cunha, Universidade Positivo<br \/>\nAdriana Gresielly Fabrini, Universidade Estadual de Ponta Grossa (UEPG)<br \/>\nMaria Teresinha Arns Steiner, Pontif\u00edcia Universidade Cat\u00f3lica do Paran\u00e1 (PUCPR)<br \/>\nPedro Jos\u00e9 Steiner Neto, Universidade Federal do Paran\u00e1 (UFPR)<\/p>\n<p><em>O IMPACTO DA LEI GERAL DE PROTE\u00c7\u00c3O DE DADOS (LGPD) NAS ORGANIZA\u00c7\u00d5ES<\/em><br \/>\nNeusa Maria Gon\u00e7alves Salla. URI Santo \u00c2ngelo<br \/>\nArielli Castanho Da Silva, URI Santo Angelo<br \/>\nJ\u00e9ssica Estela Bender, URI Santo \u00c2ngelo<br \/>\nArielli Castanho Da Silva, URI Santo Angelo<br \/>\nGrace Kelly Holtz Scremin, URI Santo \u00c2ngelo<\/p>\n<p><em>SIMULA\u00c7\u00c3O DE DUAS T\u00c9CNICAS DE PREDI\u00c7\u00c3O PARA NEGOCIA\u00c7\u00c3O DE CRIPTOMOEDAS<\/em><br \/>\nMateus Felipe Larrosa Furlan, UEM<br \/>\nWagner Igarashi, UEM<br \/>\nDeisy Cristina Corr\u00eaa Igarashi, UEM<\/p>\n<p>&nbsp;<\/p>\n<p><strong>2. Administra\u00e7\u00e3o P\u00fablica \/ Administraci\u00f3n P\u00fablica<\/strong><\/p>\n<p><em>INFLU\u00caNCIA DE VARI\u00c1VEIS AMBIENTAIS NO N\u00cdVEL DE TRANSPAR\u00caNCIA DAS CONTRATA\u00c7\u00d5ES EMERGENCIAIS NO COMBATE \u00c0 COVID-19<\/em><br \/>\nRodrigo Santos da Mata, Universidade Federal do Esp\u00edrito Santo<\/p>\n<p><em>LIMITES E MONTANTES: D\u00cdVIDAS CONSOLIDADAS NOS MUNIC\u00cdPIOS PARANAENSES NO PER\u00cdODO 2002 A 2018<\/em><br \/>\nMarcio Henrique Coelho, UEPG<br \/>\nLuciano Ribeiro Bueno, UEPG<br \/>\nMarcio Marconato, UEPG<\/p>\n<p><em>TRANSPAR\u00caNCIA NA ADMINISTRA\u00c7\u00c3O P\u00daBLICA: UMA INVESTIGA\u00c7\u00c3O EM MUNIC\u00cdPIOS PARANAENSES COM OS MENORES INDICADORES<\/em><br \/>\nRoberto Rivelino Martins Ribeiro, Universidade Estadual de Maring\u00e1<br \/>\nNathalia Graziele da Silva Oliveira, Universidade Estadual de Maring\u00e1<br \/>\nJuliane Andressa Pav\u00e3o, Universidade Estadual de Maring\u00e1<br \/>\nMarguit Neumann, Universidade Estadual de Maring\u00e1<br \/>\nKerla Mattiello, Universidade Estadual de Maring\u00e1<\/p>\n<p>&nbsp;<\/p>\n<p><strong>3. Estudos Organizacionais \/ Estudios Organizacionales<\/strong><\/p>\n<p><em>CRISE NA AGROIND\u00daSTRIA CANAVIEIRA A PARTIR DE 2008: CAUSAS E DESAFIOS<\/em><br \/>\nJ\u00e9ssica Rafaella da Silva, UNISEP<br \/>\nClaudelir Clein, UNISEP<br \/>\nErika Amabile Smaniotto, UNISEP<br \/>\nGilson Mussi dos Reis, UNISEP<br \/>\nGleison de Oliveira Zanella, UNISEP<\/p>\n<p><em>ESTUDO BIBLIOGR\u00c1FICO SOBRE AS DIFICULDADES VIVENCIADAS POR LGBT\u2019s NO MERCADO DE TRABALHO E NAS ORGANIZA\u00c7\u00d5ES<\/em><br \/>\nLuiz Henrique de Carvalho, Universidade Federal de Uberl\u00e2ndia<br \/>\nJanduhy Camilo Passos, Universidade Federal de Uberl\u00e2ndia<br \/>\nNo\u00e9zia Maria Ramos, Universidade Federal de Uberl\u00e2ndia<\/p>\n<p><em>EXPLORA\u00c7\u00c3O ECON\u00d4MICA, RECURSOS GEOECOL\u00d3GICOS E ANTROPOCENO<\/em><br \/>\nEdnael Macedo Felix, Univerdidade de Fortaleza \u2013 UNIFOR<\/p>\n<p>&nbsp;<\/p>\n<p><strong>4. Ensino e Pesquisa em Administra\u00e7\u00e3o \/ Ense\u00f1anza e Investigaci\u00f3n en Administraci\u00f3n&#8221;<\/strong><\/p>\n<p><em>EDUCA\u00c7\u00c3O EMPREENDEDORA: A FORMA\u00c7\u00c3O DE EMPREENDEDORES POR INSTITUI\u00c7\u00d5ES P\u00daBLICAS NO ESTADO DO PARAN\u00c1<\/em><br \/>\nCesar Eduardo Abud Limas, UEPG<br \/>\nGislaine Martinelli Baniski, UEPG<br \/>\nSergio Vogt, USC &#8211; Centro Universit\u00e1rio UniSantaCruz<br \/>\nRafael Carvalho Machado, PPGA Universidade Positivo<\/p>\n<p><em>PERCEP\u00c7\u00c3O DOCENTE SOBRE O PROCESSO DE ENSINO-APRENDIZAGEM NO ENSINO REMOTO EMERGENCIAL<\/em><br \/>\nRoberta Souza Santos, Universidade Federal de Santa Maria \u2013 UFSM<br \/>\nKelmara Mendes Vieira, Universidade Federal de Santa Maria \u2013 UFSM<br \/>\nGiana Silva Giacomelli, Universidade Federal de Santa Maria \u2013 UFSM<\/p>\n<p><em>TRANSPAR\u00caNCIA E QUALIDADE EM PESQUISA QUALITATIVA: APLICA\u00c7\u00c3O DA GROUNDED THEORY EM ADMINISTRA\u00c7\u00c3O E NEG\u00d3CIOS<\/em><br \/>\nErnani Carvalho da Costa Neto, Pontif\u00edcia Universidade Cat\u00f3lica do Rio Grande do Sul &#8211; PUCRS<br \/>\nM\u00e1rcio Costa Moreno, Pontif\u00edcia Universidade Cat\u00f3lica do Rio Grande do Sul &#8211; PUCRS<br \/>\nTamara Esteves de Oliveira, Universidade Federal do Rio Grande do Sul \u2013 UFRGS<\/p>\n<p>&nbsp;<\/p>\n<p><strong>5. Estrat\u00e9gia em Organiza\u00e7\u00f5es \/ Estrategia em las Organizaciones<\/strong><\/p>\n<p><em>EVID\u00caNCIAS DA NEOBUROCRACIA E DO ISOMORFISMO INSTITUCIONAL NA IMPLEMENTA\u00c7\u00c3O E FUNCIONAMENTO DO BALANCED SCORECARD<\/em><br \/>\nIsaias Mendes Junior, Unidade de Investiga\u00e7\u00e3o em Ci\u00eancias Empresariais do NECE-UBI, Universidade da Beira Interior, Portugal<\/p>\n<p><em>GEST\u00c3O INTEGRADA: UM DI\u00c1GN\u00d3STICO ORGANIZACIONAL EM UMA EMPRESA DO RAMO FARMAC\u00caUTICO<\/em><br \/>\nBeatriz Negrelli da Silva, Faculdade FACEC<br \/>\nN\u00e1gila Giovanna Silva Vilela, Faculdade FACEC<br \/>\nAndr\u00e9 Luiz Wolf Jorge, Faculdade FACEC<br \/>\nHebert Teodoro dos Santos, Faculdade FACEC<\/p>\n<p><em>SUSTAINABILITY OF CHANGES IN EXECUTIVE COACHING: A MULTIPLE CASE STUDY WITH MANAGING PARTNERS AND THEIR COMPANIES<\/em><br \/>\nEliane Bringmann, University of La Rioja &#8211; Unirioja, Spain<br \/>\nM\u00f3nica Clavel San Emeterio, University of La Rioja &#8211; Unirioja<\/p>\n<p>&nbsp;<\/p>\n<p><strong>6. Finan\u00e7as \/ Finanzas<\/strong><\/p>\n<p><em>AN\u00c1LISE T\u00c9CNICA E REDES NEURAIS NA PREDI\u00c7\u00c3O DE PRE\u00c7O DE BITCOINS<\/em><br \/>\nWagner Igarashi, Universidade Estadual de Maring\u00e1<br \/>\nHenrique Misael Machado, Universidade Estadual de Maring\u00e1<br \/>\nDeisy Cristina Corr\u00eaa Igarashi, Universidade Estadual de Maring\u00e1<\/p>\n<p><em>O N\u00cdVEL DE ENDIVIDAMENTO E OS DETERMINANTES DA ESTRUTURA DE CAPITAL DAS EMPRESAS DO SETOR DA IND\u00daSTRIA T\u00caXTIL LISTADAS NA B3<\/em><br \/>\nFrancisca Josel\u00e2nia da Silva Bento, Universidade Federal Rural do Semi\u00e1rido &#8211; UFERSA<br \/>\nLucas Gabriel de Souza Galv\u00e3o, Universidade Federal Rural do Semi\u00e1rido- UFERSA<br \/>\nMaria Eliz\u00e2nia Chaves Valentim, Universidade Federal Rural do Semi\u00e1rido &#8211; UFERSA<br \/>\nF\u00e1bio Chaves Nobre, Universidade Federal Rural do Semi\u00e1rido &#8211; UFERSA<\/p>\n<p><em>PERCEP\u00c7\u00c3O DE ACAD\u00caMICOS DE CI\u00caNCIAS SOCIAIS APLICADAS QUANTO AO RECONHECIMENTO DE CRIPTOMOEDAS NAS DEMONSTRA\u00c7\u00d5ES FINANCEIRAS<\/em><br \/>\nRayani Kethelyn Portello Santos, Universidade Estadual de Maring\u00e1<br \/>\nDeisy Cristina Corr\u00eaa Igarashi, UEM<br \/>\nWagner Igarashi, UEM<br \/>\nLu\u00eds Felipe Bertucci Lima, UEM<\/p>\n<p>&nbsp;<\/p>\n<p><strong>7. Inova\u00e7\u00e3o, Tecnologia e Empreendedorismo \/ Innovaci\u00f3n, Tecnolog\u00eda y Emprendedurismo<\/strong><\/p>\n<p><em>A INFLU\u00caNCIA DOS SETORES ECON\u00d4MICOS NA EMISS\u00c3O DE CO2: UM ESTUDO NOS ESTADOS BRASILEIROS<\/em><br \/>\nFlavia Massuga, Universidade Estadual do Centro Oeste (UNICENTRO)<br \/>\nSimone Soares Mangoni, Universidade Estadual do Centro Oeste (UNICENTRO)<br \/>\nS\u00e9rgio Luis Dias Doliveira, Universidade Estadual do Centro Oeste (UNICENTRO)<\/p>\n<p><em>FATORES COGNITIVOS E EMOCIONAIS QUE INFLUENCIAM CONFIAN\u00c7A HUMANA EM INTELIG\u00caNCIA ARTIFICIAL REVIS\u00c3O INTEGRATIVA<\/em><br \/>\nPatr\u00edcia Val\u00e9rio Goulart, UFPR<br \/>\nFarley Simon Mendes Nobre, UFPR<\/p>\n<p><em>MODA AFRO-BRASILEIRA: IMPACTOS E DESAFIOS NO MERCADO CONSUMIDOR EM UMA CIDADE MINEIRA<\/em><br \/>\nRita de C\u00e1ssia Martins de Oliveira Ventura, UNIFACIG<br \/>\nQu\u00e9zia Cristina dos Santos Silva, UNIFACIG<br \/>\nReginaldo Adriano de Souza, UNIFACIG<br \/>\nLilian Beatriz Ferreira Longo, UNIFACIG<br \/>\nThiara Guimar\u00e3es Heleno de Oliveira P\u00f4ncio, UNIFACIG<\/p>\n<p>&nbsp;<\/p>\n<p><strong>8. Gest\u00e3o de Opera\u00e7\u00f5es e Log\u00edstica \/ Gesti\u00f3n de Operaciones y Log\u00edstica<\/strong><\/p>\n<p><em>DESENVOLVIMENTO DE UM \u00cdNDICE PARA AVALIA\u00c7\u00c3O DO DESEMPENHO AMBIENTAL DO PROCESSO PRODUTIVO DA IND\u00daSTRIA CER\u00c2MICA<\/em><br \/>\nLeandro Divino Miranda de Oliveira, UFG<br \/>\nMarcelo Girotto Rebelato, UNESP<br \/>\nLuciana Maria Saran, UNESP<\/p>\n<p><em>LEAN CONSTRUCTION NA CONSTRU\u00c7\u00c3O CIVIL DURANTE A PANDEMIA: UMA REVIS\u00c3O SISTEM\u00c1TICA<\/em><br \/>\nPedro Artur Fernandes Lino Andrade, UFOP<br \/>\nAlessandra Bruna Silva Nascimento, UFOP<br \/>\nCarlos Henrique de Ara\u00fajo, UFOP-MG<br \/>\nSolange Aparecida Tolentino, UFOP<br \/>\nIrce Fernandes Gomes Guimar\u00e3es, UFOP<\/p>\n<p><em>LOG\u00cdSTICA REVERSA: UMA AN\u00c1LISE DOS INDICADORES DE SUSTENTABILIDADE DAS ORGANIZA\u00c7\u00d5ES DE RECICLADORES DE UBERL\u00c2NDIA &#8211; MG<\/em><br \/>\nSara Francino Gagliardi, Universidade Federal do Tri\u00e2ngulo Mineirio<br \/>\nJuliene Barbosa Ferreira, Universidade Federal do Tri\u00e2ngulo Mineirio<br \/>\nAlexsandro Silva Solon, Universidade Federal do Tri\u00e2ngulo Mineirio<br \/>\nGiuliano Frascati, Universidade Federal do Tri\u00e2ngulo Mineirio<\/p>\n<p>&nbsp;<\/p>\n<p><strong>9. Gest\u00e3o de Pessoas \/ Gesti\u00f3n del Talento Humano<\/strong><\/p>\n<p><em>DESAFIOS E BENEF\u00cdCIOS DA CONTRATA\u00c7\u00c3O DE M\u00c3O DE OBRA LOCAL: UM ESTUDO DE CASO EM UMA MONTADORA DE CAMINH\u00d5ES EM PONTA GROSSA &#8211; PR<\/em><br \/>\nMayara da Silva Rocha &#8211; UEPG<br \/>\nThamiris Caroline Hartmann &#8211; UEPG<br \/>\nGislaine Martinelli Baniski &#8211; UEPG<\/p>\n<p><em>EXPLORANDO OS EFEITOS DA (IN)CONGRU\u00caNCIA ENTRE CONCEP\u00c7\u00d5ES IMPL\u00cdCITAS DE LIDERAN\u00c7A E LIDERAN\u00c7A REAL PARA A SATISFA\u00c7\u00c3O NO TRABALHO DE SERVIDORES P\u00daBLICOS<\/em><br \/>\nMario Jorge Di Renna Santosr, UFF<\/p>\n<p><em>TEORIA DOS DIFERENCIAIS COMPENSAT\u00d3RIOS COMO DETERMINANTE DOS DIFERENCIAIS DE REMUNERA\u00c7\u00c3O ENTRE G\u00caNEROS NO BRASIL.<\/em><br \/>\nEloisa Paula de Oliveira, UNESPAR<br \/>\nMario Filizzola Costa, UEM<\/p>\n<p>&nbsp;<\/p>\n<p><strong>10. Marketing \/ Marketing<\/strong><\/p>\n<p><em>CONSUMO DAS REDES SOCIAIS: UMA AN\u00c1LISE EM UM SAL\u00c3O DE BELEZA<\/em><br \/>\nG\u00e9ssica Carolina da Silva, FACEC<br \/>\nDaniele Girotto Rosa, FACEC<br \/>\nDanieli Pinto, FACEC<\/p>\n<p><em>ESTRAT\u00c9GIAS UTILIZADAS POR UM APLICATIVO DE DELIVERY PARA CAPTA\u00c7\u00c3O DE CLIENTES EM E-COMMERCE<\/em><br \/>\nReginaldo Adriano de Souza, UNIFACIG<br \/>\nEmanuelly Barbosa de Souza, UNIFACIG<br \/>\nRita de C\u00e1ssia Martins de Oliveira Ventura, UNIFACIG<br \/>\nLilian Beatriz Ferreira Longo, UNIFACIG<br \/>\nLuiz Gustavo Leite Souza, UNIFACIG<\/p>\n<p><em>H\u00c1BITOS DE COMPRA E PERCEP\u00c7\u00c3O DE CONFIAN\u00c7A NO E-COMMERCE EM LOJAS DE DEPARTAMENTO PELOS CONSUMIDORES DE LAGUNA CARAP\u00c3\/MS<\/em><br \/>\nJosiane Lima de Oliveira, UFGD<br \/>\nJos\u00e9 Jair Soares Viana, UFGD<br \/>\nRosemar Jos\u00e9 Hall, UFGD<\/p>\n","protected":false},"excerpt":{"rendered":"<p>O Pr\u00eamio Professor S\u00e9rgio Escorsim \u00e9 assim denominado, para homenagear o professor da Universidade Estadual de Ponta Grossa que, com vasta experi\u00eancia em gest\u00e3o empresarial, foi um dos idealizadores do que hoje \u00e9 o Congresso Internacional de Administra\u00e7\u00e3o e grande incentivador da instala\u00e7\u00e3o do Parque Eco Tecnol\u00f3gico. Segue a lista dos artigos selecionados EM ORDEM &hellip;<\/p>\n<p class=\"read-more\"> <a class=\"\" href=\"https:\/\/admpg.com.br\/2022\/indicados-premio-professor-sergio-escorsim-2022\/\"> <span class=\"screen-reader-text\">Indicados \u2013 Pr\u00eamio Professor S\u00e9rgio Escorsim 2022<\/span> Leia mais &raquo;<\/a><\/p>\n","protected":false},"author":1,"featured_media":639,"parent":0,"menu_order":0,"comment_status":"closed","ping_status":"closed","template":"","meta":{"site-sidebar-layout":"no-sidebar","site-content-layout":"default","ast-main-header-display":"","ast-hfb-above-header-display":"","ast-hfb-below-header-display":"","ast-hfb-mobile-header-display":"","site-post-title":"","ast-breadcrumbs-content":"","ast-featured-img":"","footer-sml-layout":"","theme-transparent-header-meta":"default","adv-header-id-meta":"","stick-header-meta":"","header-above-stick-meta":"","header-main-stick-meta":"","header-below-stick-meta":"","footnotes":""},"class_list":["post-406","page","type-page","status-publish","has-post-thumbnail","hentry"],"yoast_head":"<!-- This site is optimized with the Yoast SEO plugin v18.9 - https:\/\/yoast.com\/wordpress\/plugins\/seo\/ -->\n<title>Indicados \u2013 Pr\u00eamio Professor S\u00e9rgio Escorsim 2022 - Congresso Internacional de Administra\u00e7\u00e3o - ADM 2022<\/title>\n<meta name=\"robots\" content=\"index, follow, max-snippet:-1, max-image-preview:large, max-video-preview:-1\" \/>\n<link rel=\"canonical\" href=\"https:\/\/admpg.com.br\/2022\/indicados-premio-professor-sergio-escorsim-2022\/\" \/>\n<meta property=\"og:locale\" content=\"pt_BR\" \/>\n<meta property=\"og:type\" content=\"article\" \/>\n<meta property=\"og:title\" content=\"Indicados \u2013 Pr\u00eamio Professor S\u00e9rgio Escorsim 2022 - Congresso Internacional de Administra\u00e7\u00e3o - ADM 2022\" \/>\n<meta property=\"og:description\" content=\"O Pr\u00eamio Professor S\u00e9rgio Escorsim \u00e9 assim denominado, para homenagear o professor da Universidade Estadual de Ponta Grossa que, com vasta experi\u00eancia em gest\u00e3o empresarial, foi um dos idealizadores do que hoje \u00e9 o Congresso Internacional de Administra\u00e7\u00e3o e grande incentivador da instala\u00e7\u00e3o do Parque Eco Tecnol\u00f3gico. Segue a lista dos artigos selecionados EM ORDEM &hellip; Indicados \u2013 Pr\u00eamio Professor S\u00e9rgio Escorsim 2022 Leia mais &raquo;\" \/>\n<meta property=\"og:url\" content=\"https:\/\/admpg.com.br\/2022\/indicados-premio-professor-sergio-escorsim-2022\/\" \/>\n<meta property=\"og:site_name\" content=\"Congresso Internacional de Administra\u00e7\u00e3o - ADM 2022\" \/>\n<meta property=\"article:modified_time\" content=\"2022-10-09T15:36:11+00:00\" \/>\n<meta property=\"og:image\" content=\"https:\/\/admpg.com.br\/2022\/wp-content\/uploads\/2022\/10\/Banner-Premio-Professor-Sergio-Escorsim-ADM-2022-1.png\" \/>\n\t<meta property=\"og:image:width\" content=\"1120\" \/>\n\t<meta property=\"og:image:height\" content=\"400\" \/>\n\t<meta property=\"og:image:type\" content=\"image\/png\" \/>\n<meta name=\"twitter:card\" content=\"summary_large_image\" \/>\n<meta name=\"twitter:label1\" content=\"Est. tempo de leitura\" \/>\n\t<meta name=\"twitter:data1\" content=\"6 minutos\" \/>\n<script type=\"application\/ld+json\" class=\"yoast-schema-graph\">{\"@context\":\"https:\/\/schema.org\",\"@graph\":[{\"@type\":\"WebSite\",\"@id\":\"https:\/\/admpg.com.br\/2022\/#website\",\"url\":\"https:\/\/admpg.com.br\/2022\/\",\"name\":\"Congresso Internacional de Administra\u00e7\u00e3o - ADM 2022\",\"description\":\"ADM 2022\",\"potentialAction\":[{\"@type\":\"SearchAction\",\"target\":{\"@type\":\"EntryPoint\",\"urlTemplate\":\"https:\/\/admpg.com.br\/2022\/?s={search_term_string}\"},\"query-input\":\"required name=search_term_string\"}],\"inLanguage\":\"pt-BR\"},{\"@type\":\"ImageObject\",\"inLanguage\":\"pt-BR\",\"@id\":\"https:\/\/admpg.com.br\/2022\/indicados-premio-professor-sergio-escorsim-2022\/#primaryimage\",\"url\":\"https:\/\/admpg.com.br\/2022\/wp-content\/uploads\/2022\/10\/Banner-Premio-Professor-Sergio-Escorsim-ADM-2022-1.png\",\"contentUrl\":\"https:\/\/admpg.com.br\/2022\/wp-content\/uploads\/2022\/10\/Banner-Premio-Professor-Sergio-Escorsim-ADM-2022-1.png\",\"width\":1120,\"height\":400},{\"@type\":\"WebPage\",\"@id\":\"https:\/\/admpg.com.br\/2022\/indicados-premio-professor-sergio-escorsim-2022\/#webpage\",\"url\":\"https:\/\/admpg.com.br\/2022\/indicados-premio-professor-sergio-escorsim-2022\/\",\"name\":\"Indicados \u2013 Pr\u00eamio Professor S\u00e9rgio Escorsim 2022 - Congresso Internacional de Administra\u00e7\u00e3o - ADM 2022\",\"isPartOf\":{\"@id\":\"https:\/\/admpg.com.br\/2022\/#website\"},\"primaryImageOfPage\":{\"@id\":\"https:\/\/admpg.com.br\/2022\/indicados-premio-professor-sergio-escorsim-2022\/#primaryimage\"},\"datePublished\":\"2021-10-24T22:09:23+00:00\",\"dateModified\":\"2022-10-09T15:36:11+00:00\",\"breadcrumb\":{\"@id\":\"https:\/\/admpg.com.br\/2022\/indicados-premio-professor-sergio-escorsim-2022\/#breadcrumb\"},\"inLanguage\":\"pt-BR\",\"potentialAction\":[{\"@type\":\"ReadAction\",\"target\":[\"https:\/\/admpg.com.br\/2022\/indicados-premio-professor-sergio-escorsim-2022\/\"]}]},{\"@type\":\"BreadcrumbList\",\"@id\":\"https:\/\/admpg.com.br\/2022\/indicados-premio-professor-sergio-escorsim-2022\/#breadcrumb\",\"itemListElement\":[{\"@type\":\"ListItem\",\"position\":1,\"name\":\"In\u00edcio\",\"item\":\"https:\/\/admpg.com.br\/2022\/\"},{\"@type\":\"ListItem\",\"position\":2,\"name\":\"Indicados \u2013 Pr\u00eamio Professor S\u00e9rgio Escorsim 2022\"}]}]}<\/script>\n<!-- \/ Yoast SEO plugin. -->","yoast_head_json":{"title":"Indicados \u2013 Pr\u00eamio Professor S\u00e9rgio Escorsim 2022 - Congresso Internacional de Administra\u00e7\u00e3o - ADM 2022","robots":{"index":"index","follow":"follow","max-snippet":"max-snippet:-1","max-image-preview":"max-image-preview:large","max-video-preview":"max-video-preview:-1"},"canonical":"https:\/\/admpg.com.br\/2022\/indicados-premio-professor-sergio-escorsim-2022\/","og_locale":"pt_BR","og_type":"article","og_title":"Indicados \u2013 Pr\u00eamio Professor S\u00e9rgio Escorsim 2022 - Congresso Internacional de Administra\u00e7\u00e3o - ADM 2022","og_description":"O Pr\u00eamio Professor S\u00e9rgio Escorsim \u00e9 assim denominado, para homenagear o professor da Universidade Estadual de Ponta Grossa que, com vasta experi\u00eancia em gest\u00e3o empresarial, foi um dos idealizadores do que hoje \u00e9 o Congresso Internacional de Administra\u00e7\u00e3o e grande incentivador da instala\u00e7\u00e3o do Parque Eco Tecnol\u00f3gico. Segue a lista dos artigos selecionados EM ORDEM &hellip; Indicados \u2013 Pr\u00eamio Professor S\u00e9rgio Escorsim 2022 Leia mais &raquo;","og_url":"https:\/\/admpg.com.br\/2022\/indicados-premio-professor-sergio-escorsim-2022\/","og_site_name":"Congresso Internacional de Administra\u00e7\u00e3o - ADM 2022","article_modified_time":"2022-10-09T15:36:11+00:00","og_image":[{"width":1120,"height":400,"url":"https:\/\/admpg.com.br\/2022\/wp-content\/uploads\/2022\/10\/Banner-Premio-Professor-Sergio-Escorsim-ADM-2022-1.png","type":"image\/png"}],"twitter_card":"summary_large_image","twitter_misc":{"Est. tempo de leitura":"6 minutos"},"schema":{"@context":"https:\/\/schema.org","@graph":[{"@type":"WebSite","@id":"https:\/\/admpg.com.br\/2022\/#website","url":"https:\/\/admpg.com.br\/2022\/","name":"Congresso Internacional de Administra\u00e7\u00e3o - ADM 2022","description":"ADM 2022","potentialAction":[{"@type":"SearchAction","target":{"@type":"EntryPoint","urlTemplate":"https:\/\/admpg.com.br\/2022\/?s={search_term_string}"},"query-input":"required name=search_term_string"}],"inLanguage":"pt-BR"},{"@type":"ImageObject","inLanguage":"pt-BR","@id":"https:\/\/admpg.com.br\/2022\/indicados-premio-professor-sergio-escorsim-2022\/#primaryimage","url":"https:\/\/admpg.com.br\/2022\/wp-content\/uploads\/2022\/10\/Banner-Premio-Professor-Sergio-Escorsim-ADM-2022-1.png","contentUrl":"https:\/\/admpg.com.br\/2022\/wp-content\/uploads\/2022\/10\/Banner-Premio-Professor-Sergio-Escorsim-ADM-2022-1.png","width":1120,"height":400},{"@type":"WebPage","@id":"https:\/\/admpg.com.br\/2022\/indicados-premio-professor-sergio-escorsim-2022\/#webpage","url":"https:\/\/admpg.com.br\/2022\/indicados-premio-professor-sergio-escorsim-2022\/","name":"Indicados \u2013 Pr\u00eamio Professor S\u00e9rgio Escorsim 2022 - Congresso Internacional de Administra\u00e7\u00e3o - ADM 2022","isPartOf":{"@id":"https:\/\/admpg.com.br\/2022\/#website"},"primaryImageOfPage":{"@id":"https:\/\/admpg.com.br\/2022\/indicados-premio-professor-sergio-escorsim-2022\/#primaryimage"},"datePublished":"2021-10-24T22:09:23+00:00","dateModified":"2022-10-09T15:36:11+00:00","breadcrumb":{"@id":"https:\/\/admpg.com.br\/2022\/indicados-premio-professor-sergio-escorsim-2022\/#breadcrumb"},"inLanguage":"pt-BR","potentialAction":[{"@type":"ReadAction","target":["https:\/\/admpg.com.br\/2022\/indicados-premio-professor-sergio-escorsim-2022\/"]}]},{"@type":"BreadcrumbList","@id":"https:\/\/admpg.com.br\/2022\/indicados-premio-professor-sergio-escorsim-2022\/#breadcrumb","itemListElement":[{"@type":"ListItem","position":1,"name":"In\u00edcio","item":"https:\/\/admpg.com.br\/2022\/"},{"@type":"ListItem","position":2,"name":"Indicados \u2013 Pr\u00eamio Professor S\u00e9rgio Escorsim 2022"}]}]}},"_links":{"self":[{"href":"https:\/\/admpg.com.br\/2022\/wp-json\/wp\/v2\/pages\/406","targetHints":{"allow":["GET"]}}],"collection":[{"href":"https:\/\/admpg.com.br\/2022\/wp-json\/wp\/v2\/pages"}],"about":[{"href":"https:\/\/admpg.com.br\/2022\/wp-json\/wp\/v2\/types\/page"}],"author":[{"embeddable":true,"href":"https:\/\/admpg.com.br\/2022\/wp-json\/wp\/v2\/users\/1"}],"replies":[{"embeddable":true,"href":"https:\/\/admpg.com.br\/2022\/wp-json\/wp\/v2\/comments?post=406"}],"version-history":[{"count":8,"href":"https:\/\/admpg.com.br\/2022\/wp-json\/wp\/v2\/pages\/406\/revisions"}],"predecessor-version":[{"id":635,"href":"https:\/\/admpg.com.br\/2022\/wp-json\/wp\/v2\/pages\/406\/revisions\/635"}],"wp:featuredmedia":[{"embeddable":true,"href":"https:\/\/admpg.com.br\/2022\/wp-json\/wp\/v2\/media\/639"}],"wp:attachment":[{"href":"https:\/\/admpg.com.br\/2022\/wp-json\/wp\/v2\/media?parent=406"}],"curies":[{"name":"wp","href":"https:\/\/api.w.org\/{rel}","templated":true}]}}