{"id":406,"date":"2021-10-24T19:09:23","date_gmt":"2021-10-24T22:09:23","guid":{"rendered":"https:\/\/admpg.com.br\/2021\/?page_id=406"},"modified":"2021-10-26T16:23:50","modified_gmt":"2021-10-26T19:23:50","slug":"indicados-premio-professor-sergio-escorsim-2021","status":"publish","type":"page","link":"https:\/\/admpg.com.br\/2021\/indicados-premio-professor-sergio-escorsim-2021\/","title":{"rendered":"Indicados \u2013 Pr\u00eamio Professor S\u00e9rgio Escorsim 2021"},"content":{"rendered":"<p>O Pr\u00eamio Professor S\u00e9rgio Escorsim \u00e9 assim denominado, para homenagear o professor da Universidade Estadual de Ponta Grossa que, com vasta experi\u00eancia em gest\u00e3o empresarial, foi um dos idealizadores do que hoje \u00e9 o Congresso Internacional de Administra\u00e7\u00e3o e grande incentivador da instala\u00e7\u00e3o do Parque Eco Tecnol\u00f3gico.<\/p>\n<p>Segue a lista dos artigos selecionados <strong>EM ORDEM ALFAB\u00c9TICA<\/strong> de t\u00edtulo do trabalho e nome dos autores.<br \/>\n<em>*A divulga\u00e7\u00e3o da classifica\u00e7\u00e3o ser\u00e1 realizada somente na cerim\u00f4nia de encerramento no dia 27\/10 19h.<\/em><\/p>\n<p><strong>1. Administra\u00e7\u00e3o da Informa\u00e7\u00e3o \/ Administraci\u00f3n de la Informaci\u00f3n<\/strong><\/p>\n<p>APLICA\u00c7\u00c3O DA COMPOSI\u00c7\u00c3O PROBABIL\u00cdSTICA DE PREFER\u00caNCIAS PARA PRIORIZA\u00c7\u00c3O DE EMPRESAS DE CAPITAL DE RISCO<br \/>\nBeatriz Ribeiro Machado, Universidade Federal Fluminense, Brasil<br \/>\nPauli Adriano de Almada Garcia, Universidade Federal Fluminense, Brasil<br \/>\nGustavo da Silva Motta, Universidade Federal Fluminense, Brasil<\/p>\n<p>APRENDIZAGEM ORGANIZACIONAL NO CONTEXTO DAS BIBLIOTECAS: MAPEAMENTO DA LITERATURA INTERNACIONAL<br \/>\nEdinei Antonio Moreno, Unisul, Brasil<br \/>\nLeonardo Ensslin, Unisul, Brasil<br \/>\nJacir Leonir Casagrande, Unisul, Brasil<\/p>\n<p>EMPRESAS DE MICRO E PEQUENO PORTE: MAPEAMENTO DE PESQUISAS CIENT\u00cdFICAS<br \/>\nGislaine da Silva, UEM, Brasil<br \/>\nDeisy Cristina Corr\u00eaa Igarashi, UEM, Brasil<br \/>\nWagner Igarashi, UEM, Brasil<\/p>\n<p>&nbsp;<\/p>\n<p><strong>2. Administra\u00e7\u00e3o P\u00fablica \/ Administraci\u00f3n P\u00fablica<\/strong><\/p>\n<p>A A\u00c7\u00c3O DO CRIME ORGANIZADO NO PODER P\u00daBLICO: HIST\u00d3RICO E ASPECTOS GERAIS<br \/>\nOzana Rodrigues Boritza, Universidade Federal de Rond\u00f4nia &#8211; UNIR, Brasil<br \/>\nAndreia Duarte Aleixo, Universidade Federal de Rond\u00f4nia &#8211; UNIR, Brasil<br \/>\nSimone Maria Gon\u00e7alves de Oliveira Ulian, Universidade Federal de Rond\u00f4nia \u2013 UNIR. Brasil<br \/>\nMaria Priscila Soares Berro, Universidade Federal de Rond\u00f4nia &#8211; UNIR, Brasil<br \/>\nOt\u00e1vio Junior da Silva Lucsinger, Universidade Federal de Rond\u00f4nia &#8211; UNIR, Brasil<\/p>\n<p>AN\u00c1LISE DA EVOLU\u00c7\u00c3O DOS PLANOS DE SANEAMENTO B\u00c1SICO NOS MUNIC\u00cdPIOS BRASILEIROS SOB A \u00d3TICA DA GOVERNAN\u00c7A E TRANSPAR\u00caNCIA P\u00daBLICA<br \/>\nAna Maria Heinrichs Maciel, Universidade Federal de Santa Maria, Brasil<br \/>\nTaiane Keila Matheis, Universidade Federal de Santa Maria, Brasil<br \/>\nTamara Ot\u00edlia Rosenblum, Universidade Federal de Santa Maria, Brasil<br \/>\nNelson Guilherme Machado Pinto, Universidade Federal de Santa Maria, Brasil<br \/>\nKalinca L\u00e9ia Becker, Universidade Federal de Santa Maria, Brasil<\/p>\n<p>ANULA\u00c7\u00c3O E REVOGA\u00c7\u00c3O DE EDITAIS LICITAT\u00d3RIOS: UM ESTUDO DOS MOTIVOS DE SUA OCORR\u00caNCIA NO MUNIC\u00cdPIO DE MARING\u00c1<br \/>\nRoberto Rivelino Martins Ribeiro, Universidade Estadual de Maring\u00e1, Brasil<br \/>\nJo\u00e3o Leonardo Pinelli Milhan, Universidade Estadual de Maring\u00e1, Brasil<br \/>\nJuliane Andressa Pav\u00e3o, Universidade Estadual de Maring\u00e1, Brasil<br \/>\nKerla Mattiello, Universidade Estadual de Maring\u00e1, Brasil<\/p>\n<p>&nbsp;<\/p>\n<p><strong>3. Estudos Organizacionais \/ Estudios Organizacionales<\/strong><\/p>\n<p>AVALIA\u00c7\u00c3O DE DESEMPENHO DAS INSTITUI\u00c7\u00d5ES DE ENSINO SUPERIOR: UMA AN\u00c1LISE DA PRODU\u00c7\u00c3O ACAD\u00caMICA NOS \u00daLTIMOS 10 ANOS.<br \/>\nJuliene Barbosa Ferreira, Universidade Federal do Tri\u00e2ngulo Mineiro, Brasil<br \/>\nJ\u00falia Kethellen De Oliveira, Universidade Federal do Tri\u00e2ngulo Mineiro, Brasil<br \/>\nNo\u00e9zia Maria Ramos, Universidade Federal de Uberl\u00e2ndia, Brasil<\/p>\n<p>CAMPO SOCIAL, CAPITAL E PODER DOS AGENTES SOCIAIS DO SETOR DE SEMENTES EM UM MUNIC\u00cdPIO DO SEMI\u00c1RIDO NORDESTINO<br \/>\nEdnael Macedo Felix, Universidade de Fortaleza &#8211; UNIFOR, Brasil<br \/>\nF\u00e1bio Freitas Schilling Marquesan, Universidade de Fortaleza &#8211; UNIFOR, Brasil<\/p>\n<p>PROCESSOS PRODUTIVOS NOS ASSENTAMENTOS RURAIS DO MUNIC\u00cdPIO DE NOVA ANDRADINA\/MS<br \/>\nFabiano Greter Moreira, Universidade Federal de Mato Grosso do Sul \u2013 UFMS\/CPNA, Brasil.<\/p>\n<p>&nbsp;<\/p>\n<p><strong>4. Ensino e Pesquisa em Administra\u00e7\u00e3o \/ Ense\u00f1anza e Investigaci\u00f3n en Administraci\u00f3n&#8221;<\/strong><\/p>\n<p>AN\u00c1LISE DE DESEMPENHO DOCENTE EM CURSO DE ADMINISTRA\u00c7\u00c3O \u00c0 DIST\u00c2NCIA<br \/>\nLu\u00eds Felipe Bertucci Lima, Universidade Estadual de Maring\u00e1, Brasil<br \/>\nDeisy Cristina Corr\u00eaa Igarashi, Universidade Estadual de Maring\u00e1, Brasil<\/p>\n<p>APRENDIZAGEM BASEADA EM PROJETO NA CURRICULARIZA\u00c7\u00c3O DA EXTENS\u00c3O: UM ESTUDO DE CASO PR\u00c1TICO NA GRADUA\u00c7\u00c3O EM ADMINISTRA\u00c7\u00c3O<br \/>\nGabriella Gon\u00e7alves Guindani, Universidade Tecnol\u00f3gica Federal do Paran\u00e1, Brasil<br \/>\nEliz\u00e2ngela Mara Carvalheiro, Universidade Tecnol\u00f3gica Federal do Paran\u00e1, Brasil<br \/>\nRafael Kuramoto Gonzalez, Universidade Tecnol\u00f3gica Federal do Paran\u00e1, Brasil<br \/>\nLuciano Minghini, Universidade Tecnol\u00f3gica Federal do Paran\u00e1, Brasil<\/p>\n<p>CI\u00caNCIA DA ADMINISTRA\u00c7\u00c3O: UMA AN\u00c1LISE A PARTIR DE DIFERENTES ABORDAGENS PARADIGM\u00c1TICAS<br \/>\nLuciano Trentin, Universidade Regional de Blumenau &#8211; FURB, Brasil<\/p>\n<p>&nbsp;<\/p>\n<p><strong>5. Estrat\u00e9gia em Organiza\u00e7\u00f5es \/ Estrategia em las Organizaciones<\/strong><\/p>\n<p>INTEGRANDO CAPACIDADES GERENCIAIS E ESTRAT\u00c9GIA COMO PR\u00c1TICA EM FORMA\u00c7\u00c3O PROFISSIONALIZANTE DO GOVERNO DO ESTADO DO CEAR\u00c1<br \/>\nEdnael Macedo Felix, Universidade de Fortaleza, Brasil<br \/>\nFabr\u00edcia Ara\u00fajo Torres Madeira, Universidade de Fortaleza, Brasil<br \/>\nStephanie Pereira do Amaral, Universidade de Fortaleza, Brasil<br \/>\nS\u00e9rgio Mendes de Oliveira Filho, Universidade de Fortaleza, Brasil<br \/>\nS\u00e9rgio Henrique Arruda Cavalcante Forte, Universidade de Fortaleza, Brasil<\/p>\n<p>RELA\u00c7\u00d5ES DE IMPACTO BIUN\u00cdVOCAS ENTRE A COMPETITIVIDADE DAS NA\u00c7\u00d5ES E O DESEMPENHO DA PANDEMIA DA COVID-19<br \/>\nClovis Jungbluth Teixeira, Universidade de Fortaleza, Brasil<br \/>\nSergio Henrique Arruda Cavalcante Forte, Universidade de Fortaleza, Brasil<\/p>\n<p>TEORIA DE LEGITIMA\u00c7\u00c3O E A DISCLOSURE DE PASSIVOS CONTINGENTES E AMBIENTAIS<br \/>\nDanielly Rocco Villa, UEM, Brasil<br \/>\nDeisy Cristina Corr\u00eaa Igarashi, UEM<br \/>\nWagner Igarashi, UEM, Brasil<\/p>\n<p>&nbsp;<\/p>\n<p><strong>6. Finan\u00e7as \/ Finanzas<\/strong><\/p>\n<p>AN\u00c1LISE DO IMPACTO DA COVID-19 SOBRE O PRE\u00c7O DAS A\u00c7\u00d5ES DE DIFERENTES SETORES DO MERCADO BRASILEIRO<br \/>\nDiego Reis Chain, Universidade Federal de Juiz de Fora, Brasil<br \/>\nFl\u00e1via Vital Januzzi, Universidade Federal de Juiz de Fora, Brasil<br \/>\nPedro Miranda Bouzan, Universidade Federal de Juiz de Fora, Brasil<\/p>\n<p>DES\u00c1GIOS NOS LEIL\u00d5ES DE ENERGIA EL\u00c9TRICA: UMA AVALIA\u00c7\u00c3O DAS FONTES DE ENERGIAS RENOV\u00c1VEIS<br \/>\nAnt\u00f4nio Vinicius Silva Caldas, Universidade Federal de Sergipe, Brasil<br \/>\nLourrana Teixeira Santana, Universidade Federal de Sergipe, Brasil<\/p>\n<p>EMPRESAS AVALIADAS VERSUS N\u00c3O AVALIADAS: UMA AN\u00c1LISE DO SETOR DE VAREJO DA B3<br \/>\nAnt\u00f4nio Vin\u00edcius Silva Caldas, Universidade Federal de Sergipe, Brasil<br \/>\nEliane Silva Santos, Universidade Federal de Sergipe, Brasil<br \/>\nGracyanne Freire de Araujo, Universidade Federal de Sergipe, Brasil<br \/>\nMarcos Ant\u00f4nio de Souza Barbosa, Universidade Federal de Sergipe, Brasil<br \/>\nValdice Barbosa de Queiroz, Universidade Federal de Sergipe, Brasil<\/p>\n<p>&nbsp;<\/p>\n<p><strong>7. Inova\u00e7\u00e3o, Tecnologia e Empreendedorismo \/ Innovaci\u00f3n, Tecnolog\u00eda y Emprendedurismo<\/strong><\/p>\n<p>ECOINOVA\u00c7\u00c3O: DETERMINANTES NA PRODU\u00c7\u00c3O DE F\u00d3SFOROS ECOL\u00d3GICOS<br \/>\nAna Carolina Velozo Valenga, Unicentro, Brasil<br \/>\nZoraide da Fonseca Costa, Unicentro, Brasil<br \/>\nFranciani Fernandes Galv\u00e3o Mulina, FASVI, Brasil<\/p>\n<p>IMPACTO DA PANDEMIA NAS INCUBADORAS NO ESTADO DO PARAN\u00c1<br \/>\nFranciele Aparecida Cecato, UEPG, Brasil<br \/>\nOsvaldo Malta Callegari, UEPG, Brasil<br \/>\nR\u00fabia Carla Maier Biscaia, UEPG, Brasil<\/p>\n<p>INOVA\u00c7\u00c3O VOLTADA PARA A SUSTENTABILIDADE EM IND\u00daSTRIAS DE CER\u00c2MICA VERMELHA: UMA REVIS\u00c3O<br \/>\nSimone Soares, UNICENTRO, Brasil<br \/>\nKeli Cristina Voanka, UNICENTRO, Brasil<br \/>\nLucas da Silva, UNICENTRO, Brasil<br \/>\nS\u00e9rgio Lu\u00eds Dias Doliveira, UNICENTRO, Brasil<br \/>\nMarli Kuasoski, UNICENTRO, Brasil<\/p>\n<p>&nbsp;<\/p>\n<p><strong>8. Gest\u00e3o de Opera\u00e7\u00f5es e Log\u00edstica \/ Gesti\u00f3n de Operaciones y Log\u00edstica<\/strong><\/p>\n<p>APLICA\u00c7\u00c3O DA METODOLOGIA DMAIC PARA A REDU\u00c7\u00c3O DE REJEITOS NO TRATAMENTO DE OBJETOS EM UMA UNIDADE DE TRIAGEM AUTOMATIZADA DE UM OPERADOR LOG\u00cdSTICO NACIONAL<br \/>\nVicente Moreira, UFSC, Brasil<br \/>\nGuilherme Gomes, UFSC, Brasil<br \/>\nCarlos Manuel Taboada Rodriguez, UFSC, Brasil<\/p>\n<p>AVALIA\u00c7\u00c3O DE DESEMPENHO LOG\u00cdSTICO DO PROCESSO DE \u00daLTIMA MILHA NA LOG\u00cdSTICA URBANA<br \/>\nLeandra Silvestre da Silva Lima , UFSC, Brasil<br \/>\nVicente Moreira, UFSC, Brasil<br \/>\nCarlos Manuel Taboada Rodriguez, UFSC, Brasil<\/p>\n<p>GEST\u00c3O DE ESTOQUE: ESTUDO DE CASO EM UM ALMOXARIFADO DE SHOPPING CENTER EM MACEI\u00d3-AL<br \/>\nJ\u00e9ssica Silva Ferreira de Lima, Instituto Federal de Alagoas, Brasil<br \/>\nDiego da Guia Santos, Instituto Federal de Alagoas, Brasil<br \/>\nDartagnan Ferreira de M\u00e2cedo, Instituto Federal de Alagoas, Brasil<br \/>\nRicardo Lu\u00eds Alves de Oliveira Ribeiro, Instituto Federal de Alagoas, Brasil<\/p>\n<p>&nbsp;<\/p>\n<p><strong>9. Gest\u00e3o de Pessoas \/ Gesti\u00f3n del Talento Humano<\/strong><\/p>\n<p>IDENTIDADE CULTURAL DE TRABALHADORES MIGRANTES: AN\u00c1LISE DAS PERCEP\u00c7\u00d5ES DE GESTORES BRASILEIROS<br \/>\nBeatriz Leite Gustmann de Castro, Universidade Federal de Santa Maria, Brasil<br \/>\nElenara Milena de Cristo, Instituto Federal Farroupilha, Brasil<br \/>\nV\u00e2nia Medianeira Flores Costa, Universidade Federal de Santa Maria, Brasil<\/p>\n<p>INDO DE VOLTA PARA CASA: A EXPERI\u00caNCIA DA REPATRIA\u00c7\u00c3O SEGUNDO UM OLHAR FENOMENOL\u00d3GICO<br \/>\nRaquel Fernanda do Monte Carlo, Funda\u00e7\u00e3o Get\u00falio Vargas (FGV), Brasil<br \/>\nGermano Glufke Reis, Universidade Federal do Paran\u00e1 (UFPR), Brasil<br \/>\nAcyr Seleme, Universidade Federal do Paran\u00e1 (UFPR), Brasil<br \/>\nIsadora Ronchi Gon\u00e7alves de Freitas, Universidade Federal do Paran\u00e1 (UFPR), Brasil<\/p>\n<p>MARCA EMPREGADORA E EQUIDADE DE G\u00caNERO: UMA RELA\u00c7\u00c3O NECESS\u00c1RIA<br \/>\nIsadora Ronchi Gon\u00e7alves de Freitas, Universidade Federal do Paran\u00e1 (UFPR), Brasil<br \/>\nRicardo de Oliveira Silveira, Universidade Federal do Paran\u00e1 (UFPR), Brasil<br \/>\nSimone Cristina Ramos, Universidade Federal do Paran\u00e1 (UFPR), Brasil<br \/>\nGermano Glufke Reis, Universidade Federal do Paran\u00e1 (UFPR), Brasil<\/p>\n<p>&nbsp;<\/p>\n<p><strong>10. Marketing \/ Marketing<\/strong><\/p>\n<p>MARKETING EMPRESARIAL EM ESCRIT\u00d3RIO DE CONTABILIDADE<br \/>\nAmanda Eduarda da Silva, UEPG, Brasil<br \/>\nNat\u00e1lia do Amaral, UEPG, Brasil<br \/>\nAdriana G. Fabrini, UEPG, Brasil<\/p>\n<p>PERCEP\u00c7\u00c3O DA INCLUS\u00c3O FINANCEIRA: IMPACTO DO ACESSO AO SISTEMA FINANCEIRO E DE VARI\u00c1VEIS SOCIOECON\u00d4MICAS E DEMOGR\u00c1FICAS<br \/>\nVanessa Rabelo Dutra,UNIPAMPA, Brasil<br \/>\nKelmara Mendes Vieira, UFSM, Brasil<br \/>\nMayara de Carvalho Puhle, UFSM, Brasil<br \/>\nAna Elaine Guimar\u00e3es Fabian, UFSM, Brasil<\/p>\n<p>PROPOSI\u00c7\u00c3O E VALIDA\u00c7\u00c3O DE UMA ESCALA DE AVALIA\u00c7\u00c3O DO COMPORTAMENTO DE DESCARTE DE LIXO ELETROELETR\u00d4NICO<br \/>\nGabriel Filipe Veloso da Costa, Universidade Federal de Vi\u00e7osa \u2013 Campus Rio Parana\u00edba, Brasil<br \/>\nGilberto Ven\u00e2ncio Luiz, Universidade Federal de Vi\u00e7osa \u2013 Campus Rio Parana\u00edba, Brasil<br \/>\nMateus Rovaroto Neves Silva, Universidade Federal de Vi\u00e7osa \u2013 Campus Rio Parana\u00edba, Brasil<\/p>\n","protected":false},"excerpt":{"rendered":"<p>O Pr\u00eamio Professor S\u00e9rgio Escorsim \u00e9 assim denominado, para homenagear o professor da Universidade Estadual de Ponta Grossa que, com vasta experi\u00eancia em gest\u00e3o empresarial, foi um dos idealizadores do que hoje \u00e9 o Congresso Internacional de Administra\u00e7\u00e3o e grande incentivador da instala\u00e7\u00e3o do Parque Eco Tecnol\u00f3gico. Segue a lista dos artigos selecionados EM ORDEM &hellip;<\/p>\n<p class=\"read-more\"> <a class=\"\" href=\"https:\/\/admpg.com.br\/2021\/indicados-premio-professor-sergio-escorsim-2021\/\"> <span class=\"screen-reader-text\">Indicados \u2013 Pr\u00eamio Professor S\u00e9rgio Escorsim 2021<\/span> Leia mais &raquo;<\/a><\/p>\n","protected":false},"author":1,"featured_media":421,"parent":0,"menu_order":0,"comment_status":"closed","ping_status":"closed","template":"","meta":{"footnotes":""},"class_list":["post-406","page","type-page","status-publish","has-post-thumbnail","hentry"],"yoast_head":"<!-- This site is optimized with the Yoast SEO plugin v16.1.1 - https:\/\/yoast.com\/wordpress\/plugins\/seo\/ -->\n<title>Indicados \u2013 Pr\u00eamio Professor S\u00e9rgio Escorsim 2021 - Congresso Internacional de Administra\u00e7\u00e3o - ADM 2021<\/title>\n<link rel=\"canonical\" href=\"https:\/\/admpg.com.br\/2021\/indicados-premio-professor-sergio-escorsim-2021\/\" \/>\n<meta property=\"og:locale\" content=\"pt_BR\" \/>\n<meta property=\"og:type\" content=\"article\" \/>\n<meta property=\"og:title\" content=\"Indicados \u2013 Pr\u00eamio Professor S\u00e9rgio Escorsim 2021 - Congresso Internacional de Administra\u00e7\u00e3o - ADM 2021\" \/>\n<meta property=\"og:description\" content=\"O Pr\u00eamio Professor S\u00e9rgio Escorsim \u00e9 assim denominado, para homenagear o professor da Universidade Estadual de Ponta Grossa que, com vasta experi\u00eancia em gest\u00e3o empresarial, foi um dos idealizadores do que hoje \u00e9 o Congresso Internacional de Administra\u00e7\u00e3o e grande incentivador da instala\u00e7\u00e3o do Parque Eco Tecnol\u00f3gico. Segue a lista dos artigos selecionados EM ORDEM &hellip; Indicados \u2013 Pr\u00eamio Professor S\u00e9rgio Escorsim 2021 Leia mais &raquo;\" \/>\n<meta property=\"og:url\" content=\"https:\/\/admpg.com.br\/2021\/indicados-premio-professor-sergio-escorsim-2021\/\" \/>\n<meta property=\"og:site_name\" content=\"Congresso Internacional de Administra\u00e7\u00e3o - ADM 2021\" \/>\n<meta property=\"article:modified_time\" content=\"2021-10-26T19:23:50+00:00\" \/>\n<meta property=\"og:image\" content=\"https:\/\/admpg.com.br\/2021\/wp-content\/uploads\/2021\/10\/banner_premio_atualizado.png\" \/>\n\t<meta property=\"og:image:width\" content=\"1120\" \/>\n\t<meta property=\"og:image:height\" content=\"400\" \/>\n<meta name=\"twitter:card\" content=\"summary_large_image\" \/>\n<meta name=\"twitter:label1\" content=\"Est. tempo de leitura\">\n\t<meta name=\"twitter:data1\" content=\"6 minutos\">\n<script type=\"application\/ld+json\" class=\"yoast-schema-graph\">{\"@context\":\"https:\/\/schema.org\",\"@graph\":[{\"@type\":\"WebSite\",\"@id\":\"https:\/\/admpg.com.br\/2021\/#website\",\"url\":\"https:\/\/admpg.com.br\/2021\/\",\"name\":\"Congresso Internacional de Administra\\u00e7\\u00e3o - ADM 2021\",\"description\":\"ADM 2021\",\"potentialAction\":[{\"@type\":\"SearchAction\",\"target\":\"https:\/\/admpg.com.br\/2021\/?s={search_term_string}\",\"query-input\":\"required name=search_term_string\"}],\"inLanguage\":\"pt-BR\"},{\"@type\":\"ImageObject\",\"@id\":\"https:\/\/admpg.com.br\/2021\/indicados-premio-professor-sergio-escorsim-2021\/#primaryimage\",\"inLanguage\":\"pt-BR\",\"url\":\"https:\/\/admpg.com.br\/2021\/wp-content\/uploads\/2021\/10\/banner_premio_atualizado.png\",\"contentUrl\":\"https:\/\/admpg.com.br\/2021\/wp-content\/uploads\/2021\/10\/banner_premio_atualizado.png\",\"width\":1120,\"height\":400},{\"@type\":\"WebPage\",\"@id\":\"https:\/\/admpg.com.br\/2021\/indicados-premio-professor-sergio-escorsim-2021\/#webpage\",\"url\":\"https:\/\/admpg.com.br\/2021\/indicados-premio-professor-sergio-escorsim-2021\/\",\"name\":\"Indicados \\u2013 Pr\\u00eamio Professor S\\u00e9rgio Escorsim 2021 - Congresso Internacional de Administra\\u00e7\\u00e3o - ADM 2021\",\"isPartOf\":{\"@id\":\"https:\/\/admpg.com.br\/2021\/#website\"},\"primaryImageOfPage\":{\"@id\":\"https:\/\/admpg.com.br\/2021\/indicados-premio-professor-sergio-escorsim-2021\/#primaryimage\"},\"datePublished\":\"2021-10-24T22:09:23+00:00\",\"dateModified\":\"2021-10-26T19:23:50+00:00\",\"breadcrumb\":{\"@id\":\"https:\/\/admpg.com.br\/2021\/indicados-premio-professor-sergio-escorsim-2021\/#breadcrumb\"},\"inLanguage\":\"pt-BR\",\"potentialAction\":[{\"@type\":\"ReadAction\",\"target\":[\"https:\/\/admpg.com.br\/2021\/indicados-premio-professor-sergio-escorsim-2021\/\"]}]},{\"@type\":\"BreadcrumbList\",\"@id\":\"https:\/\/admpg.com.br\/2021\/indicados-premio-professor-sergio-escorsim-2021\/#breadcrumb\",\"itemListElement\":[{\"@type\":\"ListItem\",\"position\":1,\"item\":{\"@type\":\"WebPage\",\"@id\":\"https:\/\/admpg.com.br\/2021\/\",\"url\":\"https:\/\/admpg.com.br\/2021\/\",\"name\":\"In\\u00edcio\"}},{\"@type\":\"ListItem\",\"position\":2,\"item\":{\"@type\":\"WebPage\",\"@id\":\"https:\/\/admpg.com.br\/2021\/indicados-premio-professor-sergio-escorsim-2021\/\",\"url\":\"https:\/\/admpg.com.br\/2021\/indicados-premio-professor-sergio-escorsim-2021\/\",\"name\":\"Indicados \\u2013 Pr\\u00eamio Professor S\\u00e9rgio Escorsim 2021\"}}]}]}<\/script>\n<!-- \/ Yoast SEO plugin. -->","_links":{"self":[{"href":"https:\/\/admpg.com.br\/2021\/wp-json\/wp\/v2\/pages\/406","targetHints":{"allow":["GET"]}}],"collection":[{"href":"https:\/\/admpg.com.br\/2021\/wp-json\/wp\/v2\/pages"}],"about":[{"href":"https:\/\/admpg.com.br\/2021\/wp-json\/wp\/v2\/types\/page"}],"author":[{"embeddable":true,"href":"https:\/\/admpg.com.br\/2021\/wp-json\/wp\/v2\/users\/1"}],"replies":[{"embeddable":true,"href":"https:\/\/admpg.com.br\/2021\/wp-json\/wp\/v2\/comments?post=406"}],"version-history":[{"count":3,"href":"https:\/\/admpg.com.br\/2021\/wp-json\/wp\/v2\/pages\/406\/revisions"}],"predecessor-version":[{"id":411,"href":"https:\/\/admpg.com.br\/2021\/wp-json\/wp\/v2\/pages\/406\/revisions\/411"}],"wp:featuredmedia":[{"embeddable":true,"href":"https:\/\/admpg.com.br\/2021\/wp-json\/wp\/v2\/media\/421"}],"wp:attachment":[{"href":"https:\/\/admpg.com.br\/2021\/wp-json\/wp\/v2\/media?parent=406"}],"curies":[{"name":"wp","href":"https:\/\/api.w.org\/{rel}","templated":true}]}}