{"id":36,"date":"2021-03-08T11:47:41","date_gmt":"2021-03-08T14:47:41","guid":{"rendered":"https:\/\/admpg.com.br\/2021\/?page_id=36"},"modified":"2021-06-09T11:23:11","modified_gmt":"2021-06-09T14:23:11","slug":"normas-para-submissao-de-trabalhos","status":"publish","type":"page","link":"https:\/\/admpg.com.br\/2021\/normas-para-submissao-de-trabalhos\/","title":{"rendered":"Normas para Submiss\u00e3o de Trabalhos"},"content":{"rendered":"<h2><strong>Normas para Formata\u00e7\u00e3o<\/strong><\/h2>\n<p>O artigo, ou o relato t\u00e9cnico, poder\u00e1 ser elaborado em portugu\u00eas, ingl\u00eas ou espanhol e poder\u00e1 ter no m\u00e1ximo 5 autores. Como autor principal podem ser enviados at\u00e9 5 (cinco) produ\u00e7\u00f5es (entre artigos e relatos t\u00e9cnicos) e na co-autoria fica liberada a quantidade.<\/p>\n<p>Os artigos e os relatos t\u00e9cnicos completos (<em>full papers<\/em>) devem ser in\u00e9ditos, ter no m\u00e1ximo 16 p\u00e1ginas e respeitar as regras de formata\u00e7\u00e3o dispon\u00edveis no site do evento e nos modelos dispon\u00edveis para o artigo ou o relato t\u00e9cnico, sob pena de ser desconsiderado (n\u00e3o avaliado).<\/p>\n<p>Os artigos e relatos t\u00e9cnicos em Portugu\u00eas e Espanhol dever\u00e3o conter obrigatoriamente o resumo em ingl\u00eas (<em>Abstract<\/em>). Os artigos e relatos t\u00e9cnicos escritos em ingl\u00eas dever\u00e3o conter o resumo em Portugu\u00eas e Espanhol.<\/p>\n<p>O texto do Resumo dever\u00e1 ter no m\u00e1ximo 250 palavras, sem refer\u00eancias bibliogr\u00e1ficas e notas. O Resumo n\u00e3o pode ter figuras, tabelas ou gr\u00e1ficos.<\/p>\n<p>As demais normas de formata\u00e7\u00e3o (estrutura, tipo e tamanho de letra, espa\u00e7amento, margens, gr\u00e1ficos, tabelas e figuras, refer\u00eancias) est\u00e3o dispon\u00edveis nos modelos de artigo e de relato t\u00e9cnico do Evento.<\/p>\n<p><a href=\"https:\/\/admpg.com.br\/2021\/wp-content\/uploads\/2021\/06\/Modelo-de-Artigo-2021_ATUALIZADO.docx\"><strong>MODELO DE ARTIGO COMPLETO PARA O EVENTO 2021 &#8211; PORTUGU\u00caS (CLIQUE AQUI PARA REALIZAR O DOWNLOAD)<\/strong><\/a><\/p>\n<p><a href=\"https:\/\/admpg.com.br\/2021\/wp-content\/uploads\/2021\/06\/modelo-de-relato-tecnico_atualizado_2021.docx\" target=\"_blank\" rel=\"noopener\"><strong>MODELO DE RELATO T\u00c9CNICO PARA O EVENTO 2021 &#8211; PORTUGU\u00caS (CLIQUE AQUI PARA REALIZAR O DOWNLOAD)<\/strong><\/a><\/p>\n<p><strong>MODELO DE ARTIGO PARA O EVENTO &#8211; ESPANHOL (EM BREVE)<\/strong><\/p>\n<p><strong>D\u00favidas? Envie e-mail para <a href=\"mailto:cientifico@admpg.com.br\">cientifico@admpg.com.br<\/a><\/strong><\/p>\n<h2><strong>Normas para Submiss\u00e3o<\/strong><\/h2>\n<p>Enviar artigo na \u00edntegra, atrav\u00e9s do sistema de submiss\u00e3o de trabalhos.<\/p>\n<p><a href=\"https:\/\/inscricao.admpg.com.br\/index.php\/auth\/eventologin\/4\"><strong>ACESSE O SISTEMA DE SUBMISS\u00c3O DE TRABALHOS (CLIQUE AQUI).<\/strong><\/a><\/p>\n<p>Enviar 2 arquivos no formato &#8220;.pdf&#8221;, um com nome dos autores e outro sem nomes. O arquivo deve ter no m\u00e1ximo <strong>2 Mb<\/strong>.<\/p>\n<p>O modelo disponibilizado dever\u00e1 ser seguido obrigatoriamente (inclusive com o logo do evento apenas no cabe\u00e7alho da primeira p\u00e1gina), sob pena de desclassifica\u00e7\u00e3o.<\/p>\n<p>Cabe ao primeiro autor a postagem do artigo, observando a inser\u00e7\u00e3o de todos os co-autores e seus respectivos CPF\u00b4s. A ordem inserida no site deve ser exatamente a mesma do artigo anexado.<br \/>\n<em>* Obs.: Ordem de autores diferente do artigo, ser\u00e3o desclassificados.<\/em><\/p>\n<p>Ap\u00f3s a data de encerramento das submiss\u00f5es, n\u00e3o ser\u00e3o permitidas substitui\u00e7\u00f5es de artigos.<\/p>\n<h2>Normas de Apresenta\u00e7\u00e3o<\/h2>\n<p>Nesta edi\u00e7\u00e3o, em virtude da pandemia do Covid-19, as apresenta\u00e7\u00f5es dos artigos selecionados poder\u00e3o ser realizadas online pela plataforma disponibilizada pelo evento.<\/p>\n<p>As apresenta\u00e7\u00f5es n\u00e3o ser\u00e3o obrigat\u00f3rias, por\u00e9m os autores que a apresentarem online, far\u00e3o jus ao certificado de apresenta\u00e7\u00e3o, constando o nome de todos os autores.<\/p>\n<p>A apresenta\u00e7\u00e3o online ter\u00e1 uma dura\u00e7\u00e3o de at\u00e9 15 minutos, com 5 minutos para argui\u00e7\u00e3o.<\/p>\n<p>Comunica\u00e7\u00e3o Oral: O autor deve elaborar apresenta\u00e7\u00e3o do artigo no Power Point, conforme modelo disponibilizado no site.<\/p>\n<p><a href=\"https:\/\/admpg.com.br\/2021\/wp-content\/uploads\/2021\/04\/ADM-2021-Modelo-para-Slides-1920x1080px.pptx\"><strong>DOWNLOAD DO MODELO DE SLIDE PARA APRESENTA\u00c7\u00c3O<\/strong><\/a><\/p>\n<p>Os dias, hor\u00e1rios e locais ser\u00e3o informados a partir da divulga\u00e7\u00e3o dos artigos aceitos pela Comiss\u00e3o Cient\u00edfica.<\/p>\n<p>A apresenta\u00e7\u00e3o do artigo dever\u00e1 ser feita por qualquer um dos autores.<\/p>\n<p>Os artigos aceitos ser\u00e3o publicados na \u00edntegra nos ANAIS eletr\u00f4nicos do evento, <strong>desde que a taxa de inscri\u00e7\u00e3o em nome do primeiro autor esteja paga<\/strong>.<\/p>\n<p><strong>D\u00favidas? Envie e-mail para <a href=\"mailto:cientifico@admpg.com.br\">cientifico@admpg.com.br<\/a><\/strong><\/p>\n","protected":false},"excerpt":{"rendered":"<p>Normas para Formata\u00e7\u00e3o O artigo, ou o relato t\u00e9cnico, poder\u00e1 ser elaborado em portugu\u00eas, ingl\u00eas ou espanhol e poder\u00e1 ter no m\u00e1ximo 5 autores. Como autor principal podem ser enviados at\u00e9 5 (cinco) produ\u00e7\u00f5es (entre artigos e relatos t\u00e9cnicos) e na co-autoria fica liberada a quantidade. Os artigos e os relatos t\u00e9cnicos completos (full papers) &hellip;<\/p>\n<p class=\"read-more\"> <a class=\"\" href=\"https:\/\/admpg.com.br\/2021\/normas-para-submissao-de-trabalhos\/\"> <span class=\"screen-reader-text\">Normas para Submiss\u00e3o de Trabalhos<\/span> Leia mais &raquo;<\/a><\/p>\n","protected":false},"author":1,"featured_media":0,"parent":0,"menu_order":0,"comment_status":"closed","ping_status":"closed","template":"","meta":{"footnotes":""},"class_list":["post-36","page","type-page","status-publish","hentry"],"yoast_head":"<!-- This site is optimized with the Yoast SEO plugin v16.1.1 - https:\/\/yoast.com\/wordpress\/plugins\/seo\/ -->\n<title>Normas para Submiss\u00e3o de Trabalhos - Congresso Internacional de Administra\u00e7\u00e3o - ADM 2021<\/title>\n<link rel=\"canonical\" href=\"https:\/\/admpg.com.br\/2021\/normas-para-submissao-de-trabalhos\/\" \/>\n<meta property=\"og:locale\" content=\"pt_BR\" \/>\n<meta property=\"og:type\" content=\"article\" \/>\n<meta property=\"og:title\" content=\"Normas para Submiss\u00e3o de Trabalhos - Congresso Internacional de Administra\u00e7\u00e3o - ADM 2021\" \/>\n<meta property=\"og:description\" content=\"Normas para Formata\u00e7\u00e3o O artigo, ou o relato t\u00e9cnico, poder\u00e1 ser elaborado em portugu\u00eas, ingl\u00eas ou espanhol e poder\u00e1 ter no m\u00e1ximo 5 autores. Como autor principal podem ser enviados at\u00e9 5 (cinco) produ\u00e7\u00f5es (entre artigos e relatos t\u00e9cnicos) e na co-autoria fica liberada a quantidade. Os artigos e os relatos t\u00e9cnicos completos (full papers) &hellip; Normas para Submiss\u00e3o de Trabalhos Leia mais &raquo;\" \/>\n<meta property=\"og:url\" content=\"https:\/\/admpg.com.br\/2021\/normas-para-submissao-de-trabalhos\/\" \/>\n<meta property=\"og:site_name\" content=\"Congresso Internacional de Administra\u00e7\u00e3o - ADM 2021\" \/>\n<meta property=\"article:modified_time\" content=\"2021-06-09T14:23:11+00:00\" \/>\n<meta name=\"twitter:card\" content=\"summary_large_image\" \/>\n<meta name=\"twitter:label1\" content=\"Est. tempo de leitura\">\n\t<meta name=\"twitter:data1\" content=\"3 minutos\">\n<script type=\"application\/ld+json\" class=\"yoast-schema-graph\">{\"@context\":\"https:\/\/schema.org\",\"@graph\":[{\"@type\":\"WebSite\",\"@id\":\"https:\/\/admpg.com.br\/2021\/#website\",\"url\":\"https:\/\/admpg.com.br\/2021\/\",\"name\":\"Congresso Internacional de Administra\\u00e7\\u00e3o - ADM 2021\",\"description\":\"ADM 2021\",\"potentialAction\":[{\"@type\":\"SearchAction\",\"target\":\"https:\/\/admpg.com.br\/2021\/?s={search_term_string}\",\"query-input\":\"required name=search_term_string\"}],\"inLanguage\":\"pt-BR\"},{\"@type\":\"WebPage\",\"@id\":\"https:\/\/admpg.com.br\/2021\/normas-para-submissao-de-trabalhos\/#webpage\",\"url\":\"https:\/\/admpg.com.br\/2021\/normas-para-submissao-de-trabalhos\/\",\"name\":\"Normas para Submiss\\u00e3o de Trabalhos - Congresso Internacional de Administra\\u00e7\\u00e3o - ADM 2021\",\"isPartOf\":{\"@id\":\"https:\/\/admpg.com.br\/2021\/#website\"},\"datePublished\":\"2021-03-08T14:47:41+00:00\",\"dateModified\":\"2021-06-09T14:23:11+00:00\",\"breadcrumb\":{\"@id\":\"https:\/\/admpg.com.br\/2021\/normas-para-submissao-de-trabalhos\/#breadcrumb\"},\"inLanguage\":\"pt-BR\",\"potentialAction\":[{\"@type\":\"ReadAction\",\"target\":[\"https:\/\/admpg.com.br\/2021\/normas-para-submissao-de-trabalhos\/\"]}]},{\"@type\":\"BreadcrumbList\",\"@id\":\"https:\/\/admpg.com.br\/2021\/normas-para-submissao-de-trabalhos\/#breadcrumb\",\"itemListElement\":[{\"@type\":\"ListItem\",\"position\":1,\"item\":{\"@type\":\"WebPage\",\"@id\":\"https:\/\/admpg.com.br\/2021\/\",\"url\":\"https:\/\/admpg.com.br\/2021\/\",\"name\":\"In\\u00edcio\"}},{\"@type\":\"ListItem\",\"position\":2,\"item\":{\"@type\":\"WebPage\",\"@id\":\"https:\/\/admpg.com.br\/2021\/normas-para-submissao-de-trabalhos\/\",\"url\":\"https:\/\/admpg.com.br\/2021\/normas-para-submissao-de-trabalhos\/\",\"name\":\"Normas para Submiss\\u00e3o de Trabalhos\"}}]}]}<\/script>\n<!-- \/ Yoast SEO plugin. -->","_links":{"self":[{"href":"https:\/\/admpg.com.br\/2021\/wp-json\/wp\/v2\/pages\/36","targetHints":{"allow":["GET"]}}],"collection":[{"href":"https:\/\/admpg.com.br\/2021\/wp-json\/wp\/v2\/pages"}],"about":[{"href":"https:\/\/admpg.com.br\/2021\/wp-json\/wp\/v2\/types\/page"}],"author":[{"embeddable":true,"href":"https:\/\/admpg.com.br\/2021\/wp-json\/wp\/v2\/users\/1"}],"replies":[{"embeddable":true,"href":"https:\/\/admpg.com.br\/2021\/wp-json\/wp\/v2\/comments?post=36"}],"version-history":[{"count":6,"href":"https:\/\/admpg.com.br\/2021\/wp-json\/wp\/v2\/pages\/36\/revisions"}],"predecessor-version":[{"id":200,"href":"https:\/\/admpg.com.br\/2021\/wp-json\/wp\/v2\/pages\/36\/revisions\/200"}],"wp:attachment":[{"href":"https:\/\/admpg.com.br\/2021\/wp-json\/wp\/v2\/media?parent=36"}],"curies":[{"name":"wp","href":"https:\/\/api.w.org\/{rel}","templated":true}]}}