{"id":357,"date":"2021-10-07T21:29:02","date_gmt":"2021-10-08T00:29:02","guid":{"rendered":"https:\/\/admpg.com.br\/2021\/?page_id=357"},"modified":"2021-10-08T15:01:00","modified_gmt":"2021-10-08T18:01:00","slug":"apresentacao-dos-trabalhos-online","status":"publish","type":"page","link":"https:\/\/admpg.com.br\/2021\/apresentacao-dos-trabalhos-online\/","title":{"rendered":"Apresenta\u00e7\u00e3o dos Trabalhos (ONLINE)"},"content":{"rendered":"<p>Caros Autores,\u00a0 agradecemos por considerarem o ADM 2021 para enviar seus trabalhos.<\/p>\n<p>Este ano o Congresso ser\u00e1 totalmente online, entre os dias 25 e 27 de outubro, atrav\u00e9s da nossa plataforma de eventos.<\/p>\n<h1>Orienta\u00e7\u00f5es de Apresenta\u00e7\u00e3o<\/h1>\n<p>Nesta edi\u00e7\u00e3o, em virtude da pandemia da COVID-19, as apresenta\u00e7\u00f5es dos artigos selecionados ser\u00e3o realizadas online pela plataforma disponibilizada pelo evento.<\/p>\n<p>As apresenta\u00e7\u00f5es n\u00e3o ser\u00e3o obrigat\u00f3rias, por\u00e9m os autores que a apresentarem online, far\u00e3o jus ao certificado de apresenta\u00e7\u00e3o, constando o nome de todos os autores.<\/p>\n<p>A apresenta\u00e7\u00e3o online ter\u00e1 uma dura\u00e7\u00e3o de at\u00e9 15 minutos e dever\u00e1 ser <strong>GRAVADA.<\/strong><\/p>\n<p>Voc\u00ea dever\u00e1 seguir os seguintes passos:<\/p>\n<ol>\n<li>Trabalho est\u00e1 aprovado? Pague sua inscri\u00e7\u00e3o e ent\u00e3o ser\u00e1 liberada a op\u00e7\u00e3o APRESENTA\u00c7\u00c3O dentro do sistema do evento.<\/li>\n<li>Selecione at\u00e9 dia <strong>17\/10\/2021<\/strong> se voc\u00ea deseja apresentar seu trabalho. Voc\u00ea deve realizar a op\u00e7\u00e3o para cada trabalho aprovado<br \/>\nAqueles que n\u00e3o selecionar a op\u00e7\u00e3o at\u00e9 <strong>17\/10\/2021, <\/strong>ser\u00e1 considerado que n\u00e3o ir\u00e1 apresentar no evento.<\/li>\n<li>Realize a grava\u00e7\u00e3o do seu trabalho, seguindo o modelo de slides do evento e n\u00e3o ultrapassando 15 minutos.<\/li>\n<li>Realize o upload da sua apresenta\u00e7\u00e3o no Youtube, na sua pr\u00f3pria conta e canal.<\/li>\n<li>Copie o link do v\u00eddeo no Youtube e envie pelo sistema do Evento at\u00e9 o dia <strong>20\/10\/2021.<\/strong><\/li>\n<li>Durante os dias do evento haver\u00e1 uma \u00e1rea espec\u00edfica com seu trabalho, bem como um chat para que voc\u00ea possa interagir com as pessoas que assistirem seu trabalho, esse chat ficar\u00e1 gravado e voc\u00ea poder\u00e1 acessar em qualquer momento durante o evento e interagir, respondendo poss\u00edveis d\u00favidas.<\/li>\n<\/ol>\n<h2><strong>MODELO DE APRESENTA\u00c7\u00c3O:<\/strong><\/h2>\n<p>O autor deve elaborar apresenta\u00e7\u00e3o do artigo no Power Point, conforme modelo disponibilizado no site.<\/p>\n<p><a href=\"https:\/\/admpg.com.br\/2021\/wp-content\/uploads\/2021\/04\/ADM-2021-Modelo-para-Slides-1920x1080px.pptx\" target=\"_blank\" rel=\"noopener\"><strong>DOWNLOAD DO MODELO DE SLIDE PARA APRESENTA\u00c7\u00c3O<\/strong><\/a><\/p>\n<p>A apresenta\u00e7\u00e3o do artigo dever\u00e1 ser feita por qualquer um dos autores.<\/p>\n<h2><strong>GRAVA\u00c7\u00c3O DA APRESENTA\u00c7\u00c3O:<\/strong><\/h2>\n<p>Disponibilizamos aqui algumas informa\u00e7\u00f5es para explicar e alinhar o formato de apresenta\u00e7\u00e3o do seu trabalho.<\/p>\n<p>Ser\u00e1 poss\u00edvel realizar sua apresenta\u00e7\u00e3o atrav\u00e9s de V\u00cdDEO GRAVADO.<\/p>\n<p>Voc\u00ea dever\u00e1 gravar a apresenta\u00e7\u00e3o do seu trabalho em at\u00e9 15 minutos e nos enviar essa grava\u00e7\u00e3o via sistema at\u00e9 o dia <strong>20\/10.<\/strong><\/p>\n<p>Sugerimos que utilize os slides de apresenta\u00e7\u00e3o e grave sua webcam em conjunto, veja a imagem abaixo:<\/p>\n<p><img loading=\"lazy\" decoding=\"async\" class=\"size-medium wp-image-359 aligncenter\" src=\"https:\/\/admpg.com.br\/2021\/wp-content\/uploads\/2021\/10\/1-300x169.jpg\" alt=\"\" width=\"300\" height=\"169\" srcset=\"https:\/\/admpg.com.br\/2021\/wp-content\/uploads\/2021\/10\/1-300x169.jpg 300w, https:\/\/admpg.com.br\/2021\/wp-content\/uploads\/2021\/10\/1-1024x576.jpg 1024w, https:\/\/admpg.com.br\/2021\/wp-content\/uploads\/2021\/10\/1-768x432.jpg 768w, https:\/\/admpg.com.br\/2021\/wp-content\/uploads\/2021\/10\/1.jpg 1297w\" sizes=\"auto, (max-width: 300px) 100vw, 300px\" \/><\/p>\n<p>Voc\u00ea pode utilizar a ferramenta de sua prefer\u00eancia, por\u00e9m recomendamos que utilize ferramentas como o PowerPoint ou ScreenCast O Matic.<\/p>\n<p>Veja os v\u00eddeos tutoriais do Professor Albino de como realizar isso:<\/p>\n<p>Produ\u00e7\u00e3o de videoaulas &#8211; Gravando uma videoaula com o PowerPoint <a href=\"https:\/\/youtu.be\/z6k9HYOgewc\">https:\/\/youtu.be\/z6k9HYOgewc<\/a><\/p>\n<p>Produ\u00e7\u00e3o de videoaulas &#8211; Gravando a tela do computador com o Screencast-O-Matic <a href=\"https:\/\/youtu.be\/ICJGeV1Fadk\">https:\/\/youtu.be\/ICJGeV1Fadk<\/a><\/p>\n<p>Produ\u00e7\u00e3o de videoaulas &#8211; Gravando v\u00eddeo, slide, \u00e1udio, tela do computador com o ActivePresenter &#8211; <a href=\"https:\/\/youtu.be\/oOwE-WlRS-M\">https:\/\/youtu.be\/oOwE-WlRS-M<\/a><\/p>\n<h2><strong>DISPONIBILIZA\u00c7\u00c3O DA GRAVA\u00c7\u00c3O DA APRESENTA\u00c7\u00c3O NA PLATAFORMA DO EVENTO:<\/strong><\/h2>\n<p>Ap\u00f3s realizar a grava\u00e7\u00e3o, voc\u00ea dever\u00e1 REALIZAR O UPLOAD da sua apresenta\u00e7\u00e3o no YouTube e ent\u00e3o enviar via PLATAFORMA DO EVENTO o link do v\u00eddeo, sugerimos que deixe como LINK OCULTO.<\/p>\n<p>Esses v\u00eddeos pr\u00e9 gravados ser\u00e3o disponibilizados durante o evento, atrav\u00e9s do ambiente do EVENTO, possibilitando que os participantes assistam e interajam atrav\u00e9s de chats durante todo o dia. Voc\u00ea dever\u00e1 acessar durante os dias do evento, respondendo as d\u00favidas que forem postadas no chat do seu v\u00eddeo.<\/p>\n<p><strong>Os v\u00eddeos dever\u00e3o ser adicionados no Sistema do ADM 2021 at\u00e9 o dia 20\/10.<\/strong><\/p>\n","protected":false},"excerpt":{"rendered":"<p>Caros Autores,\u00a0 agradecemos por considerarem o ADM 2021 para enviar seus trabalhos. Este ano o Congresso ser\u00e1 totalmente online, entre os dias 25 e 27 de outubro, atrav\u00e9s da nossa plataforma de eventos. Orienta\u00e7\u00f5es de Apresenta\u00e7\u00e3o Nesta edi\u00e7\u00e3o, em virtude da pandemia da COVID-19, as apresenta\u00e7\u00f5es dos artigos selecionados ser\u00e3o realizadas online pela plataforma disponibilizada &hellip;<\/p>\n<p class=\"read-more\"> <a class=\"\" href=\"https:\/\/admpg.com.br\/2021\/apresentacao-dos-trabalhos-online\/\"> <span class=\"screen-reader-text\">Apresenta\u00e7\u00e3o dos Trabalhos (ONLINE)<\/span> Leia mais &raquo;<\/a><\/p>\n","protected":false},"author":1,"featured_media":0,"parent":0,"menu_order":0,"comment_status":"closed","ping_status":"closed","template":"","meta":{"footnotes":""},"class_list":["post-357","page","type-page","status-publish","hentry"],"yoast_head":"<!-- This site is optimized with the Yoast SEO plugin v16.1.1 - https:\/\/yoast.com\/wordpress\/plugins\/seo\/ -->\n<title>Apresenta\u00e7\u00e3o dos Trabalhos (ONLINE) - Congresso Internacional de Administra\u00e7\u00e3o - ADM 2021<\/title>\n<link rel=\"canonical\" href=\"https:\/\/admpg.com.br\/2021\/apresentacao-dos-trabalhos-online\/\" \/>\n<meta property=\"og:locale\" content=\"pt_BR\" \/>\n<meta property=\"og:type\" content=\"article\" \/>\n<meta property=\"og:title\" content=\"Apresenta\u00e7\u00e3o dos Trabalhos (ONLINE) - Congresso Internacional de Administra\u00e7\u00e3o - ADM 2021\" \/>\n<meta property=\"og:description\" content=\"Caros Autores,\u00a0 agradecemos por considerarem o ADM 2021 para enviar seus trabalhos. Este ano o Congresso ser\u00e1 totalmente online, entre os dias 25 e 27 de outubro, atrav\u00e9s da nossa plataforma de eventos. Orienta\u00e7\u00f5es de Apresenta\u00e7\u00e3o Nesta edi\u00e7\u00e3o, em virtude da pandemia da COVID-19, as apresenta\u00e7\u00f5es dos artigos selecionados ser\u00e3o realizadas online pela plataforma disponibilizada &hellip; Apresenta\u00e7\u00e3o dos Trabalhos (ONLINE) Leia mais &raquo;\" \/>\n<meta property=\"og:url\" content=\"https:\/\/admpg.com.br\/2021\/apresentacao-dos-trabalhos-online\/\" \/>\n<meta property=\"og:site_name\" content=\"Congresso Internacional de Administra\u00e7\u00e3o - ADM 2021\" \/>\n<meta property=\"article:modified_time\" content=\"2021-10-08T18:01:00+00:00\" \/>\n<meta property=\"og:image\" content=\"https:\/\/admpg.com.br\/2021\/wp-content\/uploads\/2021\/10\/1-300x169.jpg\" \/>\n<meta name=\"twitter:card\" content=\"summary_large_image\" \/>\n<meta name=\"twitter:label1\" content=\"Est. tempo de leitura\">\n\t<meta name=\"twitter:data1\" content=\"3 minutos\">\n<script type=\"application\/ld+json\" class=\"yoast-schema-graph\">{\"@context\":\"https:\/\/schema.org\",\"@graph\":[{\"@type\":\"WebSite\",\"@id\":\"https:\/\/admpg.com.br\/2021\/#website\",\"url\":\"https:\/\/admpg.com.br\/2021\/\",\"name\":\"Congresso Internacional de Administra\\u00e7\\u00e3o - ADM 2021\",\"description\":\"ADM 2021\",\"potentialAction\":[{\"@type\":\"SearchAction\",\"target\":\"https:\/\/admpg.com.br\/2021\/?s={search_term_string}\",\"query-input\":\"required name=search_term_string\"}],\"inLanguage\":\"pt-BR\"},{\"@type\":\"ImageObject\",\"@id\":\"https:\/\/admpg.com.br\/2021\/apresentacao-dos-trabalhos-online\/#primaryimage\",\"inLanguage\":\"pt-BR\",\"url\":\"https:\/\/admpg.com.br\/2021\/wp-content\/uploads\/2021\/10\/1.jpg\",\"contentUrl\":\"https:\/\/admpg.com.br\/2021\/wp-content\/uploads\/2021\/10\/1.jpg\",\"width\":1297,\"height\":730},{\"@type\":\"WebPage\",\"@id\":\"https:\/\/admpg.com.br\/2021\/apresentacao-dos-trabalhos-online\/#webpage\",\"url\":\"https:\/\/admpg.com.br\/2021\/apresentacao-dos-trabalhos-online\/\",\"name\":\"Apresenta\\u00e7\\u00e3o dos Trabalhos (ONLINE) - Congresso Internacional de Administra\\u00e7\\u00e3o - ADM 2021\",\"isPartOf\":{\"@id\":\"https:\/\/admpg.com.br\/2021\/#website\"},\"primaryImageOfPage\":{\"@id\":\"https:\/\/admpg.com.br\/2021\/apresentacao-dos-trabalhos-online\/#primaryimage\"},\"datePublished\":\"2021-10-08T00:29:02+00:00\",\"dateModified\":\"2021-10-08T18:01:00+00:00\",\"breadcrumb\":{\"@id\":\"https:\/\/admpg.com.br\/2021\/apresentacao-dos-trabalhos-online\/#breadcrumb\"},\"inLanguage\":\"pt-BR\",\"potentialAction\":[{\"@type\":\"ReadAction\",\"target\":[\"https:\/\/admpg.com.br\/2021\/apresentacao-dos-trabalhos-online\/\"]}]},{\"@type\":\"BreadcrumbList\",\"@id\":\"https:\/\/admpg.com.br\/2021\/apresentacao-dos-trabalhos-online\/#breadcrumb\",\"itemListElement\":[{\"@type\":\"ListItem\",\"position\":1,\"item\":{\"@type\":\"WebPage\",\"@id\":\"https:\/\/admpg.com.br\/2021\/\",\"url\":\"https:\/\/admpg.com.br\/2021\/\",\"name\":\"In\\u00edcio\"}},{\"@type\":\"ListItem\",\"position\":2,\"item\":{\"@type\":\"WebPage\",\"@id\":\"https:\/\/admpg.com.br\/2021\/apresentacao-dos-trabalhos-online\/\",\"url\":\"https:\/\/admpg.com.br\/2021\/apresentacao-dos-trabalhos-online\/\",\"name\":\"Apresenta\\u00e7\\u00e3o dos Trabalhos (ONLINE)\"}}]}]}<\/script>\n<!-- \/ Yoast SEO plugin. -->","_links":{"self":[{"href":"https:\/\/admpg.com.br\/2021\/wp-json\/wp\/v2\/pages\/357","targetHints":{"allow":["GET"]}}],"collection":[{"href":"https:\/\/admpg.com.br\/2021\/wp-json\/wp\/v2\/pages"}],"about":[{"href":"https:\/\/admpg.com.br\/2021\/wp-json\/wp\/v2\/types\/page"}],"author":[{"embeddable":true,"href":"https:\/\/admpg.com.br\/2021\/wp-json\/wp\/v2\/users\/1"}],"replies":[{"embeddable":true,"href":"https:\/\/admpg.com.br\/2021\/wp-json\/wp\/v2\/comments?post=357"}],"version-history":[{"count":4,"href":"https:\/\/admpg.com.br\/2021\/wp-json\/wp\/v2\/pages\/357\/revisions"}],"predecessor-version":[{"id":367,"href":"https:\/\/admpg.com.br\/2021\/wp-json\/wp\/v2\/pages\/357\/revisions\/367"}],"wp:attachment":[{"href":"https:\/\/admpg.com.br\/2021\/wp-json\/wp\/v2\/media?parent=357"}],"curies":[{"name":"wp","href":"https:\/\/api.w.org\/{rel}","templated":true}]}}