{"id":3026,"date":"2020-09-29T13:21:58","date_gmt":"2020-09-29T13:21:58","guid":{"rendered":"https:\/\/admpg.com.br\/2020\/?page_id=3026"},"modified":"2020-09-29T13:21:58","modified_gmt":"2020-09-29T13:21:58","slug":"termos-de-uso","status":"publish","type":"page","link":"https:\/\/admpg.com.br\/2020\/termos-de-uso\/","title":{"rendered":"Termos de Uso"},"content":{"rendered":"<h2>1. Termos<\/h2>\n<p>Ao acessar ao site <a href=\"https:\/\/admpg.com.br\/2020\">ADM 2020 &#8211; Congresso Internacional de Administra\u00e7\u00e3o<\/a>, concorda em cumprir estes termos de servi\u00e7o, todas as leis e regulamentos aplic\u00e1veis \u200b\u200be concorda que \u00e9 respons\u00e1vel pelo cumprimento de todas as leis locais aplic\u00e1veis. Se voc\u00ea n\u00e3o concordar com algum desses termos, est\u00e1 proibido de usar ou acessar este site. Os materiais contidos neste site s\u00e3o protegidos pelas leis de direitos autorais e marcas comerciais aplic\u00e1veis.<\/p>\n<h2>2. Uso de Licen\u00e7a<\/h2>\n<p>\u00c9 concedida permiss\u00e3o para baixar temporariamente uma c\u00f3pia dos materiais (informa\u00e7\u00f5es ou software) no site ADM 2020 &#8211; Congresso Internacional de Administra\u00e7\u00e3o , apenas para visualiza\u00e7\u00e3o transit\u00f3ria pessoal e n\u00e3o comercial. Esta \u00e9 a concess\u00e3o de uma licen\u00e7a, n\u00e3o uma transfer\u00eancia de t\u00edtulo e, sob esta licen\u00e7a, voc\u00ea n\u00e3o pode:<\/p>\n<ol>\n<li>modificar ou copiar os materiais;<\/li>\n<li>usar os materiais para qualquer finalidade comercial ou para exibi\u00e7\u00e3o p\u00fablica (comercial ou n\u00e3o comercial);<\/li>\n<li>tentar descompilar ou fazer engenharia reversa de qualquer software contido no site ADM 2020 &#8211; Congresso Internacional de Administra\u00e7\u00e3o;<\/li>\n<li>remover quaisquer direitos autorais ou outras nota\u00e7\u00f5es de propriedade dos materiais; ou<\/li>\n<li>transferir os materiais para outra pessoa ou &#8216;espelhe&#8217; os materiais em qualquer outro servidor.<\/li>\n<\/ol>\n<p>Esta licen\u00e7a ser\u00e1 automaticamente rescindida se voc\u00ea violar alguma dessas restri\u00e7\u00f5es e poder\u00e1 ser rescindida por ADM 2020 &#8211; Congresso Internacional de Administra\u00e7\u00e3o a qualquer momento. Ao encerrar a visualiza\u00e7\u00e3o desses materiais ou ap\u00f3s o t\u00e9rmino desta licen\u00e7a, voc\u00ea deve apagar todos os materiais baixados em sua posse, seja em formato eletr\u00f3nico ou impresso.<\/p>\n<h2>3. Isen\u00e7\u00e3o de responsabilidade<\/h2>\n<ol>\n<li>Os materiais no site da ADM 2020 &#8211; Congresso Internacional de Administra\u00e7\u00e3o s\u00e3o fornecidos &#8216;como est\u00e3o&#8217;. ADM 2020 &#8211; Congresso Internacional de Administra\u00e7\u00e3o n\u00e3o oferece garantias, expressas ou impl\u00edcitas, e, por este meio, isenta e nega todas as outras garantias, incluindo, sem limita\u00e7\u00e3o, garantias impl\u00edcitas ou condi\u00e7\u00f5es de comercializa\u00e7\u00e3o, adequa\u00e7\u00e3o a um fim espec\u00edfico ou n\u00e3o viola\u00e7\u00e3o de propriedade intelectual ou outra viola\u00e7\u00e3o de direitos.<\/li>\n<li>Al\u00e9m disso, o ADM 2020 &#8211; Congresso Internacional de Administra\u00e7\u00e3o n\u00e3o garante ou faz qualquer representa\u00e7\u00e3o relativa \u00e0 precis\u00e3o, aos resultados prov\u00e1veis \u200b\u200bou \u00e0 confiabilidade do uso dos materiais em seu site ou de outra forma relacionado a esses materiais ou em sites vinculados a este site.<\/li>\n<\/ol>\n<h2>4. Limita\u00e7\u00f5es<\/h2>\n<p>Em nenhum caso o ADM 2020 &#8211; Congresso Internacional de Administra\u00e7\u00e3o ou seus fornecedores ser\u00e3o respons\u00e1veis \u200b\u200bpor quaisquer danos (incluindo, sem limita\u00e7\u00e3o, danos por perda de dados ou lucro ou devido a interrup\u00e7\u00e3o dos neg\u00f3cios) decorrentes do uso ou da incapacidade de usar os materiais em ADM 2020 &#8211; Congresso Internacional de Administra\u00e7\u00e3o, mesmo que ADM 2020 &#8211; Congresso Internacional de Administra\u00e7\u00e3o ou um representante autorizado da ADM 2020 &#8211; Congresso Internacional de Administra\u00e7\u00e3o tenha sido notificado oralmente ou por escrito da possibilidade de tais danos. Como algumas jurisdi\u00e7\u00f5es n\u00e3o permitem limita\u00e7\u00f5es em garantias impl\u00edcitas, ou limita\u00e7\u00f5es de responsabilidade por danos conseq\u00fcentes ou incidentais, essas limita\u00e7\u00f5es podem n\u00e3o se aplicar a voc\u00ea.<\/p>\n<h3>Precis\u00e3o dos materiais<\/h3>\n<p>Os materiais exibidos no site da ADM 2020 &#8211; Congresso Internacional de Administra\u00e7\u00e3o podem incluir erros t\u00e9cnicos, tipogr\u00e1ficos ou fotogr\u00e1ficos. ADM 2020 &#8211; Congresso Internacional de Administra\u00e7\u00e3o n\u00e3o garante que qualquer material em seu site seja preciso, completo ou atual. ADM 2020 &#8211; Congresso Internacional de Administra\u00e7\u00e3o pode fazer altera\u00e7\u00f5es nos materiais contidos em seu site a qualquer momento, sem aviso pr\u00e9vio. No entanto, ADM 2020 &#8211; Congresso Internacional de Administra\u00e7\u00e3o n\u00e3o se compromete a atualizar os materiais.<\/p>\n<h2>6. Links<\/h2>\n<p>O ADM 2020 &#8211; Congresso Internacional de Administra\u00e7\u00e3o n\u00e3o analisou todos os sites vinculados ao seu site e n\u00e3o \u00e9 respons\u00e1vel pelo conte\u00fado de nenhum site vinculado. A inclus\u00e3o de qualquer link n\u00e3o implica endosso por ADM 2020 &#8211; Congresso Internacional de Administra\u00e7\u00e3o do site. O uso de qualquer site vinculado \u00e9 por conta e risco do usu\u00e1rio.<\/p>\n<h3>Modifica\u00e7\u00f5es<\/h3>\n<p>O ADM 2020 &#8211; Congresso Internacional de Administra\u00e7\u00e3o pode revisar estes termos de servi\u00e7o do site a qualquer momento, sem aviso pr\u00e9vio. Ao usar este site, voc\u00ea concorda em ficar vinculado \u00e0 vers\u00e3o atual desses termos de servi\u00e7o.<\/p>\n<h3>Lei aplic\u00e1vel<\/h3>\n<p>Estes termos e condi\u00e7\u00f5es s\u00e3o regidos e interpretados de acordo com as leis do ADM 2020 &#8211; Congresso Internacional de Administra\u00e7\u00e3o e voc\u00ea se submete irrevogavelmente \u00e0 jurisdi\u00e7\u00e3o exclusiva dos tribunais naquele estado ou localidade.<\/p>\n","protected":false},"excerpt":{"rendered":"<p>1. Termos Ao acessar ao site ADM 2020 &#8211; Congresso Internacional de Administra\u00e7\u00e3o, concorda em cumprir estes termos de servi\u00e7o, todas as leis e regulamentos aplic\u00e1veis \u200b\u200be concorda que \u00e9 respons\u00e1vel pelo cumprimento de todas as leis locais aplic\u00e1veis. Se voc\u00ea n\u00e3o concordar com algum desses termos, est\u00e1 proibido de usar ou acessar este site.&nbsp;<\/p>\n<p><a class=\"btn btn-style\" href=\"https:\/\/admpg.com.br\/2020\/termos-de-uso\/\">Continue lendo<\/a><\/p>\n","protected":false},"author":2,"featured_media":0,"parent":0,"menu_order":0,"comment_status":"closed","ping_status":"closed","template":"","meta":[],"yoast_head":"<!-- This site is optimized with the Yoast SEO plugin v19.10 - https:\/\/yoast.com\/wordpress\/plugins\/seo\/ -->\n<title>Termos de Uso - ADM 2020<\/title>\n<meta name=\"robots\" content=\"index, follow, max-snippet:-1, max-image-preview:large, max-video-preview:-1\" \/>\n<link rel=\"canonical\" href=\"https:\/\/admpg.com.br\/2020\/termos-de-uso\/\" \/>\n<meta property=\"og:locale\" content=\"pt_BR\" \/>\n<meta property=\"og:type\" content=\"article\" \/>\n<meta property=\"og:title\" content=\"Termos de Uso - ADM 2020\" \/>\n<meta property=\"og:description\" content=\"1. Termos Ao acessar ao site ADM 2020 &#8211; Congresso Internacional de Administra\u00e7\u00e3o, concorda em cumprir estes termos de servi\u00e7o, todas as leis e regulamentos aplic\u00e1veis \u200b\u200be concorda que \u00e9 respons\u00e1vel pelo cumprimento de todas as leis locais aplic\u00e1veis. Se voc\u00ea n\u00e3o concordar com algum desses termos, est\u00e1 proibido de usar ou acessar este site.&nbsp;Continue lendo\" \/>\n<meta property=\"og:url\" content=\"https:\/\/admpg.com.br\/2020\/termos-de-uso\/\" \/>\n<meta property=\"og:site_name\" content=\"ADM 2020\" \/>\n<meta name=\"twitter:card\" content=\"summary_large_image\" \/>\n<meta name=\"twitter:label1\" content=\"Est. tempo de leitura\" \/>\n\t<meta name=\"twitter:data1\" content=\"4 minutos\" \/>\n<script type=\"application\/ld+json\" class=\"yoast-schema-graph\">{\"@context\":\"https:\/\/schema.org\",\"@graph\":[{\"@type\":\"WebPage\",\"@id\":\"https:\/\/admpg.com.br\/2020\/termos-de-uso\/\",\"url\":\"https:\/\/admpg.com.br\/2020\/termos-de-uso\/\",\"name\":\"Termos de Uso - ADM 2020\",\"isPartOf\":{\"@id\":\"https:\/\/admpg.com.br\/2020\/#website\"},\"datePublished\":\"2020-09-29T13:21:58+00:00\",\"dateModified\":\"2020-09-29T13:21:58+00:00\",\"breadcrumb\":{\"@id\":\"https:\/\/admpg.com.br\/2020\/termos-de-uso\/#breadcrumb\"},\"inLanguage\":\"pt-BR\",\"potentialAction\":[{\"@type\":\"ReadAction\",\"target\":[\"https:\/\/admpg.com.br\/2020\/termos-de-uso\/\"]}]},{\"@type\":\"BreadcrumbList\",\"@id\":\"https:\/\/admpg.com.br\/2020\/termos-de-uso\/#breadcrumb\",\"itemListElement\":[{\"@type\":\"ListItem\",\"position\":1,\"name\":\"In\u00edcio\",\"item\":\"https:\/\/admpg.com.br\/2020\/\"},{\"@type\":\"ListItem\",\"position\":2,\"name\":\"Termos de Uso\"}]},{\"@type\":\"WebSite\",\"@id\":\"https:\/\/admpg.com.br\/2020\/#website\",\"url\":\"https:\/\/admpg.com.br\/2020\/\",\"name\":\"ADM 2020\",\"description\":\"Congresso Internacional de Administra\u00e7\u00e3o 2019\",\"potentialAction\":[{\"@type\":\"SearchAction\",\"target\":{\"@type\":\"EntryPoint\",\"urlTemplate\":\"https:\/\/admpg.com.br\/2020\/?s={search_term_string}\"},\"query-input\":\"required name=search_term_string\"}],\"inLanguage\":\"pt-BR\"}]}<\/script>\n<!-- \/ Yoast SEO plugin. -->","yoast_head_json":{"title":"Termos de Uso - ADM 2020","robots":{"index":"index","follow":"follow","max-snippet":"max-snippet:-1","max-image-preview":"max-image-preview:large","max-video-preview":"max-video-preview:-1"},"canonical":"https:\/\/admpg.com.br\/2020\/termos-de-uso\/","og_locale":"pt_BR","og_type":"article","og_title":"Termos de Uso - ADM 2020","og_description":"1. Termos Ao acessar ao site ADM 2020 &#8211; Congresso Internacional de Administra\u00e7\u00e3o, concorda em cumprir estes termos de servi\u00e7o, todas as leis e regulamentos aplic\u00e1veis \u200b\u200be concorda que \u00e9 respons\u00e1vel pelo cumprimento de todas as leis locais aplic\u00e1veis. Se voc\u00ea n\u00e3o concordar com algum desses termos, est\u00e1 proibido de usar ou acessar este site.&nbsp;Continue lendo","og_url":"https:\/\/admpg.com.br\/2020\/termos-de-uso\/","og_site_name":"ADM 2020","twitter_card":"summary_large_image","twitter_misc":{"Est. tempo de leitura":"4 minutos"},"schema":{"@context":"https:\/\/schema.org","@graph":[{"@type":"WebPage","@id":"https:\/\/admpg.com.br\/2020\/termos-de-uso\/","url":"https:\/\/admpg.com.br\/2020\/termos-de-uso\/","name":"Termos de Uso - ADM 2020","isPartOf":{"@id":"https:\/\/admpg.com.br\/2020\/#website"},"datePublished":"2020-09-29T13:21:58+00:00","dateModified":"2020-09-29T13:21:58+00:00","breadcrumb":{"@id":"https:\/\/admpg.com.br\/2020\/termos-de-uso\/#breadcrumb"},"inLanguage":"pt-BR","potentialAction":[{"@type":"ReadAction","target":["https:\/\/admpg.com.br\/2020\/termos-de-uso\/"]}]},{"@type":"BreadcrumbList","@id":"https:\/\/admpg.com.br\/2020\/termos-de-uso\/#breadcrumb","itemListElement":[{"@type":"ListItem","position":1,"name":"In\u00edcio","item":"https:\/\/admpg.com.br\/2020\/"},{"@type":"ListItem","position":2,"name":"Termos de Uso"}]},{"@type":"WebSite","@id":"https:\/\/admpg.com.br\/2020\/#website","url":"https:\/\/admpg.com.br\/2020\/","name":"ADM 2020","description":"Congresso Internacional de Administra\u00e7\u00e3o 2019","potentialAction":[{"@type":"SearchAction","target":{"@type":"EntryPoint","urlTemplate":"https:\/\/admpg.com.br\/2020\/?s={search_term_string}"},"query-input":"required name=search_term_string"}],"inLanguage":"pt-BR"}]}},"_links":{"self":[{"href":"https:\/\/admpg.com.br\/2020\/wp-json\/wp\/v2\/pages\/3026"}],"collection":[{"href":"https:\/\/admpg.com.br\/2020\/wp-json\/wp\/v2\/pages"}],"about":[{"href":"https:\/\/admpg.com.br\/2020\/wp-json\/wp\/v2\/types\/page"}],"author":[{"embeddable":true,"href":"https:\/\/admpg.com.br\/2020\/wp-json\/wp\/v2\/users\/2"}],"replies":[{"embeddable":true,"href":"https:\/\/admpg.com.br\/2020\/wp-json\/wp\/v2\/comments?post=3026"}],"version-history":[{"count":1,"href":"https:\/\/admpg.com.br\/2020\/wp-json\/wp\/v2\/pages\/3026\/revisions"}],"predecessor-version":[{"id":3027,"href":"https:\/\/admpg.com.br\/2020\/wp-json\/wp\/v2\/pages\/3026\/revisions\/3027"}],"wp:attachment":[{"href":"https:\/\/admpg.com.br\/2020\/wp-json\/wp\/v2\/media?parent=3026"}],"curies":[{"name":"wp","href":"https:\/\/api.w.org\/{rel}","templated":true}]}}