{"id":1942,"date":"2019-01-24T16:07:15","date_gmt":"2019-01-24T16:07:15","guid":{"rendered":"http:\/\/admpg.com.br\/2020\/?page_id=1942"},"modified":"2020-11-06T22:10:24","modified_gmt":"2020-11-06T22:10:24","slug":"anaisadm","status":"publish","type":"page","link":"https:\/\/admpg.com.br\/2020\/anaisadm\/","title":{"rendered":"Anais"},"content":{"rendered":"<p><a href=\"http:\/\/anteriores.admpg.com.br\/2007\/anais\/2004\/\">Anais ADM 2004, vol 1 &#8211; Gest\u00e3o de Habilidades e Compet\u00eancias<\/a><\/p>\n<p><a href=\"http:\/\/anteriores.admpg.com.br\/2007\/anais\/2005\/\">Anais ADM 2005, vol 1 &#8211; Gest\u00e3o Estrat\u00e9gica Rumo \u00e0 Competitividade<\/a><\/p>\n<p><a href=\"http:\/\/anteriores.admpg.com.br\/2006\/index.php?clssid=2&amp;pg=14\">Anais ADM 2006, vol 1 &#8211; Gest\u00e3o Estrat\u00e9gica para Competitividade<\/a><\/p>\n<p><a href=\"http:\/\/anteriores.admpg.com.br\/2007\/index.php?page=5&amp;lang=1&amp;sub=17\">Anais ADM 2007, vol 1 &#8211; Gest\u00e3o Estrat\u00e9gica para o Desenvolvimento Sustent\u00e1vel<\/a><\/p>\n<p><a href=\"http:\/\/anteriores.admpg.com.br\/2008\/index.php?page=5&amp;lang=1&amp;sub=17\">Anais ADM 2008, vol 1 &#8211; Gest\u00e3o Estrat\u00e9gica na Era do Conhecimento<\/a><\/p>\n<p><a href=\"http:\/\/anteriores.admpg.com.br\/2009\/\">Anais ADM 2009, vol 1 &#8211; Gest\u00e3o Estrat\u00e9gica em tempos de mudan\u00e7a<\/a><\/p>\n<p><a href=\"http:\/\/anteriores.admpg.com.br\/2010\/selecionados.php\">Anais ADM 2010, vol 1 &#8211; Gest\u00e3o Estrat\u00e9gica: Inova\u00e7\u00e3o, Tecnologia e Sustentabilidade<\/a><\/p>\n<p><a href=\"http:\/\/anteriores.admpg.com.br\/2011\/selecionados.php\">Anais ADM 2011, vol 1 &#8211; Gest\u00e3o Estrat\u00e9gica: Inova\u00e7\u00e3o Colaborativa e Competitividade<\/a><\/p>\n<p><a href=\"http:\/\/anteriores.admpg.com.br\/2012\/selecionados.php\">Anais ADM 2012, vol 1 &#8211; Gest\u00e3o Estrat\u00e9gica: Empreendedorismo e Sustentabilidade<\/a><\/p>\n<p><a href=\"http:\/\/anteriores.admpg.com.br\/2013\/selecionados.php\">Anais ADM 2013, vol 1 &#8211; Gest\u00e3o Estrat\u00e9gica: Criatividade e Interatividade<\/a><\/p>\n<p><a href=\"http:\/\/anteriores.admpg.com.br\/2014\/selecionados.php\">Anais ADM 2014, vol 1 &#8211; Gest\u00e3o Estrat\u00e9gica: \u00c9tica e Transpar\u00eancia nas Organiza\u00e7\u00f5es<\/a><\/p>\n<p><a href=\"http:\/\/anteriores.admpg.com.br\/2015\/selecionados.php\">Anais ADM 2015, vol 1 &#8211; Gest\u00e3o Estrat\u00e9gica: Tecnologia e o Impacto nas Organiza\u00e7\u00f5es<\/a><\/p>\n<p><a href=\"http:\/\/anteriores.admpg.com.br\/2016\/selecionados.php\">Anais ADM 2016, vol 1 &#8211; Gest\u00e3o Estrat\u00e9gica: Da Crise \u00e0 Oportunidade<\/a><\/p>\n<p><a href=\"http:\/\/anteriores.admpg.com.br\/2017\/selecionados.php\">Anais ADM 2017, vol 1 &#8211; Conhecimento. A Alavanca do Desenvolvimento<\/a><\/p>\n<p><a href=\"https:\/\/admpg2018.com.br\/anais\/2018\/\">Anais ADM 2018, vol 1 &#8211; Coopera\u00e7\u00e3o e Desenvolvimento<\/a><\/p>\n<p><a href=\"http:\/\/admpg.com.br\/2019\/anais\/\">Anais ADM 2019, vol 1 &#8211; ADMINISTRA\u00c7\u00c3O 4.0<\/a><\/p>\n<p><a href=\"http:\/\/admpg.com.br\/2020\/anais\/\">Anais ADM 2020, vol 1 &#8211; AS NOVAS FRONTEIRAS DA ADMINISTRA\u00c7\u00c3O.<\/a><\/p>\n","protected":false},"excerpt":{"rendered":"<p>Anais ADM 2004, vol 1 &#8211; Gest\u00e3o de Habilidades e Compet\u00eancias Anais ADM 2005, vol 1 &#8211; Gest\u00e3o Estrat\u00e9gica Rumo \u00e0 Competitividade Anais ADM 2006, vol 1 &#8211; Gest\u00e3o Estrat\u00e9gica para Competitividade Anais ADM 2007, vol 1 &#8211; Gest\u00e3o Estrat\u00e9gica para o Desenvolvimento Sustent\u00e1vel Anais ADM 2008, vol 1 &#8211; Gest\u00e3o Estrat\u00e9gica na Era do&nbsp;<\/p>\n<p><a class=\"btn btn-style\" href=\"https:\/\/admpg.com.br\/2020\/anaisadm\/\">Continue lendo<\/a><\/p>\n","protected":false},"author":1,"featured_media":0,"parent":0,"menu_order":0,"comment_status":"closed","ping_status":"closed","template":"","meta":[],"yoast_head":"<!-- This site is optimized with the Yoast SEO plugin v19.10 - https:\/\/yoast.com\/wordpress\/plugins\/seo\/ -->\n<title>Anais - ADM 2020<\/title>\n<meta name=\"robots\" content=\"index, follow, max-snippet:-1, max-image-preview:large, max-video-preview:-1\" \/>\n<link rel=\"canonical\" href=\"https:\/\/admpg.com.br\/2020\/anaisadm\/\" \/>\n<meta property=\"og:locale\" content=\"pt_BR\" \/>\n<meta property=\"og:type\" content=\"article\" \/>\n<meta property=\"og:title\" content=\"Anais - ADM 2020\" \/>\n<meta property=\"og:description\" content=\"Anais ADM 2004, vol 1 &#8211; Gest\u00e3o de Habilidades e Compet\u00eancias Anais ADM 2005, vol 1 &#8211; Gest\u00e3o Estrat\u00e9gica Rumo \u00e0 Competitividade Anais ADM 2006, vol 1 &#8211; Gest\u00e3o Estrat\u00e9gica para Competitividade Anais ADM 2007, vol 1 &#8211; Gest\u00e3o Estrat\u00e9gica para o Desenvolvimento Sustent\u00e1vel Anais ADM 2008, vol 1 &#8211; Gest\u00e3o Estrat\u00e9gica na Era do&nbsp;Continue lendo\" \/>\n<meta property=\"og:url\" content=\"https:\/\/admpg.com.br\/2020\/anaisadm\/\" \/>\n<meta property=\"og:site_name\" content=\"ADM 2020\" \/>\n<meta property=\"article:modified_time\" content=\"2020-11-06T22:10:24+00:00\" \/>\n<meta name=\"twitter:card\" content=\"summary_large_image\" \/>\n<meta name=\"twitter:label1\" content=\"Est. tempo de leitura\" \/>\n\t<meta name=\"twitter:data1\" content=\"1 minuto\" \/>\n<script type=\"application\/ld+json\" class=\"yoast-schema-graph\">{\"@context\":\"https:\/\/schema.org\",\"@graph\":[{\"@type\":\"WebPage\",\"@id\":\"https:\/\/admpg.com.br\/2020\/anaisadm\/\",\"url\":\"https:\/\/admpg.com.br\/2020\/anaisadm\/\",\"name\":\"Anais - ADM 2020\",\"isPartOf\":{\"@id\":\"https:\/\/admpg.com.br\/2020\/#website\"},\"datePublished\":\"2019-01-24T16:07:15+00:00\",\"dateModified\":\"2020-11-06T22:10:24+00:00\",\"breadcrumb\":{\"@id\":\"https:\/\/admpg.com.br\/2020\/anaisadm\/#breadcrumb\"},\"inLanguage\":\"pt-BR\",\"potentialAction\":[{\"@type\":\"ReadAction\",\"target\":[\"https:\/\/admpg.com.br\/2020\/anaisadm\/\"]}]},{\"@type\":\"BreadcrumbList\",\"@id\":\"https:\/\/admpg.com.br\/2020\/anaisadm\/#breadcrumb\",\"itemListElement\":[{\"@type\":\"ListItem\",\"position\":1,\"name\":\"In\u00edcio\",\"item\":\"https:\/\/admpg.com.br\/2020\/\"},{\"@type\":\"ListItem\",\"position\":2,\"name\":\"Anais\"}]},{\"@type\":\"WebSite\",\"@id\":\"https:\/\/admpg.com.br\/2020\/#website\",\"url\":\"https:\/\/admpg.com.br\/2020\/\",\"name\":\"ADM 2020\",\"description\":\"Congresso Internacional de Administra\u00e7\u00e3o 2019\",\"potentialAction\":[{\"@type\":\"SearchAction\",\"target\":{\"@type\":\"EntryPoint\",\"urlTemplate\":\"https:\/\/admpg.com.br\/2020\/?s={search_term_string}\"},\"query-input\":\"required name=search_term_string\"}],\"inLanguage\":\"pt-BR\"}]}<\/script>\n<!-- \/ Yoast SEO plugin. -->","yoast_head_json":{"title":"Anais - ADM 2020","robots":{"index":"index","follow":"follow","max-snippet":"max-snippet:-1","max-image-preview":"max-image-preview:large","max-video-preview":"max-video-preview:-1"},"canonical":"https:\/\/admpg.com.br\/2020\/anaisadm\/","og_locale":"pt_BR","og_type":"article","og_title":"Anais - ADM 2020","og_description":"Anais ADM 2004, vol 1 &#8211; Gest\u00e3o de Habilidades e Compet\u00eancias Anais ADM 2005, vol 1 &#8211; Gest\u00e3o Estrat\u00e9gica Rumo \u00e0 Competitividade Anais ADM 2006, vol 1 &#8211; Gest\u00e3o Estrat\u00e9gica para Competitividade Anais ADM 2007, vol 1 &#8211; Gest\u00e3o Estrat\u00e9gica para o Desenvolvimento Sustent\u00e1vel Anais ADM 2008, vol 1 &#8211; Gest\u00e3o Estrat\u00e9gica na Era do&nbsp;Continue lendo","og_url":"https:\/\/admpg.com.br\/2020\/anaisadm\/","og_site_name":"ADM 2020","article_modified_time":"2020-11-06T22:10:24+00:00","twitter_card":"summary_large_image","twitter_misc":{"Est. tempo de leitura":"1 minuto"},"schema":{"@context":"https:\/\/schema.org","@graph":[{"@type":"WebPage","@id":"https:\/\/admpg.com.br\/2020\/anaisadm\/","url":"https:\/\/admpg.com.br\/2020\/anaisadm\/","name":"Anais - ADM 2020","isPartOf":{"@id":"https:\/\/admpg.com.br\/2020\/#website"},"datePublished":"2019-01-24T16:07:15+00:00","dateModified":"2020-11-06T22:10:24+00:00","breadcrumb":{"@id":"https:\/\/admpg.com.br\/2020\/anaisadm\/#breadcrumb"},"inLanguage":"pt-BR","potentialAction":[{"@type":"ReadAction","target":["https:\/\/admpg.com.br\/2020\/anaisadm\/"]}]},{"@type":"BreadcrumbList","@id":"https:\/\/admpg.com.br\/2020\/anaisadm\/#breadcrumb","itemListElement":[{"@type":"ListItem","position":1,"name":"In\u00edcio","item":"https:\/\/admpg.com.br\/2020\/"},{"@type":"ListItem","position":2,"name":"Anais"}]},{"@type":"WebSite","@id":"https:\/\/admpg.com.br\/2020\/#website","url":"https:\/\/admpg.com.br\/2020\/","name":"ADM 2020","description":"Congresso Internacional de Administra\u00e7\u00e3o 2019","potentialAction":[{"@type":"SearchAction","target":{"@type":"EntryPoint","urlTemplate":"https:\/\/admpg.com.br\/2020\/?s={search_term_string}"},"query-input":"required name=search_term_string"}],"inLanguage":"pt-BR"}]}},"_links":{"self":[{"href":"https:\/\/admpg.com.br\/2020\/wp-json\/wp\/v2\/pages\/1942"}],"collection":[{"href":"https:\/\/admpg.com.br\/2020\/wp-json\/wp\/v2\/pages"}],"about":[{"href":"https:\/\/admpg.com.br\/2020\/wp-json\/wp\/v2\/types\/page"}],"author":[{"embeddable":true,"href":"https:\/\/admpg.com.br\/2020\/wp-json\/wp\/v2\/users\/1"}],"replies":[{"embeddable":true,"href":"https:\/\/admpg.com.br\/2020\/wp-json\/wp\/v2\/comments?post=1942"}],"version-history":[{"count":8,"href":"https:\/\/admpg.com.br\/2020\/wp-json\/wp\/v2\/pages\/1942\/revisions"}],"predecessor-version":[{"id":3157,"href":"https:\/\/admpg.com.br\/2020\/wp-json\/wp\/v2\/pages\/1942\/revisions\/3157"}],"wp:attachment":[{"href":"https:\/\/admpg.com.br\/2020\/wp-json\/wp\/v2\/media?parent=1942"}],"curies":[{"name":"wp","href":"https:\/\/api.w.org\/{rel}","templated":true}]}}