{"id":1451,"date":"2018-02-26T13:24:17","date_gmt":"2018-02-26T13:24:17","guid":{"rendered":"http:\/\/admpg.com.br\/2020\/?page_id=1451"},"modified":"2018-02-26T13:42:23","modified_gmt":"2018-02-26T13:42:23","slug":"comissao-de-avaliacao","status":"publish","type":"page","link":"https:\/\/admpg.com.br\/2020\/comissao-de-avaliacao\/","title":{"rendered":"Comiss\u00e3o de Avalia\u00e7\u00e3o"},"content":{"rendered":"<p>Julgar\u00e1 os artigos de acordo com as normas pr\u00e9-estabelecidas, em conson\u00e2ncia com a \u00e1rea tem\u00e1tica, crit\u00e9rios para elabora\u00e7\u00e3o, qualidade e relev\u00e2ncia da pesquisa.<\/p>\n<p>N\u00e3o permutar\u00e1 artigos entre \u00c1reas Tem\u00e1ticas;<\/p>\n<p>Julgar\u00e1 somente os artigos que cumprirem as normas de formato e prazo;<\/p>\n<p>N\u00e3o ser\u00e3o permitidas substitui\u00e7\u00f5es de artigos.<\/p>\n","protected":false},"excerpt":{"rendered":"<p>Julgar\u00e1 os artigos de acordo com as normas pr\u00e9-estabelecidas, em conson\u00e2ncia com a \u00e1rea tem\u00e1tica, crit\u00e9rios para elabora\u00e7\u00e3o, qualidade e relev\u00e2ncia da pesquisa. N\u00e3o permutar\u00e1 artigos entre \u00c1reas Tem\u00e1ticas; Julgar\u00e1 somente os artigos que cumprirem as normas de formato e prazo; N\u00e3o ser\u00e3o permitidas substitui\u00e7\u00f5es de artigos.<\/p>\n","protected":false},"author":1,"featured_media":0,"parent":0,"menu_order":0,"comment_status":"closed","ping_status":"closed","template":"page-right-sidebar.php","meta":[],"yoast_head":"<!-- This site is optimized with the Yoast SEO plugin v19.10 - https:\/\/yoast.com\/wordpress\/plugins\/seo\/ -->\n<title>Comiss\u00e3o de Avalia\u00e7\u00e3o - ADM 2020<\/title>\n<meta name=\"robots\" content=\"index, follow, max-snippet:-1, max-image-preview:large, max-video-preview:-1\" \/>\n<link rel=\"canonical\" href=\"https:\/\/admpg.com.br\/2020\/comissao-de-avaliacao\/\" \/>\n<meta property=\"og:locale\" content=\"pt_BR\" \/>\n<meta property=\"og:type\" content=\"article\" \/>\n<meta property=\"og:title\" content=\"Comiss\u00e3o de Avalia\u00e7\u00e3o - ADM 2020\" \/>\n<meta property=\"og:description\" content=\"Julgar\u00e1 os artigos de acordo com as normas pr\u00e9-estabelecidas, em conson\u00e2ncia com a \u00e1rea tem\u00e1tica, crit\u00e9rios para elabora\u00e7\u00e3o, qualidade e relev\u00e2ncia da pesquisa. N\u00e3o permutar\u00e1 artigos entre \u00c1reas Tem\u00e1ticas; Julgar\u00e1 somente os artigos que cumprirem as normas de formato e prazo; N\u00e3o ser\u00e3o permitidas substitui\u00e7\u00f5es de artigos.\" \/>\n<meta property=\"og:url\" content=\"https:\/\/admpg.com.br\/2020\/comissao-de-avaliacao\/\" \/>\n<meta property=\"og:site_name\" content=\"ADM 2020\" \/>\n<meta property=\"article:modified_time\" content=\"2018-02-26T13:42:23+00:00\" \/>\n<meta name=\"twitter:card\" content=\"summary_large_image\" \/>\n<script type=\"application\/ld+json\" class=\"yoast-schema-graph\">{\"@context\":\"https:\/\/schema.org\",\"@graph\":[{\"@type\":\"WebPage\",\"@id\":\"https:\/\/admpg.com.br\/2020\/comissao-de-avaliacao\/\",\"url\":\"https:\/\/admpg.com.br\/2020\/comissao-de-avaliacao\/\",\"name\":\"Comiss\u00e3o de Avalia\u00e7\u00e3o - ADM 2020\",\"isPartOf\":{\"@id\":\"https:\/\/admpg.com.br\/2020\/#website\"},\"datePublished\":\"2018-02-26T13:24:17+00:00\",\"dateModified\":\"2018-02-26T13:42:23+00:00\",\"breadcrumb\":{\"@id\":\"https:\/\/admpg.com.br\/2020\/comissao-de-avaliacao\/#breadcrumb\"},\"inLanguage\":\"pt-BR\",\"potentialAction\":[{\"@type\":\"ReadAction\",\"target\":[\"https:\/\/admpg.com.br\/2020\/comissao-de-avaliacao\/\"]}]},{\"@type\":\"BreadcrumbList\",\"@id\":\"https:\/\/admpg.com.br\/2020\/comissao-de-avaliacao\/#breadcrumb\",\"itemListElement\":[{\"@type\":\"ListItem\",\"position\":1,\"name\":\"In\u00edcio\",\"item\":\"https:\/\/admpg.com.br\/2020\/\"},{\"@type\":\"ListItem\",\"position\":2,\"name\":\"Comiss\u00e3o de Avalia\u00e7\u00e3o\"}]},{\"@type\":\"WebSite\",\"@id\":\"https:\/\/admpg.com.br\/2020\/#website\",\"url\":\"https:\/\/admpg.com.br\/2020\/\",\"name\":\"ADM 2020\",\"description\":\"Congresso Internacional de Administra\u00e7\u00e3o 2019\",\"potentialAction\":[{\"@type\":\"SearchAction\",\"target\":{\"@type\":\"EntryPoint\",\"urlTemplate\":\"https:\/\/admpg.com.br\/2020\/?s={search_term_string}\"},\"query-input\":\"required name=search_term_string\"}],\"inLanguage\":\"pt-BR\"}]}<\/script>\n<!-- \/ Yoast SEO plugin. -->","yoast_head_json":{"title":"Comiss\u00e3o de Avalia\u00e7\u00e3o - ADM 2020","robots":{"index":"index","follow":"follow","max-snippet":"max-snippet:-1","max-image-preview":"max-image-preview:large","max-video-preview":"max-video-preview:-1"},"canonical":"https:\/\/admpg.com.br\/2020\/comissao-de-avaliacao\/","og_locale":"pt_BR","og_type":"article","og_title":"Comiss\u00e3o de Avalia\u00e7\u00e3o - ADM 2020","og_description":"Julgar\u00e1 os artigos de acordo com as normas pr\u00e9-estabelecidas, em conson\u00e2ncia com a \u00e1rea tem\u00e1tica, crit\u00e9rios para elabora\u00e7\u00e3o, qualidade e relev\u00e2ncia da pesquisa. N\u00e3o permutar\u00e1 artigos entre \u00c1reas Tem\u00e1ticas; Julgar\u00e1 somente os artigos que cumprirem as normas de formato e prazo; N\u00e3o ser\u00e3o permitidas substitui\u00e7\u00f5es de artigos.","og_url":"https:\/\/admpg.com.br\/2020\/comissao-de-avaliacao\/","og_site_name":"ADM 2020","article_modified_time":"2018-02-26T13:42:23+00:00","twitter_card":"summary_large_image","schema":{"@context":"https:\/\/schema.org","@graph":[{"@type":"WebPage","@id":"https:\/\/admpg.com.br\/2020\/comissao-de-avaliacao\/","url":"https:\/\/admpg.com.br\/2020\/comissao-de-avaliacao\/","name":"Comiss\u00e3o de Avalia\u00e7\u00e3o - ADM 2020","isPartOf":{"@id":"https:\/\/admpg.com.br\/2020\/#website"},"datePublished":"2018-02-26T13:24:17+00:00","dateModified":"2018-02-26T13:42:23+00:00","breadcrumb":{"@id":"https:\/\/admpg.com.br\/2020\/comissao-de-avaliacao\/#breadcrumb"},"inLanguage":"pt-BR","potentialAction":[{"@type":"ReadAction","target":["https:\/\/admpg.com.br\/2020\/comissao-de-avaliacao\/"]}]},{"@type":"BreadcrumbList","@id":"https:\/\/admpg.com.br\/2020\/comissao-de-avaliacao\/#breadcrumb","itemListElement":[{"@type":"ListItem","position":1,"name":"In\u00edcio","item":"https:\/\/admpg.com.br\/2020\/"},{"@type":"ListItem","position":2,"name":"Comiss\u00e3o de Avalia\u00e7\u00e3o"}]},{"@type":"WebSite","@id":"https:\/\/admpg.com.br\/2020\/#website","url":"https:\/\/admpg.com.br\/2020\/","name":"ADM 2020","description":"Congresso Internacional de Administra\u00e7\u00e3o 2019","potentialAction":[{"@type":"SearchAction","target":{"@type":"EntryPoint","urlTemplate":"https:\/\/admpg.com.br\/2020\/?s={search_term_string}"},"query-input":"required name=search_term_string"}],"inLanguage":"pt-BR"}]}},"_links":{"self":[{"href":"https:\/\/admpg.com.br\/2020\/wp-json\/wp\/v2\/pages\/1451"}],"collection":[{"href":"https:\/\/admpg.com.br\/2020\/wp-json\/wp\/v2\/pages"}],"about":[{"href":"https:\/\/admpg.com.br\/2020\/wp-json\/wp\/v2\/types\/page"}],"author":[{"embeddable":true,"href":"https:\/\/admpg.com.br\/2020\/wp-json\/wp\/v2\/users\/1"}],"replies":[{"embeddable":true,"href":"https:\/\/admpg.com.br\/2020\/wp-json\/wp\/v2\/comments?post=1451"}],"version-history":[{"count":1,"href":"https:\/\/admpg.com.br\/2020\/wp-json\/wp\/v2\/pages\/1451\/revisions"}],"predecessor-version":[{"id":1452,"href":"https:\/\/admpg.com.br\/2020\/wp-json\/wp\/v2\/pages\/1451\/revisions\/1452"}],"wp:attachment":[{"href":"https:\/\/admpg.com.br\/2020\/wp-json\/wp\/v2\/media?parent=1451"}],"curies":[{"name":"wp","href":"https:\/\/api.w.org\/{rel}","templated":true}]}}