{"id":1447,"date":"2018-02-26T13:23:21","date_gmt":"2018-02-26T13:23:21","guid":{"rendered":"http:\/\/admpg.com.br\/2020\/?page_id=1447"},"modified":"2018-05-09T22:02:42","modified_gmt":"2018-05-09T22:02:42","slug":"julgamento-dos-trabalhos","status":"publish","type":"page","link":"https:\/\/admpg.com.br\/2020\/julgamento-dos-trabalhos\/","title":{"rendered":"Julgamento dos Trabalhos"},"content":{"rendered":"<p>Todos os artigos ser\u00e3o objeto de um processo de double blind review, pelo que ao submeter o artigo na plataforma para avalia\u00e7\u00e3o este n\u00e3o pode conter qualquer refer\u00eancia que identifique os autores.<\/p>\n<p>Somente ser\u00e3o aceitos trabalhos <strong>in\u00e9ditos<\/strong>\u00a0com reda\u00e7\u00e3o e ortografia adequadas, pois a vers\u00e3o enviada ser\u00e1 definitiva;<\/p>\n<p>Ser\u00e3o aceitos trabalhos submetidos em portugu\u00eas, ingl\u00eas ou espanhol.<\/p>\n","protected":false},"excerpt":{"rendered":"<p>Todos os artigos ser\u00e3o objeto de um processo de double blind review, pelo que ao submeter o artigo na plataforma para avalia\u00e7\u00e3o este n\u00e3o pode conter qualquer refer\u00eancia que identifique os autores. Somente ser\u00e3o aceitos trabalhos in\u00e9ditos\u00a0com reda\u00e7\u00e3o e ortografia adequadas, pois a vers\u00e3o enviada ser\u00e1 definitiva; Ser\u00e3o aceitos trabalhos submetidos em portugu\u00eas, ingl\u00eas ou&nbsp;<\/p>\n<p><a class=\"btn btn-style\" href=\"https:\/\/admpg.com.br\/2020\/julgamento-dos-trabalhos\/\">Continue lendo<\/a><\/p>\n","protected":false},"author":1,"featured_media":0,"parent":0,"menu_order":0,"comment_status":"closed","ping_status":"closed","template":"page-right-sidebar.php","meta":[],"yoast_head":"<!-- This site is optimized with the Yoast SEO plugin v19.10 - https:\/\/yoast.com\/wordpress\/plugins\/seo\/ -->\n<title>Julgamento dos Trabalhos - ADM 2020<\/title>\n<meta name=\"robots\" content=\"index, follow, max-snippet:-1, max-image-preview:large, max-video-preview:-1\" \/>\n<link rel=\"canonical\" href=\"https:\/\/admpg.com.br\/2020\/julgamento-dos-trabalhos\/\" \/>\n<meta property=\"og:locale\" content=\"pt_BR\" \/>\n<meta property=\"og:type\" content=\"article\" \/>\n<meta property=\"og:title\" content=\"Julgamento dos Trabalhos - ADM 2020\" \/>\n<meta property=\"og:description\" content=\"Todos os artigos ser\u00e3o objeto de um processo de double blind review, pelo que ao submeter o artigo na plataforma para avalia\u00e7\u00e3o este n\u00e3o pode conter qualquer refer\u00eancia que identifique os autores. Somente ser\u00e3o aceitos trabalhos in\u00e9ditos\u00a0com reda\u00e7\u00e3o e ortografia adequadas, pois a vers\u00e3o enviada ser\u00e1 definitiva; Ser\u00e3o aceitos trabalhos submetidos em portugu\u00eas, ingl\u00eas ou&nbsp;Continue lendo\" \/>\n<meta property=\"og:url\" content=\"https:\/\/admpg.com.br\/2020\/julgamento-dos-trabalhos\/\" \/>\n<meta property=\"og:site_name\" content=\"ADM 2020\" \/>\n<meta property=\"article:modified_time\" content=\"2018-05-09T22:02:42+00:00\" \/>\n<meta name=\"twitter:card\" content=\"summary_large_image\" \/>\n<script type=\"application\/ld+json\" class=\"yoast-schema-graph\">{\"@context\":\"https:\/\/schema.org\",\"@graph\":[{\"@type\":\"WebPage\",\"@id\":\"https:\/\/admpg.com.br\/2020\/julgamento-dos-trabalhos\/\",\"url\":\"https:\/\/admpg.com.br\/2020\/julgamento-dos-trabalhos\/\",\"name\":\"Julgamento dos Trabalhos - ADM 2020\",\"isPartOf\":{\"@id\":\"https:\/\/admpg.com.br\/2020\/#website\"},\"datePublished\":\"2018-02-26T13:23:21+00:00\",\"dateModified\":\"2018-05-09T22:02:42+00:00\",\"breadcrumb\":{\"@id\":\"https:\/\/admpg.com.br\/2020\/julgamento-dos-trabalhos\/#breadcrumb\"},\"inLanguage\":\"pt-BR\",\"potentialAction\":[{\"@type\":\"ReadAction\",\"target\":[\"https:\/\/admpg.com.br\/2020\/julgamento-dos-trabalhos\/\"]}]},{\"@type\":\"BreadcrumbList\",\"@id\":\"https:\/\/admpg.com.br\/2020\/julgamento-dos-trabalhos\/#breadcrumb\",\"itemListElement\":[{\"@type\":\"ListItem\",\"position\":1,\"name\":\"In\u00edcio\",\"item\":\"https:\/\/admpg.com.br\/2020\/\"},{\"@type\":\"ListItem\",\"position\":2,\"name\":\"Julgamento dos Trabalhos\"}]},{\"@type\":\"WebSite\",\"@id\":\"https:\/\/admpg.com.br\/2020\/#website\",\"url\":\"https:\/\/admpg.com.br\/2020\/\",\"name\":\"ADM 2020\",\"description\":\"Congresso Internacional de Administra\u00e7\u00e3o 2019\",\"potentialAction\":[{\"@type\":\"SearchAction\",\"target\":{\"@type\":\"EntryPoint\",\"urlTemplate\":\"https:\/\/admpg.com.br\/2020\/?s={search_term_string}\"},\"query-input\":\"required name=search_term_string\"}],\"inLanguage\":\"pt-BR\"}]}<\/script>\n<!-- \/ Yoast SEO plugin. -->","yoast_head_json":{"title":"Julgamento dos Trabalhos - ADM 2020","robots":{"index":"index","follow":"follow","max-snippet":"max-snippet:-1","max-image-preview":"max-image-preview:large","max-video-preview":"max-video-preview:-1"},"canonical":"https:\/\/admpg.com.br\/2020\/julgamento-dos-trabalhos\/","og_locale":"pt_BR","og_type":"article","og_title":"Julgamento dos Trabalhos - ADM 2020","og_description":"Todos os artigos ser\u00e3o objeto de um processo de double blind review, pelo que ao submeter o artigo na plataforma para avalia\u00e7\u00e3o este n\u00e3o pode conter qualquer refer\u00eancia que identifique os autores. Somente ser\u00e3o aceitos trabalhos in\u00e9ditos\u00a0com reda\u00e7\u00e3o e ortografia adequadas, pois a vers\u00e3o enviada ser\u00e1 definitiva; Ser\u00e3o aceitos trabalhos submetidos em portugu\u00eas, ingl\u00eas ou&nbsp;Continue lendo","og_url":"https:\/\/admpg.com.br\/2020\/julgamento-dos-trabalhos\/","og_site_name":"ADM 2020","article_modified_time":"2018-05-09T22:02:42+00:00","twitter_card":"summary_large_image","schema":{"@context":"https:\/\/schema.org","@graph":[{"@type":"WebPage","@id":"https:\/\/admpg.com.br\/2020\/julgamento-dos-trabalhos\/","url":"https:\/\/admpg.com.br\/2020\/julgamento-dos-trabalhos\/","name":"Julgamento dos Trabalhos - ADM 2020","isPartOf":{"@id":"https:\/\/admpg.com.br\/2020\/#website"},"datePublished":"2018-02-26T13:23:21+00:00","dateModified":"2018-05-09T22:02:42+00:00","breadcrumb":{"@id":"https:\/\/admpg.com.br\/2020\/julgamento-dos-trabalhos\/#breadcrumb"},"inLanguage":"pt-BR","potentialAction":[{"@type":"ReadAction","target":["https:\/\/admpg.com.br\/2020\/julgamento-dos-trabalhos\/"]}]},{"@type":"BreadcrumbList","@id":"https:\/\/admpg.com.br\/2020\/julgamento-dos-trabalhos\/#breadcrumb","itemListElement":[{"@type":"ListItem","position":1,"name":"In\u00edcio","item":"https:\/\/admpg.com.br\/2020\/"},{"@type":"ListItem","position":2,"name":"Julgamento dos Trabalhos"}]},{"@type":"WebSite","@id":"https:\/\/admpg.com.br\/2020\/#website","url":"https:\/\/admpg.com.br\/2020\/","name":"ADM 2020","description":"Congresso Internacional de Administra\u00e7\u00e3o 2019","potentialAction":[{"@type":"SearchAction","target":{"@type":"EntryPoint","urlTemplate":"https:\/\/admpg.com.br\/2020\/?s={search_term_string}"},"query-input":"required name=search_term_string"}],"inLanguage":"pt-BR"}]}},"_links":{"self":[{"href":"https:\/\/admpg.com.br\/2020\/wp-json\/wp\/v2\/pages\/1447"}],"collection":[{"href":"https:\/\/admpg.com.br\/2020\/wp-json\/wp\/v2\/pages"}],"about":[{"href":"https:\/\/admpg.com.br\/2020\/wp-json\/wp\/v2\/types\/page"}],"author":[{"embeddable":true,"href":"https:\/\/admpg.com.br\/2020\/wp-json\/wp\/v2\/users\/1"}],"replies":[{"embeddable":true,"href":"https:\/\/admpg.com.br\/2020\/wp-json\/wp\/v2\/comments?post=1447"}],"version-history":[{"count":3,"href":"https:\/\/admpg.com.br\/2020\/wp-json\/wp\/v2\/pages\/1447\/revisions"}],"predecessor-version":[{"id":3159,"href":"https:\/\/admpg.com.br\/2020\/wp-json\/wp\/v2\/pages\/1447\/revisions\/3159"}],"wp:attachment":[{"href":"https:\/\/admpg.com.br\/2020\/wp-json\/wp\/v2\/media?parent=1447"}],"curies":[{"name":"wp","href":"https:\/\/api.w.org\/{rel}","templated":true}]}}